{"id":188810,"date":"2025-03-13T15:20:24","date_gmt":"2025-03-13T15:20:24","guid":{"rendered":"https:\/\/luxuryloftsinvenice.it\/visites-exclusives\/"},"modified":"2025-04-02T08:48:35","modified_gmt":"2025-04-02T08:48:35","slug":"visites-exclusives","status":"publish","type":"page","link":"https:\/\/luxuryloftsinvenice.it\/fr\/visites-exclusives\/","title":{"rendered":"Visites exclusives"},"content":{"rendered":"\t\t<div data-elementor-type=\"wp-page\" data-elementor-id=\"188810\" class=\"elementor elementor-188810 elementor-188513\" data-elementor-post-type=\"page\">\n\t\t\t\t\t\t<section class=\"elementor-section elementor-top-section elementor-element elementor-element-1f3f33dc elementor-section-boxed elementor-section-height-default elementor-section-height-default\" data-id=\"1f3f33dc\" data-element_type=\"section\">\n\t\t\t\t\t\t<div class=\"elementor-container elementor-column-gap-default\">\n\t\t\t\t\t<div class=\"aux-parallax-section elementor-column elementor-col-100 elementor-top-column elementor-element elementor-element-6014eb5f\" data-id=\"6014eb5f\" data-element_type=\"column\">\n\t\t\t<div class=\"elementor-widget-wrap elementor-element-populated\">\n\t\t\t\t\t\t<div class=\"elementor-element elementor-element-9c2e551 elementor-widget elementor-widget-heading\" data-id=\"9c2e551\" data-element_type=\"widget\" data-widget_type=\"heading.default\">\n\t\t\t\t<div class=\"elementor-widget-container\">\n\t\t\t\t\t<h1 class=\"elementor-heading-title elementor-size-default\">Exp\u00e9riences exclusives pour ceux qui s\u00e9journent dans les Luxury Lofts \u00e0 Venise<\/h1>\t\t\t\t<\/div>\n\t\t\t\t<\/div>\n\t\t\t\t<div class=\"elementor-element elementor-element-2dd4c50 elementor-widget elementor-widget-image\" data-id=\"2dd4c50\" data-element_type=\"widget\" data-widget_type=\"image.default\">\n\t\t\t\t<div class=\"elementor-widget-container\">\n\t\t\t\t\t\t\t\t\t\t\t\t\t\t\t<img fetchpriority=\"high\" decoding=\"async\" width=\"634\" height=\"900\" src=\"https:\/\/luxuryloftsinvenice.it\/wp-content\/uploads\/2025\/03\/VPBT2025HotelPoster1.png\" class=\"attachment-large size-large wp-image-188790\" alt=\"\" \/>\t\t\t\t\t\t\t\t\t\t\t\t\t\t\t<\/div>\n\t\t\t\t<\/div>\n\t\t\t\t<div class=\"elementor-element elementor-element-5d43ebc7 elementor-widget elementor-widget-text-editor\" data-id=\"5d43ebc7\" data-element_type=\"widget\" data-widget_type=\"text-editor.default\">\n\t\t\t\t<div class=\"elementor-widget-container\">\n\t\t\t\t\t\t\t\t\t<h2 style=\"text-align: center;\" data-start=\"109\" data-end=\"181\">\u200b<\/h2>\n<p data-start=\"183\" data-end=\"501\">S\u00e9journer aux <strong data-start=\"199\" data-end=\"225\">Luxury Lofts in Venice<\/strong> signifie vivre une exp\u00e9rience unique au c\u0153ur de la ville la plus romantique du monde. Pour rendre votre s\u00e9jour encore plus inoubliable, nous avons s\u00e9lectionn\u00e9 <strong data-start=\"390\" data-end=\"435\">les meilleures activit\u00e9s touristiques \u00e0 Venise<\/strong>, parmi des tours exclusifs, des exp\u00e9riences culinaires et des parcours culturels. <\/p>\n<h2 data-start=\"503\" data-end=\"581\"><strong data-start=\"506\" data-end=\"574\">1. Tour exclusif en bateau priv\u00e9 avec Venice Private Boat Tours<\/strong><\/h2>\n<p><a href=\"https:\/\/venice-private-boat-tours.com\/\"><img decoding=\"async\" class=\"aligncenter wp-image-188545\" src=\"https:\/\/luxuryloftsinvenice.it\/wp-content\/uploads\/2025\/03\/WhatsApp-Image-2025-03-14-at-14.41.41-1024x900.jpeg\" alt=\"\" width=\"750\" height=\"373\" srcset=\"https:\/\/luxuryloftsinvenice.it\/wp-content\/uploads\/2025\/03\/WhatsApp-Image-2025-03-14-at-14.41.41-1536x763.jpeg 1536w, https:\/\/luxuryloftsinvenice.it\/wp-content\/uploads\/2025\/03\/WhatsApp-Image-2025-03-14-at-14.41.41.jpeg 1812w\" sizes=\"(max-width: 750px) 100vw, 750px\" \/><\/a><\/p>\n<p style=\"text-align: center;\" data-start=\"583\" data-end=\"834\">Cliquez sur l\u2019image pour visiter leur site<\/p>\n<p data-start=\"583\" data-end=\"834\">D\u00e9couvrez Venise sous un tout nouvel angle gr\u00e2ce \u00e0 <strong data-start=\"648\" data-end=\"723\"><a href=\"https:\/\/www.venice-private-boat-tours.com\/\" target=\"_new\" rel=\"noopener\" data-start=\"650\" data-end=\"721\">Venice Private Boat Tours<\/a><\/strong>, un service haut de gamme qui vous permet d\u2019explorer la ville \u00e0 bord d\u2019un \u00e9l\u00e9gant bateau priv\u00e9 avec skipper.<\/p>\n<p data-start=\"836\" data-end=\"1577\"><strong data-start=\"839\" data-end=\"862\">Itinerari su misura<\/strong>: Scegliete tra diversi percorsi, come il tour delle isole di <strong data-start=\"924\" data-end=\"953\">Murano, Burano e Torcello<\/strong>, o un romantico aperitivo al tramonto in laguna.<br data-start=\"1047\" data-end=\"1050\"><strong data-start=\"1053\" data-end=\"1072\">Comfort e lusso<\/strong>: Le imbarcazioni offrono il massimo del comfort, con sedili eleganti, ombra nei mesi estivi e la possibilit\u00e0 di personalizzare la vostra esperienza con Prosecco e snack gourmet.<br data-start=\"1251\" data-end=\"1254\"><strong data-start=\"1257\" data-end=\"1282\">Esclusivit\u00e0 e privacy<\/strong>: Perfetto per coppie, gruppi di amici o famiglie che vogliono godersi <strong data-start=\"1353\" data-end=\"1384\">Venezia lontano dalla folla<\/strong>, in totale relax.<br data-start=\"1402\" data-end=\"1405\"><\/p>\n<p data-start=\"1579\" data-end=\"1706\"><strong data-start=\"1582\" data-end=\"1629\">Prenotate ora il vostro tour personalizzato<\/strong> <a href=\"https:\/\/www.venice-private-boat-tours.com\/\" target=\"_new\" rel=\"noopener\" data-start=\"1633\" data-end=\"1704\">Venice Private Boat Tours<\/a><\/p>\n<h2 data-start=\"1713\" data-end=\"1773\"><strong data-start=\"1716\" data-end=\"1767\">2. Tours priv\u00e9s et visites guid\u00e9es personnalis\u00e9es<\/strong><\/h2>\n<p data-start=\"1775\" data-end=\"1919\">D\u00e9couvrez Venise avec un guide touristique expert qui vous fera explorer les merveilles de la ville, des monuments embl\u00e9matiques aux tr\u00e9sors cach\u00e9s.<\/p>\n<p data-start=\"1921\" data-end=\"2315\">\u2714\ufe0f <strong data-start=\"1924\" data-end=\"1954\">Tour de la Venise secr\u00e8te <\/strong>: Itin\u00e9raires hors des sentiers battus, entre ruelles myst\u00e9rieuses et l\u00e9gendes fascinantes.<br data-start=\"2050\" data-end=\"2053\">\u2714\ufe0f <strong data-start=\"2056\" data-end=\"2107\">Visites du Palais des Doges et de la Basilique Saint-Marc<\/strong> : \u00c9vitez les files d\u2019attente et d\u00e9couvrez les secrets de la S\u00e9r\u00e9nissime avec un guide exp\u00e9riment\u00e9.<br data-start=\"2182\" data-end=\"2185\">\u2714\ufe0f <strong data-start=\"2188\" data-end=\"2218\">Tour photographique \u00e0 Venise :<\/strong> Parfait pour capturer la ville aux heures les plus magiques, \u00e0 l\u2019aube ou au cr\u00e9puscule.<\/p>\n<h2 data-start=\"2322\" data-end=\"2382\"><strong data-start=\"2325\" data-end=\"2375\">3. Exp\u00e9riences culinaires et d\u00e9gustations gastronomiques<\/strong><\/h2>\n<p data-start=\"2384\" data-end=\"2465\">Un voyage \u00e0 Venise ne serait pas complet sans une exp\u00e9rience gastronomique authentique.<\/p>\n<p data-start=\"2467\" data-end=\"2917\"><strong data-start=\"2470\" data-end=\"2501\">Tour des bacari et cicchetti<\/strong> : D\u00e9couvrez les meilleures osterias v\u00e9nitiennes et d\u00e9gustez des vins locaux accompagn\u00e9s de d\u00e9licieux cicchetti.<br data-start=\"2598\" data-end=\"2601\"><strong data-start=\"2607\" data-end=\"2638\">Cours de cuisine v\u00e9nitienne<\/strong> : Apprenez \u00e0 cuisiner des plats typiques comme le risotto \u00e0 l\u2019encre de seiche ou les sarde in saor directement dans votre loft avec un chef priv\u00e9.<br data-start=\"2772\" data-end=\"2775\"><strong data-start=\"2779\" data-end=\"2814\">D\u00eener exclusif avec chef priv\u00e9<\/strong> : Une exp\u00e9rience gastronomique raffin\u00e9e directement dans votre h\u00e9bergement, avec des plats sur mesure pr\u00e9par\u00e9s rien que pour vous.<\/p>\n<h2 data-start=\"2924\" data-end=\"2964\"><strong data-start=\"2927\" data-end=\"2959\">4. Giro in gondola romantico \u2764\ufe0f<\/strong><\/h2>\n<p data-start=\"2966\" data-end=\"3078\">Un incontournable pour tout visiteur de Venise : laissez-vous bercer par les eaux des canaux \u00e0 bord d\u2019une gondole traditionnelle.<\/p>\n<p data-start=\"3080\" data-end=\"3265\"><strong data-start=\"3082\" data-end=\"3110\">Balade priv\u00e9e au coucher du soleil<\/strong> avec un musicien \u00e0 bord pour une exp\u00e9rience encore plus magique.<br data-start=\"3169\" data-end=\"3172\"><strong data-start=\"3175\" data-end=\"3205\">Tour nocturne \u00e0 travers les canaux <\/strong>pour admirer Venise illumin\u00e9e dans toute sa splendeur.<\/p>\n<h2 data-start=\"3272\" data-end=\"3338\"><strong data-start=\"3275\" data-end=\"3333\">5. Visites des ateliers artisanaux de Murano et Burano<\/strong><\/h2>\n<p data-start=\"3340\" data-end=\"3577\"><strong data-start=\"3343\" data-end=\"3374\">Tour des fours de Murano<\/strong> : Observez les ma\u00eetres verriers \u00e0 l\u2019\u0153uvre et d\u00e9couvrez les secrets de la c\u00e9l\u00e8bre verrerie souffl\u00e9e.<br data-start=\"3461\" data-end=\"3464\"><strong data-start=\"3467\" data-end=\"3502\">Exp\u00e9rience de dentelle \u00e0 Burano <\/strong>: Visitez les ateliers historiques et apprenez les secrets d\u2019un art ancestral.<\/p>\n<h2 data-start=\"3584\" data-end=\"3638\"><strong data-start=\"3587\" data-end=\"3633\">6. \u00c9v\u00e9nements culturels et spectacles \u00e0 Venise<\/strong><\/h2>\n<p data-start=\"3640\" data-end=\"3809\"><strong data-start=\"3643\" data-end=\"3677\">Concerts et spectacles de th\u00e9\u00e2tre <\/strong>dans les plus prestigieux th\u00e9\u00e2tres de Venise.<br data-start=\"3716\" data-end=\"3719\"><strong data-start=\"3723\" data-end=\"3754\">Expositions d\u2019art et mus\u00e9es <\/strong>dans les galeries et institutions les plus renomm\u00e9es de la ville.<\/p>\n<h2 data-start=\"3816\" data-end=\"3877\"><strong data-start=\"3819\" data-end=\"3869\">7. D\u00e9tente et bien-\u00eatre directement dans votre Loft \u200d<\/strong><\/h2>\n<p data-start=\"3879\" data-end=\"4003\">D\u00e9tendez-vous avec <strong>des<\/strong> <strong data-start=\"3904\" data-end=\"3926\">massages en chambre<\/strong>, des s\u00e9ances de <strong data-start=\"3940\" data-end=\"3963\">yoga personnalis\u00e9es<\/strong> et des soins bien-\u00eatre sur demande.<\/p>\n<h3 data-start=\"4010\" data-end=\"4102\"><strong data-start=\"4014\" data-end=\"4100\">R\u00e9servez votre s\u00e9jour aux Luxury Lofts in Venice et vivez une exp\u00e9rience de r\u00eave !<\/strong><\/h3>\n<p data-start=\"4104\" data-end=\"4188\"><strong data-start=\"4107\" data-end=\"4186\">D\u00e9couvrez-en plus sur <a href=\"https:\/\/luxuryloftsinvenice.it\/#\" target=\"_new\" rel=\"noopener\" data-start=\"4126\" data-end=\"4184\">Luxury Lofts in Venice<\/a><\/strong><\/p>\n\t\t\t\t\t\t\t\t<\/div>\n\t\t\t\t<\/div>\n\t\t\t\t\t<\/div>\n\t\t<\/div>\n\t\t\t\t\t<\/div>\n\t\t<\/section>\n\t\t\t\t<\/div>\n\t\t","protected":false},"excerpt":{"rendered":"<p>Exp\u00e9riences exclusives pour ceux qui s\u00e9journent dans les Luxury Lofts \u00e0 Venise \u200b S\u00e9journer aux Luxury Lofts in Venice signifie vivre une exp\u00e9rience unique au c\u0153ur de la ville la plus romantique du monde. Pour rendre votre s\u00e9jour encore plus inoubliable, nous avons s\u00e9lectionn\u00e9 les meilleures activit\u00e9s touristiques \u00e0 Venise, parmi des tours exclusifs, des [&hellip;]<\/p>\n","protected":false},"author":1,"featured_media":0,"parent":0,"menu_order":0,"comment_status":"closed","ping_status":"closed","template":"","meta":{"_acf_changed":false,"footnotes":""},"class_list":["post-188810","page","type-page","status-publish","hentry"],"acf":[],"yoast_head":"<!-- This site is optimized with the Yoast SEO plugin v26.0 - https:\/\/yoast.com\/wordpress\/plugins\/seo\/ -->\n<title>Visites exclusives - Luxury Lofts in Venice<\/title>\n<meta name=\"robots\" content=\"index, follow, max-snippet:-1, max-image-preview:large, max-video-preview:-1\" \/>\n<link rel=\"canonical\" href=\"https:\/\/luxuryloftsinvenice.it\/fr\/visites-exclusives\/\" \/>\n<meta property=\"og:locale\" content=\"fr_FR\" \/>\n<meta property=\"og:type\" content=\"article\" \/>\n<meta property=\"og:title\" content=\"Visites exclusives - Luxury Lofts in Venice\" \/>\n<meta property=\"og:description\" content=\"Exp\u00e9riences exclusives pour ceux qui s\u00e9journent dans les Luxury Lofts \u00e0 Venise \u200b S\u00e9journer aux Luxury Lofts in Venice signifie vivre une exp\u00e9rience unique au c\u0153ur de la ville la plus romantique du monde. Pour rendre votre s\u00e9jour encore plus inoubliable, nous avons s\u00e9lectionn\u00e9 les meilleures activit\u00e9s touristiques \u00e0 Venise, parmi des tours exclusifs, des [&hellip;]\" \/>\n<meta property=\"og:url\" content=\"https:\/\/luxuryloftsinvenice.it\/fr\/visites-exclusives\/\" \/>\n<meta property=\"og:site_name\" content=\"Luxury Lofts in Venice\" \/>\n<meta property=\"article:modified_time\" content=\"2025-04-02T08:48:35+00:00\" \/>\n<meta property=\"og:image\" content=\"https:\/\/luxuryloftsinvenice.it\/wp-content\/uploads\/2025\/03\/VPBT2025HotelPoster1.png\" \/>\n\t<meta property=\"og:image:width\" content=\"634\" \/>\n\t<meta property=\"og:image:height\" content=\"900\" \/>\n\t<meta property=\"og:image:type\" content=\"image\/png\" \/>\n<meta name=\"twitter:card\" content=\"summary_large_image\" \/>\n<meta name=\"twitter:label1\" content=\"Dur\u00e9e de lecture estim\u00e9e\" \/>\n\t<meta name=\"twitter:data1\" content=\"3 minutes\" \/>\n<script type=\"application\/ld+json\" class=\"yoast-schema-graph\">{\"@context\":\"https:\/\/schema.org\",\"@graph\":[{\"@type\":\"WebPage\",\"@id\":\"https:\/\/luxuryloftsinvenice.it\/fr\/visites-exclusives\/\",\"url\":\"https:\/\/luxuryloftsinvenice.it\/fr\/visites-exclusives\/\",\"name\":\"Visites exclusives - Luxury Lofts in Venice\",\"isPartOf\":{\"@id\":\"https:\/\/luxuryloftsinvenice.it\/fr\/#website\"},\"primaryImageOfPage\":{\"@id\":\"https:\/\/luxuryloftsinvenice.it\/fr\/visites-exclusives\/#primaryimage\"},\"image\":{\"@id\":\"https:\/\/luxuryloftsinvenice.it\/fr\/visites-exclusives\/#primaryimage\"},\"thumbnailUrl\":\"https:\/\/luxuryloftsinvenice.it\/wp-content\/uploads\/2025\/03\/VPBT2025HotelPoster1.png\",\"datePublished\":\"2025-03-13T15:20:24+00:00\",\"dateModified\":\"2025-04-02T08:48:35+00:00\",\"breadcrumb\":{\"@id\":\"https:\/\/luxuryloftsinvenice.it\/fr\/visites-exclusives\/#breadcrumb\"},\"inLanguage\":\"fr-FR\",\"potentialAction\":[{\"@type\":\"ReadAction\",\"target\":[\"https:\/\/luxuryloftsinvenice.it\/fr\/visites-exclusives\/\"]}]},{\"@type\":\"ImageObject\",\"inLanguage\":\"fr-FR\",\"@id\":\"https:\/\/luxuryloftsinvenice.it\/fr\/visites-exclusives\/#primaryimage\",\"url\":\"https:\/\/luxuryloftsinvenice.it\/wp-content\/uploads\/2025\/03\/VPBT2025HotelPoster1.png\",\"contentUrl\":\"https:\/\/luxuryloftsinvenice.it\/wp-content\/uploads\/2025\/03\/VPBT2025HotelPoster1.png\"},{\"@type\":\"BreadcrumbList\",\"@id\":\"https:\/\/luxuryloftsinvenice.it\/fr\/visites-exclusives\/#breadcrumb\",\"itemListElement\":[{\"@type\":\"ListItem\",\"position\":1,\"name\":\"Home\",\"item\":\"https:\/\/luxuryloftsinvenice.it\/fr\/\"},{\"@type\":\"ListItem\",\"position\":2,\"name\":\"Visites exclusives\"}]},{\"@type\":\"WebSite\",\"@id\":\"https:\/\/luxuryloftsinvenice.it\/fr\/#website\",\"url\":\"https:\/\/luxuryloftsinvenice.it\/fr\/\",\"name\":\"Luxury Lofts in Venice\",\"description\":\"Appartamenti a Venezia\",\"publisher\":{\"@id\":\"https:\/\/luxuryloftsinvenice.it\/fr\/#organization\"},\"potentialAction\":[{\"@type\":\"SearchAction\",\"target\":{\"@type\":\"EntryPoint\",\"urlTemplate\":\"https:\/\/luxuryloftsinvenice.it\/fr\/?s={search_term_string}\"},\"query-input\":{\"@type\":\"PropertyValueSpecification\",\"valueRequired\":true,\"valueName\":\"search_term_string\"}}],\"inLanguage\":\"fr-FR\"},{\"@type\":\"Organization\",\"@id\":\"https:\/\/luxuryloftsinvenice.it\/fr\/#organization\",\"name\":\"Luxury Lofts in Venice\",\"url\":\"https:\/\/luxuryloftsinvenice.it\/fr\/\",\"logo\":{\"@type\":\"ImageObject\",\"inLanguage\":\"fr-FR\",\"@id\":\"https:\/\/luxuryloftsinvenice.it\/fr\/#\/schema\/logo\/image\/\",\"url\":\"https:\/\/luxuryloftsinvenice.it\/wp-content\/uploads\/2019\/09\/luxuryinvenice_end.png\",\"contentUrl\":\"https:\/\/luxuryloftsinvenice.it\/wp-content\/uploads\/2019\/09\/luxuryinvenice_end.png\",\"width\":583,\"height\":292,\"caption\":\"Luxury Lofts in Venice\"},\"image\":{\"@id\":\"https:\/\/luxuryloftsinvenice.it\/fr\/#\/schema\/logo\/image\/\"}}]}<\/script>\n<!-- \/ Yoast SEO plugin. -->","yoast_head_json":{"title":"Visites exclusives - Luxury Lofts in Venice","robots":{"index":"index","follow":"follow","max-snippet":"max-snippet:-1","max-image-preview":"max-image-preview:large","max-video-preview":"max-video-preview:-1"},"canonical":"https:\/\/luxuryloftsinvenice.it\/fr\/visites-exclusives\/","og_locale":"fr_FR","og_type":"article","og_title":"Visites exclusives - Luxury Lofts in Venice","og_description":"Exp\u00e9riences exclusives pour ceux qui s\u00e9journent dans les Luxury Lofts \u00e0 Venise \u200b S\u00e9journer aux Luxury Lofts in Venice signifie vivre une exp\u00e9rience unique au c\u0153ur de la ville la plus romantique du monde. Pour rendre votre s\u00e9jour encore plus inoubliable, nous avons s\u00e9lectionn\u00e9 les meilleures activit\u00e9s touristiques \u00e0 Venise, parmi des tours exclusifs, des [&hellip;]","og_url":"https:\/\/luxuryloftsinvenice.it\/fr\/visites-exclusives\/","og_site_name":"Luxury Lofts in Venice","article_modified_time":"2025-04-02T08:48:35+00:00","og_image":[{"width":634,"height":900,"url":"https:\/\/luxuryloftsinvenice.it\/wp-content\/uploads\/2025\/03\/VPBT2025HotelPoster1.png","type":"image\/png"}],"twitter_card":"summary_large_image","twitter_misc":{"Dur\u00e9e de lecture estim\u00e9e":"3 minutes"},"schema":{"@context":"https:\/\/schema.org","@graph":[{"@type":"WebPage","@id":"https:\/\/luxuryloftsinvenice.it\/fr\/visites-exclusives\/","url":"https:\/\/luxuryloftsinvenice.it\/fr\/visites-exclusives\/","name":"Visites exclusives - Luxury Lofts in Venice","isPartOf":{"@id":"https:\/\/luxuryloftsinvenice.it\/fr\/#website"},"primaryImageOfPage":{"@id":"https:\/\/luxuryloftsinvenice.it\/fr\/visites-exclusives\/#primaryimage"},"image":{"@id":"https:\/\/luxuryloftsinvenice.it\/fr\/visites-exclusives\/#primaryimage"},"thumbnailUrl":"https:\/\/luxuryloftsinvenice.it\/wp-content\/uploads\/2025\/03\/VPBT2025HotelPoster1.png","datePublished":"2025-03-13T15:20:24+00:00","dateModified":"2025-04-02T08:48:35+00:00","breadcrumb":{"@id":"https:\/\/luxuryloftsinvenice.it\/fr\/visites-exclusives\/#breadcrumb"},"inLanguage":"fr-FR","potentialAction":[{"@type":"ReadAction","target":["https:\/\/luxuryloftsinvenice.it\/fr\/visites-exclusives\/"]}]},{"@type":"ImageObject","inLanguage":"fr-FR","@id":"https:\/\/luxuryloftsinvenice.it\/fr\/visites-exclusives\/#primaryimage","url":"https:\/\/luxuryloftsinvenice.it\/wp-content\/uploads\/2025\/03\/VPBT2025HotelPoster1.png","contentUrl":"https:\/\/luxuryloftsinvenice.it\/wp-content\/uploads\/2025\/03\/VPBT2025HotelPoster1.png"},{"@type":"BreadcrumbList","@id":"https:\/\/luxuryloftsinvenice.it\/fr\/visites-exclusives\/#breadcrumb","itemListElement":[{"@type":"ListItem","position":1,"name":"Home","item":"https:\/\/luxuryloftsinvenice.it\/fr\/"},{"@type":"ListItem","position":2,"name":"Visites exclusives"}]},{"@type":"WebSite","@id":"https:\/\/luxuryloftsinvenice.it\/fr\/#website","url":"https:\/\/luxuryloftsinvenice.it\/fr\/","name":"Luxury Lofts in Venice","description":"Appartamenti a Venezia","publisher":{"@id":"https:\/\/luxuryloftsinvenice.it\/fr\/#organization"},"potentialAction":[{"@type":"SearchAction","target":{"@type":"EntryPoint","urlTemplate":"https:\/\/luxuryloftsinvenice.it\/fr\/?s={search_term_string}"},"query-input":{"@type":"PropertyValueSpecification","valueRequired":true,"valueName":"search_term_string"}}],"inLanguage":"fr-FR"},{"@type":"Organization","@id":"https:\/\/luxuryloftsinvenice.it\/fr\/#organization","name":"Luxury Lofts in Venice","url":"https:\/\/luxuryloftsinvenice.it\/fr\/","logo":{"@type":"ImageObject","inLanguage":"fr-FR","@id":"https:\/\/luxuryloftsinvenice.it\/fr\/#\/schema\/logo\/image\/","url":"https:\/\/luxuryloftsinvenice.it\/wp-content\/uploads\/2019\/09\/luxuryinvenice_end.png","contentUrl":"https:\/\/luxuryloftsinvenice.it\/wp-content\/uploads\/2019\/09\/luxuryinvenice_end.png","width":583,"height":292,"caption":"Luxury Lofts in Venice"},"image":{"@id":"https:\/\/luxuryloftsinvenice.it\/fr\/#\/schema\/logo\/image\/"}}]}},"_links":{"self":[{"href":"https:\/\/luxuryloftsinvenice.it\/fr\/wp-json\/wp\/v2\/pages\/188810","targetHints":{"allow":["GET"]}}],"collection":[{"href":"https:\/\/luxuryloftsinvenice.it\/fr\/wp-json\/wp\/v2\/pages"}],"about":[{"href":"https:\/\/luxuryloftsinvenice.it\/fr\/wp-json\/wp\/v2\/types\/page"}],"author":[{"embeddable":true,"href":"https:\/\/luxuryloftsinvenice.it\/fr\/wp-json\/wp\/v2\/users\/1"}],"replies":[{"embeddable":true,"href":"https:\/\/luxuryloftsinvenice.it\/fr\/wp-json\/wp\/v2\/comments?post=188810"}],"version-history":[{"count":1,"href":"https:\/\/luxuryloftsinvenice.it\/fr\/wp-json\/wp\/v2\/pages\/188810\/revisions"}],"predecessor-version":[{"id":188811,"href":"https:\/\/luxuryloftsinvenice.it\/fr\/wp-json\/wp\/v2\/pages\/188810\/revisions\/188811"}],"wp:attachment":[{"href":"https:\/\/luxuryloftsinvenice.it\/fr\/wp-json\/wp\/v2\/media?parent=188810"}],"curies":[{"name":"wp","href":"https:\/\/api.w.org\/{rel}","templated":true}]}}