{"id":181012,"date":"2023-02-01T14:00:04","date_gmt":"2023-02-01T14:00:04","guid":{"rendered":"https:\/\/luxuryloftsinvenice.it\/politique-en-matiere-de-cookies\/"},"modified":"2023-02-01T14:00:04","modified_gmt":"2023-02-01T14:00:04","slug":"politique-en-matiere-de-cookies","status":"publish","type":"page","link":"https:\/\/luxuryloftsinvenice.it\/fr\/politique-en-matiere-de-cookies\/","title":{"rendered":"Politique en mati\u00e8re de cookies"},"content":{"rendered":"<h2>\u00c0 propos de cette politique en mati\u00e8re de cookies<\/h2>\n<p>La pr\u00e9sente politique en mati\u00e8re de cookies explique ce que sont les cookies et comment nous les utilisons, les types de cookies que nous utilisons, les informations que nous recueillons \u00e0 l&rsquo;aide des cookies et la mani\u00e8re dont ces informations sont utilis\u00e9es, ainsi que la mani\u00e8re de contr\u00f4ler vos pr\u00e9f\u00e9rences en mati\u00e8re de cookies. Pour plus d&rsquo;informations sur la mani\u00e8re dont nous utilisons, stockons et prot\u00e9geons vos donn\u00e9es personnelles, veuillez consulter notre politique de confidentialit\u00e9.<\/p>\n<p>Vous pouvez modifier ou r\u00e9voquer votre consentement \u00e0 tout moment en consultant la d\u00e9claration relative aux cookies sur notre site web.<br \/>\nPour en savoir plus sur qui nous sommes, comment vous pouvez nous contacter et comment nous traitons les donn\u00e9es personnelles, consultez notre politique de confidentialit\u00e9.<\/p>\n<p>Votre consentement s&rsquo;applique aux domaines suivants : www.luxuryloftsinvenice.it<\/p>\n<p><a class=\"cky-banner-element\">Pr\u00e9f\u00e9rences en mati\u00e8re de cookies<\/a><\/p>\n<h2>Qu&rsquo;est-ce qu&rsquo;un biscuit ?<\/h2>\n<div>Les cookies sont de petits fichiers texte utilis\u00e9s pour stocker de petits \u00e9l\u00e9ments d&rsquo;information. Ils sont stock\u00e9s sur votre appareil lorsque le site web est charg\u00e9 sur votre navigateur. Ces cookies nous aident \u00e0 faire fonctionner le site web correctement, \u00e0 le rendre plus s\u00fbr, \u00e0 offrir une meilleure exp\u00e9rience \u00e0 l&rsquo;utilisateur, \u00e0 comprendre comment le site web fonctionne et \u00e0 analyser ce qui fonctionne et ce qui doit \u00eatre am\u00e9lior\u00e9.<\/div>\n<h2>Comment utilisons-nous les cookies ?<\/h2>\n<div>\n<p>Comme la plupart des services en ligne, notre site web utilise des cookies propri\u00e9taires et de tiers \u00e0 des fins diff\u00e9rentes. Les cookies propri\u00e9taires sont essentiellement n\u00e9cessaires au bon fonctionnement du site web et ne collectent aucune de vos informations personnelles identifiables.<\/p>\n<p>Les cookies tiers utilis\u00e9s sur notre site web servent principalement \u00e0 comprendre comment le site web fonctionne, comment vous interagissez avec notre site web, \u00e0 assurer la s\u00e9curit\u00e9 de nos services, \u00e0 vous fournir des publicit\u00e9s pertinentes et, dans l&rsquo;ensemble, \u00e0 vous offrir une exp\u00e9rience utilisateur meilleure et am\u00e9lior\u00e9e et \u00e0 acc\u00e9l\u00e9rer vos interactions futures avec notre site web.<\/p>\n<\/div>\n<h2>Quels types de cookies utilisons-nous ?<\/h2>\n<div class=\"cky-audit-table-element\"><\/div>\n<h2>Comment g\u00e9rer ses pr\u00e9f\u00e9rences et donner ou r\u00e9voquer son consentement ?<\/h2>\n<p>Il existe plusieurs fa\u00e7ons de g\u00e9rer vos pr\u00e9f\u00e9rences en mati\u00e8re d&rsquo;outils de suivi et de donner ou de retirer votre consentement, le cas \u00e9ch\u00e9ant :<br \/>\nLes utilisateurs peuvent g\u00e9rer leurs pr\u00e9f\u00e9rences en mati\u00e8re d&rsquo;outils de suivi directement via les param\u00e8tres de leur appareil &#8211; par exemple, ils peuvent emp\u00eacher l&rsquo;utilisation ou le stockage d&rsquo;outils de suivi.<br \/>\nEn outre, lorsque l&rsquo;utilisation des outils de suivi d\u00e9pend du consentement, l&rsquo;utilisateur peut donner ou r\u00e9voquer ce consentement en d\u00e9finissant ses pr\u00e9f\u00e9rences dans le cadre de la politique en mati\u00e8re de cookies ou en mettant \u00e0 jour ces pr\u00e9f\u00e9rences via le widget des param\u00e8tres de suivi, le cas \u00e9ch\u00e9ant.<br \/>\nIl est \u00e9galement possible de supprimer les outils de suivi pr\u00e9c\u00e9demment enregistr\u00e9s au moyen de fonctions sp\u00e9ciales du navigateur ou de l&rsquo;appareil.<br \/>\nLes autres outils de tra\u00e7age pr\u00e9sents dans la m\u00e9moire locale du navigateur peuvent \u00eatre supprim\u00e9s en effa\u00e7ant l&rsquo;historique de navigation.<br \/>\nEn ce qui concerne les outils de suivi de tiers, les utilisateurs peuvent g\u00e9rer leurs pr\u00e9f\u00e9rences et r\u00e9voquer leur consentement en visitant le lien d&rsquo;exclusion correspondant (s&rsquo;il existe), en utilisant les outils d\u00e9crits dans la politique de confidentialit\u00e9 du tiers ou en contactant directement le tiers.<br \/>\nLocalisation des param\u00e8tres relatifs aux outils de suivi Les utilisateurs peuvent, par exemple, trouver des informations sur la mani\u00e8re de g\u00e9rer les cookies dans certains des navigateurs les plus populaires aux adresses suivantes :<\/p>\n<ul>\n<li><a href=\"https:\/\/support.google.com\/chrome\/answer\/95647?hl=it&amp;p=cpn_cookies\" target=\"_blank\" rel=\"noopener\">Google Chrome<\/a><\/li>\n<li><a href=\"https:\/\/support.mozilla.org\/it\/kb\/protezione-antitracciamento-avanzata-firefox-desktop?redirectslug=Attivare+e+disattivare+i+cookie&amp;redirectlocale=it\" target=\"_blank\" rel=\"noopener\">Mozilla Firefox<\/a><\/li>\n<li><a href=\"https:\/\/support.apple.com\/it-it\/guide\/safari\/sfri11471\/mac\" target=\"_blank\" rel=\"noopener\">Apple Safari<\/a><\/li>\n<li><a href=\"https:\/\/support.microsoft.com\/it-it\/windows\/eliminare-e-gestire-i-cookie-168dab11-0753-043d-7c16-ede5947fc64d\" target=\"_blank\" rel=\"noopener\">Microsoft Internet Explorer<\/a><\/li>\n<li><a href=\"https:\/\/support.microsoft.com\/it-it\/microsoft-edge\/eliminare-i-cookie-in-microsoft-edge-63947406-40ac-c3b8-57b9-2a946a29ae09\" target=\"_blank\" rel=\"noopener\">Microsoft Edge<\/a><\/li>\n<li><a href=\"https:\/\/support.brave.com\/hc\/en-us\/articles\/360022806212-How-do-I-use-Shields-while-browsing\" target=\"_blank\" rel=\"noopener\">Courageux<\/a><\/li>\n<li><a href=\"https:\/\/help.opera.com\/en\/latest\/web-preferences\/#cookies\" target=\"_blank\" rel=\"noopener\">Op\u00e9ra<\/a><\/li>\n<\/ul>\n<p><\/p>\n<p>Les utilisateurs peuvent \u00e9galement g\u00e9rer certains outils de suivi des applications mobiles en les d\u00e9sactivant via les param\u00e8tres appropri\u00e9s de l&rsquo;appareil, tels que les param\u00e8tres de publicit\u00e9 mobile ou les param\u00e8tres de suivi en g\u00e9n\u00e9ral (les utilisateurs peuvent consulter les param\u00e8tres de leur appareil pour trouver le param\u00e8tre appropri\u00e9).<br \/>\nComment d\u00e9sactiver la publicit\u00e9 bas\u00e9e sur les int\u00e9r\u00eats Nonobstant ce qui pr\u00e9c\u00e8de, les utilisateurs sont inform\u00e9s de la possibilit\u00e9 d&rsquo;utiliser les informations sur YourOnlineChoices (UE), Network Advertising Initiative (USA) et Digital Advertising Alliance (USA), DAAC (Canada), DDAI (Japon) ou d&rsquo;autres services similaires. Ces services permettent de g\u00e9rer les pr\u00e9f\u00e9rences de suivi de la plupart des outils publicitaires. Le titulaire conseille donc aux utilisateurs d&rsquo;utiliser ces ressources en compl\u00e9ment des informations fournies dans le pr\u00e9sent document.<br \/>\nLa Digital Advertising Alliance propose \u00e9galement une application appel\u00e9e AppChoices qui aide les utilisateurs \u00e0 contr\u00f4ler la publicit\u00e9 comportementale sur les applications mobiles.<\/p>\n<p>Cons\u00e9quences du refus de consentement Les utilisateurs sont libres de donner ou non leur consentement. Toutefois, veuillez noter que les outils de suivi permettent \u00e0 ce site web d&rsquo;offrir une meilleure exp\u00e9rience et une fonctionnalit\u00e9 am\u00e9lior\u00e9e aux utilisateurs (conform\u00e9ment aux objectifs d\u00e9crits dans le pr\u00e9sent document). Par cons\u00e9quent, en l&rsquo;absence du consentement de l&rsquo;utilisateur, le contr\u00f4leur peut ne pas \u00eatre en mesure de fournir les fonctionnalit\u00e9s correspondantes.<\/p>\n","protected":false},"excerpt":{"rendered":"<p>\u00c0 propos de cette politique en mati\u00e8re de cookies La pr\u00e9sente politique en mati\u00e8re de cookies explique ce que sont les cookies et comment nous les utilisons, les types de cookies que nous utilisons, les informations que nous recueillons \u00e0 l&rsquo;aide des cookies et la mani\u00e8re dont ces informations sont utilis\u00e9es, ainsi que la mani\u00e8re [&hellip;]<\/p>\n","protected":false},"author":1,"featured_media":0,"parent":0,"menu_order":0,"comment_status":"closed","ping_status":"closed","template":"","meta":{"_acf_changed":false,"footnotes":""},"class_list":["post-181012","page","type-page","status-publish","hentry"],"acf":[],"yoast_head":"<!-- This site is optimized with the Yoast SEO plugin v26.0 - https:\/\/yoast.com\/wordpress\/plugins\/seo\/ -->\n<title>Politique en mati\u00e8re de cookies - Luxury Lofts in Venice<\/title>\n<meta name=\"robots\" content=\"index, follow, max-snippet:-1, max-image-preview:large, max-video-preview:-1\" \/>\n<link rel=\"canonical\" href=\"https:\/\/luxuryloftsinvenice.it\/fr\/politique-en-matiere-de-cookies\/\" \/>\n<meta property=\"og:locale\" content=\"fr_FR\" \/>\n<meta property=\"og:type\" content=\"article\" \/>\n<meta property=\"og:title\" content=\"Politique en mati\u00e8re de cookies - Luxury Lofts in Venice\" \/>\n<meta property=\"og:description\" content=\"\u00c0 propos de cette politique en mati\u00e8re de cookies La pr\u00e9sente politique en mati\u00e8re de cookies explique ce que sont les cookies et comment nous les utilisons, les types de cookies que nous utilisons, les informations que nous recueillons \u00e0 l&rsquo;aide des cookies et la mani\u00e8re dont ces informations sont utilis\u00e9es, ainsi que la mani\u00e8re [&hellip;]\" \/>\n<meta property=\"og:url\" content=\"https:\/\/luxuryloftsinvenice.it\/fr\/politique-en-matiere-de-cookies\/\" \/>\n<meta property=\"og:site_name\" content=\"Luxury Lofts in Venice\" \/>\n<meta property=\"og:image\" content=\"https:\/\/luxuryloftsinvenice.it\/wp-content\/uploads\/2019\/09\/luxuryinvenice_end.png\" \/>\n\t<meta property=\"og:image:width\" content=\"583\" \/>\n\t<meta property=\"og:image:height\" content=\"292\" \/>\n\t<meta property=\"og:image:type\" content=\"image\/png\" \/>\n<meta name=\"twitter:card\" content=\"summary_large_image\" \/>\n<meta name=\"twitter:label1\" content=\"Dur\u00e9e de lecture estim\u00e9e\" \/>\n\t<meta name=\"twitter:data1\" content=\"4 minutes\" \/>\n<script type=\"application\/ld+json\" class=\"yoast-schema-graph\">{\"@context\":\"https:\/\/schema.org\",\"@graph\":[{\"@type\":\"WebPage\",\"@id\":\"https:\/\/luxuryloftsinvenice.it\/fr\/politique-en-matiere-de-cookies\/\",\"url\":\"https:\/\/luxuryloftsinvenice.it\/fr\/politique-en-matiere-de-cookies\/\",\"name\":\"Politique en mati\u00e8re de cookies - Luxury Lofts in Venice\",\"isPartOf\":{\"@id\":\"https:\/\/luxuryloftsinvenice.it\/fr\/#website\"},\"datePublished\":\"2023-02-01T14:00:04+00:00\",\"breadcrumb\":{\"@id\":\"https:\/\/luxuryloftsinvenice.it\/fr\/politique-en-matiere-de-cookies\/#breadcrumb\"},\"inLanguage\":\"fr-FR\",\"potentialAction\":[{\"@type\":\"ReadAction\",\"target\":[\"https:\/\/luxuryloftsinvenice.it\/fr\/politique-en-matiere-de-cookies\/\"]}]},{\"@type\":\"BreadcrumbList\",\"@id\":\"https:\/\/luxuryloftsinvenice.it\/fr\/politique-en-matiere-de-cookies\/#breadcrumb\",\"itemListElement\":[{\"@type\":\"ListItem\",\"position\":1,\"name\":\"Home\",\"item\":\"https:\/\/luxuryloftsinvenice.it\/fr\/\"},{\"@type\":\"ListItem\",\"position\":2,\"name\":\"Politique en mati\u00e8re de cookies\"}]},{\"@type\":\"WebSite\",\"@id\":\"https:\/\/luxuryloftsinvenice.it\/fr\/#website\",\"url\":\"https:\/\/luxuryloftsinvenice.it\/fr\/\",\"name\":\"Luxury Lofts in Venice\",\"description\":\"Appartamenti a Venezia\",\"publisher\":{\"@id\":\"https:\/\/luxuryloftsinvenice.it\/fr\/#organization\"},\"potentialAction\":[{\"@type\":\"SearchAction\",\"target\":{\"@type\":\"EntryPoint\",\"urlTemplate\":\"https:\/\/luxuryloftsinvenice.it\/fr\/?s={search_term_string}\"},\"query-input\":{\"@type\":\"PropertyValueSpecification\",\"valueRequired\":true,\"valueName\":\"search_term_string\"}}],\"inLanguage\":\"fr-FR\"},{\"@type\":\"Organization\",\"@id\":\"https:\/\/luxuryloftsinvenice.it\/fr\/#organization\",\"name\":\"Luxury Lofts in Venice\",\"url\":\"https:\/\/luxuryloftsinvenice.it\/fr\/\",\"logo\":{\"@type\":\"ImageObject\",\"inLanguage\":\"fr-FR\",\"@id\":\"https:\/\/luxuryloftsinvenice.it\/fr\/#\/schema\/logo\/image\/\",\"url\":\"https:\/\/luxuryloftsinvenice.it\/wp-content\/uploads\/2019\/09\/luxuryinvenice_end.png\",\"contentUrl\":\"https:\/\/luxuryloftsinvenice.it\/wp-content\/uploads\/2019\/09\/luxuryinvenice_end.png\",\"width\":583,\"height\":292,\"caption\":\"Luxury Lofts in Venice\"},\"image\":{\"@id\":\"https:\/\/luxuryloftsinvenice.it\/fr\/#\/schema\/logo\/image\/\"}}]}<\/script>\n<!-- \/ Yoast SEO plugin. -->","yoast_head_json":{"title":"Politique en mati\u00e8re de cookies - Luxury Lofts in Venice","robots":{"index":"index","follow":"follow","max-snippet":"max-snippet:-1","max-image-preview":"max-image-preview:large","max-video-preview":"max-video-preview:-1"},"canonical":"https:\/\/luxuryloftsinvenice.it\/fr\/politique-en-matiere-de-cookies\/","og_locale":"fr_FR","og_type":"article","og_title":"Politique en mati\u00e8re de cookies - Luxury Lofts in Venice","og_description":"\u00c0 propos de cette politique en mati\u00e8re de cookies La pr\u00e9sente politique en mati\u00e8re de cookies explique ce que sont les cookies et comment nous les utilisons, les types de cookies que nous utilisons, les informations que nous recueillons \u00e0 l&rsquo;aide des cookies et la mani\u00e8re dont ces informations sont utilis\u00e9es, ainsi que la mani\u00e8re [&hellip;]","og_url":"https:\/\/luxuryloftsinvenice.it\/fr\/politique-en-matiere-de-cookies\/","og_site_name":"Luxury Lofts in Venice","og_image":[{"width":583,"height":292,"url":"https:\/\/luxuryloftsinvenice.it\/wp-content\/uploads\/2019\/09\/luxuryinvenice_end.png","type":"image\/png"}],"twitter_card":"summary_large_image","twitter_misc":{"Dur\u00e9e de lecture estim\u00e9e":"4 minutes"},"schema":{"@context":"https:\/\/schema.org","@graph":[{"@type":"WebPage","@id":"https:\/\/luxuryloftsinvenice.it\/fr\/politique-en-matiere-de-cookies\/","url":"https:\/\/luxuryloftsinvenice.it\/fr\/politique-en-matiere-de-cookies\/","name":"Politique en mati\u00e8re de cookies - Luxury Lofts in Venice","isPartOf":{"@id":"https:\/\/luxuryloftsinvenice.it\/fr\/#website"},"datePublished":"2023-02-01T14:00:04+00:00","breadcrumb":{"@id":"https:\/\/luxuryloftsinvenice.it\/fr\/politique-en-matiere-de-cookies\/#breadcrumb"},"inLanguage":"fr-FR","potentialAction":[{"@type":"ReadAction","target":["https:\/\/luxuryloftsinvenice.it\/fr\/politique-en-matiere-de-cookies\/"]}]},{"@type":"BreadcrumbList","@id":"https:\/\/luxuryloftsinvenice.it\/fr\/politique-en-matiere-de-cookies\/#breadcrumb","itemListElement":[{"@type":"ListItem","position":1,"name":"Home","item":"https:\/\/luxuryloftsinvenice.it\/fr\/"},{"@type":"ListItem","position":2,"name":"Politique en mati\u00e8re de cookies"}]},{"@type":"WebSite","@id":"https:\/\/luxuryloftsinvenice.it\/fr\/#website","url":"https:\/\/luxuryloftsinvenice.it\/fr\/","name":"Luxury Lofts in Venice","description":"Appartamenti a Venezia","publisher":{"@id":"https:\/\/luxuryloftsinvenice.it\/fr\/#organization"},"potentialAction":[{"@type":"SearchAction","target":{"@type":"EntryPoint","urlTemplate":"https:\/\/luxuryloftsinvenice.it\/fr\/?s={search_term_string}"},"query-input":{"@type":"PropertyValueSpecification","valueRequired":true,"valueName":"search_term_string"}}],"inLanguage":"fr-FR"},{"@type":"Organization","@id":"https:\/\/luxuryloftsinvenice.it\/fr\/#organization","name":"Luxury Lofts in Venice","url":"https:\/\/luxuryloftsinvenice.it\/fr\/","logo":{"@type":"ImageObject","inLanguage":"fr-FR","@id":"https:\/\/luxuryloftsinvenice.it\/fr\/#\/schema\/logo\/image\/","url":"https:\/\/luxuryloftsinvenice.it\/wp-content\/uploads\/2019\/09\/luxuryinvenice_end.png","contentUrl":"https:\/\/luxuryloftsinvenice.it\/wp-content\/uploads\/2019\/09\/luxuryinvenice_end.png","width":583,"height":292,"caption":"Luxury Lofts in Venice"},"image":{"@id":"https:\/\/luxuryloftsinvenice.it\/fr\/#\/schema\/logo\/image\/"}}]}},"_links":{"self":[{"href":"https:\/\/luxuryloftsinvenice.it\/fr\/wp-json\/wp\/v2\/pages\/181012","targetHints":{"allow":["GET"]}}],"collection":[{"href":"https:\/\/luxuryloftsinvenice.it\/fr\/wp-json\/wp\/v2\/pages"}],"about":[{"href":"https:\/\/luxuryloftsinvenice.it\/fr\/wp-json\/wp\/v2\/types\/page"}],"author":[{"embeddable":true,"href":"https:\/\/luxuryloftsinvenice.it\/fr\/wp-json\/wp\/v2\/users\/1"}],"replies":[{"embeddable":true,"href":"https:\/\/luxuryloftsinvenice.it\/fr\/wp-json\/wp\/v2\/comments?post=181012"}],"version-history":[{"count":0,"href":"https:\/\/luxuryloftsinvenice.it\/fr\/wp-json\/wp\/v2\/pages\/181012\/revisions"}],"wp:attachment":[{"href":"https:\/\/luxuryloftsinvenice.it\/fr\/wp-json\/wp\/v2\/media?parent=181012"}],"curies":[{"name":"wp","href":"https:\/\/api.w.org\/{rel}","templated":true}]}}