{"id":188814,"date":"2025-03-13T15:20:24","date_gmt":"2025-03-13T15:20:24","guid":{"rendered":"https:\/\/luxuryloftsinvenice.it\/tours-exclusivos\/"},"modified":"2025-04-02T10:45:57","modified_gmt":"2025-04-02T10:45:57","slug":"tours-exclusivos","status":"publish","type":"page","link":"https:\/\/luxuryloftsinvenice.it\/es\/tours-exclusivos\/","title":{"rendered":"Tours Exclusivos"},"content":{"rendered":"\t\t<div data-elementor-type=\"wp-page\" data-elementor-id=\"188814\" class=\"elementor elementor-188814 elementor-188513\" data-elementor-post-type=\"page\">\n\t\t\t\t\t\t<section class=\"elementor-section elementor-top-section elementor-element elementor-element-1f3f33dc elementor-section-boxed elementor-section-height-default elementor-section-height-default\" data-id=\"1f3f33dc\" data-element_type=\"section\">\n\t\t\t\t\t\t<div class=\"elementor-container elementor-column-gap-default\">\n\t\t\t\t\t<div class=\"aux-parallax-section elementor-column elementor-col-100 elementor-top-column elementor-element elementor-element-6014eb5f\" data-id=\"6014eb5f\" data-element_type=\"column\">\n\t\t\t<div class=\"elementor-widget-wrap elementor-element-populated\">\n\t\t\t\t\t\t<div class=\"elementor-element elementor-element-9c2e551 elementor-widget elementor-widget-heading\" data-id=\"9c2e551\" data-element_type=\"widget\" data-widget_type=\"heading.default\">\n\t\t\t\t<div class=\"elementor-widget-container\">\n\t\t\t\t\t<h1 class=\"elementor-heading-title elementor-size-default\">Experiencias exclusivas para quienes se alojan en los Luxury Lofts en Venecia<\/h1>\t\t\t\t<\/div>\n\t\t\t\t<\/div>\n\t\t\t\t<div class=\"elementor-element elementor-element-2dd4c50 elementor-widget elementor-widget-image\" data-id=\"2dd4c50\" data-element_type=\"widget\" data-widget_type=\"image.default\">\n\t\t\t\t<div class=\"elementor-widget-container\">\n\t\t\t\t\t\t\t\t\t\t\t\t\t\t\t<img fetchpriority=\"high\" decoding=\"async\" width=\"634\" height=\"900\" src=\"https:\/\/luxuryloftsinvenice.it\/wp-content\/uploads\/2025\/03\/VPBT2025HotelPoster1.png\" class=\"attachment-large size-large wp-image-188792\" alt=\"\" \/>\t\t\t\t\t\t\t\t\t\t\t\t\t\t\t<\/div>\n\t\t\t\t<\/div>\n\t\t\t\t<div class=\"elementor-element elementor-element-5d43ebc7 elementor-widget elementor-widget-text-editor\" data-id=\"5d43ebc7\" data-element_type=\"widget\" data-widget_type=\"text-editor.default\">\n\t\t\t\t<div class=\"elementor-widget-container\">\n\t\t\t\t\t\t\t\t\t<h2 style=\"text-align: center;\" data-start=\"109\" data-end=\"181\">\u200b<\/h2><p data-start=\"183\" data-end=\"501\">Alojarse en los <strong data-start=\"199\" data-end=\"225\">Luxury Lofts in Venice<\/strong> significa vivir una experiencia \u00fanica en el coraz\u00f3n de la ciudad m\u00e1s rom\u00e1ntica del mundo. Para hacer su estancia a\u00fan m\u00e1s inolvidable, hemos seleccionado <strong data-start=\"390\" data-end=\"435\">las mejores actividades tur\u00edsticas en Venecia<\/strong>, entre tours exclusivos, experiencias culinarias y recorridos culturales. <\/p><h2 data-start=\"503\" data-end=\"581\"><strong data-start=\"506\" data-end=\"574\">1. Tour exclusivo en barco privado con Venice Private Boat Tours<\/strong><\/h2><p><a href=\"https:\/\/venice-private-boat-tours.com\/\"><img decoding=\"async\" class=\"aligncenter wp-image-188545\" src=\"https:\/\/luxuryloftsinvenice.it\/wp-content\/uploads\/2025\/03\/WhatsApp-Image-2025-03-14-at-14.41.41-1024x900.jpeg\" alt=\"\" width=\"750\" height=\"373\" srcset=\"https:\/\/luxuryloftsinvenice.it\/wp-content\/uploads\/2025\/03\/WhatsApp-Image-2025-03-14-at-14.41.41-1536x763.jpeg 1536w, https:\/\/luxuryloftsinvenice.it\/wp-content\/uploads\/2025\/03\/WhatsApp-Image-2025-03-14-at-14.41.41.jpeg 1812w\" sizes=\"(max-width: 750px) 100vw, 750px\" \/><\/a><\/p><p style=\"text-align: center;\" data-start=\"583\" data-end=\"834\">Haz clic en la imagen para visitar su sitio web<\/p><p data-start=\"583\" data-end=\"834\">Descubre Venecia desde una perspectiva completamente nueva con <strong data-start=\"648\" data-end=\"723\"><a href=\"https:\/\/www.venice-private-boat-tours.com\/\" target=\"_new\" rel=\"noopener\" data-start=\"650\" data-end=\"721\">Venice Private Boat Tours<\/a><\/strong>, un servicio premium que te permite explorar la ciudad a bordo de un elegante barco privado con un capit\u00e1n.<\/p><p data-start=\"836\" data-end=\"1577\"><strong data-start=\"839\" data-end=\"862\">Itinerarios a medida:<\/strong> Elige entre diferentes rutas, como el tour por las islas de <strong data-start=\"924\" data-end=\"953\">Murano, Burano y Torcello<\/strong>, o un rom\u00e1ntico aperitivo al atardecer en la laguna.<br data-start=\"1047\" data-end=\"1050\"><strong data-start=\"1053\" data-end=\"1072\">Confort y lujo<\/strong>: Las embarcaciones ofrecen la m\u00e1xima comodidad, con asientos elegantes, sombra en los meses de verano y la posibilidad de personalizar tu experiencia con Prosecco y aperitivos gourmet.<br data-start=\"1251\" data-end=\"1254\"><strong data-start=\"1257\" data-end=\"1282\">Exclusividad y privacidad<\/strong>: Perfecto para parejas, grupos de amigos o familias que quieran disfrutar de <strong data-start=\"1353\" data-end=\"1384\">Venecia lejos de las multitudes<\/strong>, en total relajaci\u00f3n.<br data-start=\"1402\" data-end=\"1405\"><br><\/p><p data-start=\"1579\" data-end=\"1706\"><strong data-start=\"1582\" data-end=\"1629\">Reserva ahora tu tour personalizado <\/strong>con <a href=\"https:\/\/www.venice-private-boat-tours.com\/\" target=\"_new\" rel=\"noopener\" data-start=\"1633\" data-end=\"1704\">Venice Private Boat Tours<\/a><\/p><h2 data-start=\"1713\" data-end=\"1773\"><strong data-start=\"1716\" data-end=\"1767\">2. Tours privados y visitas guiadas personalizadas<\/strong><\/h2><p data-start=\"1775\" data-end=\"1919\">Descubre Venecia con un gu\u00eda tur\u00edstico experto, que te llevar\u00e1 a trav\u00e9s de las maravillas de la ciudad, desde los monumentos m\u00e1s famosos hasta los tesoros escondidos.<\/p><p data-start=\"1921\" data-end=\"2315\">\u2714\ufe0f <strong data-start=\"1924\" data-end=\"1954\">Tour de la Venecia secreta<\/strong>: Itinerarios fuera de los recorridos tur\u00edsticos cl\u00e1sicos, entre callejones misteriosos y leyendas fascinantes.<br data-start=\"2050\" data-end=\"2053\">\u2714\ufe0f <strong data-start=\"2056\" data-end=\"2107\">Visitas al Palacio Ducal y la Bas\u00edlica de San Marcos<\/strong>: Evita las filas y descubre los secretos de la Seren\u00edsima con un gu\u00eda especializado.<br data-start=\"2182\" data-end=\"2185\">\u2714\ufe0f<strong data-start=\"2188\" data-end=\"2218\"> Tour fotogr\u00e1fico en Venecia<\/strong>: Perfecto para quienes desean capturar la ciudad en los momentos m\u00e1s m\u00e1gicos, al amanecer o al atardecer.<\/p><h2 data-start=\"2322\" data-end=\"2382\"><strong data-start=\"2325\" data-end=\"2375\">3. Experiencias culinarias y degustaciones gourmet<\/strong><\/h2><p data-start=\"2384\" data-end=\"2465\">Un viaje a Venecia no est\u00e1 completo sin una aut\u00e9ntica experiencia gastron\u00f3mica.<\/p><p data-start=\"2467\" data-end=\"2917\"><strong data-start=\"2470\" data-end=\"2501\">Tour por bacari y cicchetti:<\/strong> Descubre las mejores tabernas venecianas y degusta vinos locales acompa\u00f1ados de deliciosos cicchetti.<br data-start=\"2598\" data-end=\"2601\"><strong data-start=\"2607\" data-end=\"2638\">Clase de cocina veneciana<\/strong>: Aprende a preparar platos t\u00edpicos como el risotto con tinta de sepia o las sarde in saordirectamente en tu loft con un chef privado.<br data-start=\"2772\" data-end=\"2775\"><strong data-start=\"2779\" data-end=\"2814\">Cena exclusiva con chef privado:<\/strong> Una experiencia de alta cocina directamente en tu alojamiento, con platos gourmet preparados a medida.<\/p><h2 data-start=\"2924\" data-end=\"2964\"><strong data-start=\"2927\" data-end=\"2959\">4. Paseo rom\u00e1ntico en g\u00f3ndola \u2764\ufe0f<\/strong><\/h2><p data-start=\"2966\" data-end=\"3078\">Una actividad imprescindible para quienes visitan Venecia: d\u00e9jate llevar por las aguas de los canales a bordo de una g\u00f3ndola tradicional.<\/p><p data-start=\"3080\" data-end=\"3265\"><strong data-start=\"3082\" data-end=\"3110\">Paseo privado al atardecer con m\u00fasico a bordo<\/strong> para una experiencia a\u00fan m\u00e1s m\u00e1gica.<br data-start=\"3169\" data-end=\"3172\"><strong data-start=\"3175\" data-end=\"3205\">Tour nocturno por los canales<\/strong> para admirar Venecia iluminada en todo su esplendor.<\/p><h2 data-start=\"3272\" data-end=\"3338\"><strong data-start=\"3275\" data-end=\"3333\">5. Visitas a los talleres artesanales de Murano y Burano<\/strong><\/h2><p data-start=\"3340\" data-end=\"3577\"><strong data-start=\"3343\" data-end=\"3374\">Tour por los hornos de Murano:<\/strong> Observa a los maestros vidrieros en acci\u00f3n y descubre c\u00f3mo se crean los famosos cristales soplados.<br data-start=\"3461\" data-end=\"3464\"><strong data-start=\"3467\" data-end=\"3502\">Experiencia de encaje en Burano<\/strong>: Visita los talleres hist\u00f3ricos y aprende los secretos de este arte centenario.<\/p><h2 data-start=\"3584\" data-end=\"3638\"><strong data-start=\"3587\" data-end=\"3633\">6. Eventos culturales y espect\u00e1culos en Venecia<\/strong><\/h2><p data-start=\"3640\" data-end=\"3809\"><strong data-start=\"3643\" data-end=\"3677\">Conciertos y espect\u00e1culos teatrales<\/strong> en los teatros m\u00e1s prestigiosos de Venecia.<br data-start=\"3716\" data-end=\"3719\"><strong data-start=\"3723\" data-end=\"3754\">Exposiciones de arte y muestras<\/strong> en los museos y galer\u00edas m\u00e1s renombradas de la ciudad.<\/p><h2 data-start=\"3816\" data-end=\"3877\"><strong data-start=\"3819\" data-end=\"3869\">7. Relajaci\u00f3n y bienestar directamente en tu Loft \u200d7. Relax e benessere direttamente nel tuo Loft<\/strong> \u200d\u2640\ufe0f<\/h2><p data-start=\"3879\" data-end=\"4003\">Rel\u00e1jate con servicios <strong>de<\/strong> <strong data-start=\"3904\" data-end=\"3926\">masajes en la habitaci\u00f3n,<\/strong> sesiones de <strong data-start=\"3940\" data-end=\"3963\">yoga personalizadas<\/strong> y tratamientos de bienestar bajo petici\u00f3n.<\/p><h3 data-start=\"4010\" data-end=\"4102\"><strong data-start=\"4014\" data-end=\"4100\">Reserva tu estancia en Luxury Lofts in Venice y vive una experiencia de ensue\u00f1o!<\/strong><\/h3><p data-start=\"4104\" data-end=\"4188\"><strong data-start=\"4107\" data-end=\"4186\">Descubre m\u00e1s sobre <a href=\"https:\/\/luxuryloftsinvenice.it\/#\" target=\"_new\" rel=\"noopener\" data-start=\"4126\" data-end=\"4184\">Luxury Lofts in Venice<\/a><\/strong><\/p>\t\t\t\t\t\t\t\t<\/div>\n\t\t\t\t<\/div>\n\t\t\t\t\t<\/div>\n\t\t<\/div>\n\t\t\t\t\t<\/div>\n\t\t<\/section>\n\t\t\t\t<\/div>\n\t\t","protected":false},"excerpt":{"rendered":"<p>Experiencias exclusivas para quienes se alojan en los Luxury Lofts en Venecia \u200b Alojarse en los Luxury Lofts in Venice significa vivir una experiencia \u00fanica en el coraz\u00f3n de la ciudad m\u00e1s rom\u00e1ntica del mundo. Para hacer su estancia a\u00fan m\u00e1s inolvidable, hemos seleccionado las mejores actividades tur\u00edsticas en Venecia, entre tours exclusivos, experiencias culinarias [&hellip;]<\/p>\n","protected":false},"author":1,"featured_media":0,"parent":0,"menu_order":0,"comment_status":"closed","ping_status":"closed","template":"","meta":{"_acf_changed":false,"footnotes":""},"class_list":["post-188814","page","type-page","status-publish","hentry"],"acf":[],"yoast_head":"<!-- This site is optimized with the Yoast SEO plugin v26.0 - https:\/\/yoast.com\/wordpress\/plugins\/seo\/ -->\n<title>Tours Exclusivos - Luxury Lofts in Venice<\/title>\n<meta name=\"robots\" content=\"index, follow, max-snippet:-1, max-image-preview:large, max-video-preview:-1\" \/>\n<link rel=\"canonical\" href=\"https:\/\/luxuryloftsinvenice.it\/es\/tours-exclusivos\/\" \/>\n<meta property=\"og:locale\" content=\"es_ES\" \/>\n<meta property=\"og:type\" content=\"article\" \/>\n<meta property=\"og:title\" content=\"Tours Exclusivos - Luxury Lofts in Venice\" \/>\n<meta property=\"og:description\" content=\"Experiencias exclusivas para quienes se alojan en los Luxury Lofts en Venecia \u200b Alojarse en los Luxury Lofts in Venice significa vivir una experiencia \u00fanica en el coraz\u00f3n de la ciudad m\u00e1s rom\u00e1ntica del mundo. Para hacer su estancia a\u00fan m\u00e1s inolvidable, hemos seleccionado las mejores actividades tur\u00edsticas en Venecia, entre tours exclusivos, experiencias culinarias [&hellip;]\" \/>\n<meta property=\"og:url\" content=\"https:\/\/luxuryloftsinvenice.it\/es\/tours-exclusivos\/\" \/>\n<meta property=\"og:site_name\" content=\"Luxury Lofts in Venice\" \/>\n<meta property=\"article:modified_time\" content=\"2025-04-02T10:45:57+00:00\" \/>\n<meta property=\"og:image\" content=\"https:\/\/luxuryloftsinvenice.it\/wp-content\/uploads\/2025\/03\/VPBT2025HotelPoster1.png\" \/>\n\t<meta property=\"og:image:width\" content=\"634\" \/>\n\t<meta property=\"og:image:height\" content=\"900\" \/>\n\t<meta property=\"og:image:type\" content=\"image\/png\" \/>\n<meta name=\"twitter:card\" content=\"summary_large_image\" \/>\n<meta name=\"twitter:label1\" content=\"Tiempo de lectura\" \/>\n\t<meta name=\"twitter:data1\" content=\"3 minutos\" \/>\n<script type=\"application\/ld+json\" class=\"yoast-schema-graph\">{\"@context\":\"https:\/\/schema.org\",\"@graph\":[{\"@type\":\"WebPage\",\"@id\":\"https:\/\/luxuryloftsinvenice.it\/es\/tours-exclusivos\/\",\"url\":\"https:\/\/luxuryloftsinvenice.it\/es\/tours-exclusivos\/\",\"name\":\"Tours Exclusivos - Luxury Lofts in Venice\",\"isPartOf\":{\"@id\":\"https:\/\/luxuryloftsinvenice.it\/es\/#website\"},\"primaryImageOfPage\":{\"@id\":\"https:\/\/luxuryloftsinvenice.it\/es\/tours-exclusivos\/#primaryimage\"},\"image\":{\"@id\":\"https:\/\/luxuryloftsinvenice.it\/es\/tours-exclusivos\/#primaryimage\"},\"thumbnailUrl\":\"https:\/\/luxuryloftsinvenice.it\/wp-content\/uploads\/2025\/03\/VPBT2025HotelPoster1.png\",\"datePublished\":\"2025-03-13T15:20:24+00:00\",\"dateModified\":\"2025-04-02T10:45:57+00:00\",\"breadcrumb\":{\"@id\":\"https:\/\/luxuryloftsinvenice.it\/es\/tours-exclusivos\/#breadcrumb\"},\"inLanguage\":\"es\",\"potentialAction\":[{\"@type\":\"ReadAction\",\"target\":[\"https:\/\/luxuryloftsinvenice.it\/es\/tours-exclusivos\/\"]}]},{\"@type\":\"ImageObject\",\"inLanguage\":\"es\",\"@id\":\"https:\/\/luxuryloftsinvenice.it\/es\/tours-exclusivos\/#primaryimage\",\"url\":\"https:\/\/luxuryloftsinvenice.it\/wp-content\/uploads\/2025\/03\/VPBT2025HotelPoster1.png\",\"contentUrl\":\"https:\/\/luxuryloftsinvenice.it\/wp-content\/uploads\/2025\/03\/VPBT2025HotelPoster1.png\"},{\"@type\":\"BreadcrumbList\",\"@id\":\"https:\/\/luxuryloftsinvenice.it\/es\/tours-exclusivos\/#breadcrumb\",\"itemListElement\":[{\"@type\":\"ListItem\",\"position\":1,\"name\":\"Home\",\"item\":\"https:\/\/luxuryloftsinvenice.it\/es\/\"},{\"@type\":\"ListItem\",\"position\":2,\"name\":\"Tours Exclusivos\"}]},{\"@type\":\"WebSite\",\"@id\":\"https:\/\/luxuryloftsinvenice.it\/es\/#website\",\"url\":\"https:\/\/luxuryloftsinvenice.it\/es\/\",\"name\":\"Luxury Lofts in Venice\",\"description\":\"Appartamenti a Venezia\",\"publisher\":{\"@id\":\"https:\/\/luxuryloftsinvenice.it\/es\/#organization\"},\"potentialAction\":[{\"@type\":\"SearchAction\",\"target\":{\"@type\":\"EntryPoint\",\"urlTemplate\":\"https:\/\/luxuryloftsinvenice.it\/es\/?s={search_term_string}\"},\"query-input\":{\"@type\":\"PropertyValueSpecification\",\"valueRequired\":true,\"valueName\":\"search_term_string\"}}],\"inLanguage\":\"es\"},{\"@type\":\"Organization\",\"@id\":\"https:\/\/luxuryloftsinvenice.it\/es\/#organization\",\"name\":\"Luxury Lofts in Venice\",\"url\":\"https:\/\/luxuryloftsinvenice.it\/es\/\",\"logo\":{\"@type\":\"ImageObject\",\"inLanguage\":\"es\",\"@id\":\"https:\/\/luxuryloftsinvenice.it\/es\/#\/schema\/logo\/image\/\",\"url\":\"https:\/\/luxuryloftsinvenice.it\/wp-content\/uploads\/2019\/09\/luxuryinvenice_end.png\",\"contentUrl\":\"https:\/\/luxuryloftsinvenice.it\/wp-content\/uploads\/2019\/09\/luxuryinvenice_end.png\",\"width\":583,\"height\":292,\"caption\":\"Luxury Lofts in Venice\"},\"image\":{\"@id\":\"https:\/\/luxuryloftsinvenice.it\/es\/#\/schema\/logo\/image\/\"}}]}<\/script>\n<!-- \/ Yoast SEO plugin. -->","yoast_head_json":{"title":"Tours Exclusivos - Luxury Lofts in Venice","robots":{"index":"index","follow":"follow","max-snippet":"max-snippet:-1","max-image-preview":"max-image-preview:large","max-video-preview":"max-video-preview:-1"},"canonical":"https:\/\/luxuryloftsinvenice.it\/es\/tours-exclusivos\/","og_locale":"es_ES","og_type":"article","og_title":"Tours Exclusivos - Luxury Lofts in Venice","og_description":"Experiencias exclusivas para quienes se alojan en los Luxury Lofts en Venecia \u200b Alojarse en los Luxury Lofts in Venice significa vivir una experiencia \u00fanica en el coraz\u00f3n de la ciudad m\u00e1s rom\u00e1ntica del mundo. Para hacer su estancia a\u00fan m\u00e1s inolvidable, hemos seleccionado las mejores actividades tur\u00edsticas en Venecia, entre tours exclusivos, experiencias culinarias [&hellip;]","og_url":"https:\/\/luxuryloftsinvenice.it\/es\/tours-exclusivos\/","og_site_name":"Luxury Lofts in Venice","article_modified_time":"2025-04-02T10:45:57+00:00","og_image":[{"width":634,"height":900,"url":"https:\/\/luxuryloftsinvenice.it\/wp-content\/uploads\/2025\/03\/VPBT2025HotelPoster1.png","type":"image\/png"}],"twitter_card":"summary_large_image","twitter_misc":{"Tiempo de lectura":"3 minutos"},"schema":{"@context":"https:\/\/schema.org","@graph":[{"@type":"WebPage","@id":"https:\/\/luxuryloftsinvenice.it\/es\/tours-exclusivos\/","url":"https:\/\/luxuryloftsinvenice.it\/es\/tours-exclusivos\/","name":"Tours Exclusivos - Luxury Lofts in Venice","isPartOf":{"@id":"https:\/\/luxuryloftsinvenice.it\/es\/#website"},"primaryImageOfPage":{"@id":"https:\/\/luxuryloftsinvenice.it\/es\/tours-exclusivos\/#primaryimage"},"image":{"@id":"https:\/\/luxuryloftsinvenice.it\/es\/tours-exclusivos\/#primaryimage"},"thumbnailUrl":"https:\/\/luxuryloftsinvenice.it\/wp-content\/uploads\/2025\/03\/VPBT2025HotelPoster1.png","datePublished":"2025-03-13T15:20:24+00:00","dateModified":"2025-04-02T10:45:57+00:00","breadcrumb":{"@id":"https:\/\/luxuryloftsinvenice.it\/es\/tours-exclusivos\/#breadcrumb"},"inLanguage":"es","potentialAction":[{"@type":"ReadAction","target":["https:\/\/luxuryloftsinvenice.it\/es\/tours-exclusivos\/"]}]},{"@type":"ImageObject","inLanguage":"es","@id":"https:\/\/luxuryloftsinvenice.it\/es\/tours-exclusivos\/#primaryimage","url":"https:\/\/luxuryloftsinvenice.it\/wp-content\/uploads\/2025\/03\/VPBT2025HotelPoster1.png","contentUrl":"https:\/\/luxuryloftsinvenice.it\/wp-content\/uploads\/2025\/03\/VPBT2025HotelPoster1.png"},{"@type":"BreadcrumbList","@id":"https:\/\/luxuryloftsinvenice.it\/es\/tours-exclusivos\/#breadcrumb","itemListElement":[{"@type":"ListItem","position":1,"name":"Home","item":"https:\/\/luxuryloftsinvenice.it\/es\/"},{"@type":"ListItem","position":2,"name":"Tours Exclusivos"}]},{"@type":"WebSite","@id":"https:\/\/luxuryloftsinvenice.it\/es\/#website","url":"https:\/\/luxuryloftsinvenice.it\/es\/","name":"Luxury Lofts in Venice","description":"Appartamenti a Venezia","publisher":{"@id":"https:\/\/luxuryloftsinvenice.it\/es\/#organization"},"potentialAction":[{"@type":"SearchAction","target":{"@type":"EntryPoint","urlTemplate":"https:\/\/luxuryloftsinvenice.it\/es\/?s={search_term_string}"},"query-input":{"@type":"PropertyValueSpecification","valueRequired":true,"valueName":"search_term_string"}}],"inLanguage":"es"},{"@type":"Organization","@id":"https:\/\/luxuryloftsinvenice.it\/es\/#organization","name":"Luxury Lofts in Venice","url":"https:\/\/luxuryloftsinvenice.it\/es\/","logo":{"@type":"ImageObject","inLanguage":"es","@id":"https:\/\/luxuryloftsinvenice.it\/es\/#\/schema\/logo\/image\/","url":"https:\/\/luxuryloftsinvenice.it\/wp-content\/uploads\/2019\/09\/luxuryinvenice_end.png","contentUrl":"https:\/\/luxuryloftsinvenice.it\/wp-content\/uploads\/2019\/09\/luxuryinvenice_end.png","width":583,"height":292,"caption":"Luxury Lofts in Venice"},"image":{"@id":"https:\/\/luxuryloftsinvenice.it\/es\/#\/schema\/logo\/image\/"}}]}},"_links":{"self":[{"href":"https:\/\/luxuryloftsinvenice.it\/es\/wp-json\/wp\/v2\/pages\/188814","targetHints":{"allow":["GET"]}}],"collection":[{"href":"https:\/\/luxuryloftsinvenice.it\/es\/wp-json\/wp\/v2\/pages"}],"about":[{"href":"https:\/\/luxuryloftsinvenice.it\/es\/wp-json\/wp\/v2\/types\/page"}],"author":[{"embeddable":true,"href":"https:\/\/luxuryloftsinvenice.it\/es\/wp-json\/wp\/v2\/users\/1"}],"replies":[{"embeddable":true,"href":"https:\/\/luxuryloftsinvenice.it\/es\/wp-json\/wp\/v2\/comments?post=188814"}],"version-history":[{"count":1,"href":"https:\/\/luxuryloftsinvenice.it\/es\/wp-json\/wp\/v2\/pages\/188814\/revisions"}],"predecessor-version":[{"id":188815,"href":"https:\/\/luxuryloftsinvenice.it\/es\/wp-json\/wp\/v2\/pages\/188814\/revisions\/188815"}],"wp:attachment":[{"href":"https:\/\/luxuryloftsinvenice.it\/es\/wp-json\/wp\/v2\/media?parent=188814"}],"curies":[{"name":"wp","href":"https:\/\/api.w.org\/{rel}","templated":true}]}}