{"id":185513,"date":"2024-09-18T20:28:23","date_gmt":"2024-09-18T20:28:23","guid":{"rendered":"https:\/\/luxuryloftsinvenice.it\/luminoso-apartamento-en-alquiler-en-venecia\/"},"modified":"2024-10-31T13:12:47","modified_gmt":"2024-10-31T13:12:47","slug":"luminoso-apartamento-en-alquiler-en-venecia","status":"publish","type":"page","link":"https:\/\/luxuryloftsinvenice.it\/es\/luminoso-apartamento-en-alquiler-en-venecia\/","title":{"rendered":"Luminoso apartamento en alquiler en Venecia"},"content":{"rendered":"\t\t<div data-elementor-type=\"wp-page\" data-elementor-id=\"185513\" class=\"elementor elementor-185513 elementor-184738\" data-elementor-post-type=\"page\">\n\t\t\t\t\t\t<section class=\"elementor-section elementor-top-section elementor-element elementor-element-1ba6c017 elementor-section-boxed elementor-section-height-default elementor-section-height-default\" data-id=\"1ba6c017\" data-element_type=\"section\">\n\t\t\t\t\t\t<div class=\"elementor-container elementor-column-gap-default\">\n\t\t\t\t\t<div class=\"aux-parallax-section elementor-column elementor-col-100 elementor-top-column elementor-element elementor-element-640f43b6\" data-id=\"640f43b6\" data-element_type=\"column\">\n\t\t\t<div class=\"elementor-widget-wrap elementor-element-populated\">\n\t\t\t\t\t\t<div class=\"elementor-element elementor-element-d950c3f elementor-widget elementor-widget-heading\" data-id=\"d950c3f\" data-element_type=\"widget\" data-widget_type=\"heading.default\">\n\t\t\t\t<div class=\"elementor-widget-container\">\n\t\t\t\t\t<h1 class=\"elementor-heading-title elementor-size-default\">Luminoso apartamento en alquiler en Venecia<\/h1>\t\t\t\t<\/div>\n\t\t\t\t<\/div>\n\t\t\t\t<div class=\"elementor-element elementor-element-662f336 elementor-skin-carousel elementor-arrows-yes elementor-pagination-type-bullets elementor-pagination-position-outside elementor-widget elementor-widget-media-carousel\" data-id=\"662f336\" data-element_type=\"widget\" data-settings=\"{&quot;skin&quot;:&quot;carousel&quot;,&quot;effect&quot;:&quot;slide&quot;,&quot;show_arrows&quot;:&quot;yes&quot;,&quot;pagination&quot;:&quot;bullets&quot;,&quot;speed&quot;:500,&quot;autoplay&quot;:&quot;yes&quot;,&quot;autoplay_speed&quot;:5000,&quot;loop&quot;:&quot;yes&quot;,&quot;pause_on_hover&quot;:&quot;yes&quot;,&quot;pause_on_interaction&quot;:&quot;yes&quot;,&quot;space_between&quot;:{&quot;unit&quot;:&quot;px&quot;,&quot;size&quot;:10,&quot;sizes&quot;:[]},&quot;space_between_tablet&quot;:{&quot;unit&quot;:&quot;px&quot;,&quot;size&quot;:10,&quot;sizes&quot;:[]},&quot;space_between_mobile&quot;:{&quot;unit&quot;:&quot;px&quot;,&quot;size&quot;:10,&quot;sizes&quot;:[]}}\" data-widget_type=\"media-carousel.default\">\n\t\t\t\t<div class=\"elementor-widget-container\">\n\t\t\t\t\t\t\t\t\t<div class=\"elementor-swiper\">\n\t\t\t\t\t<div class=\"elementor-main-swiper swiper\" role=\"region\" aria-roledescription=\"carousel\" aria-label=\"Diapositivas\">\n\t\t\t\t<div class=\"swiper-wrapper\">\n\t\t\t\t\t\t\t\t\t\t\t<div class=\"swiper-slide\" role=\"group\" aria-roledescription=\"slide\">\n\t\t\t\t\t\t\t\t\t<div class=\"elementor-carousel-image\" role=\"img\" aria-label=\"AppAlvise014\" style=\"background-image: url(&#039;https:\/\/luxuryloftsinvenice.it\/wp-content\/uploads\/2019\/09\/AppAlvise014.jpg&#039;)\">\n\n\t\t\t\n\t\t\t\t\t<\/div>\n\t\t\t\t\t\t\t\t<\/div>\n\t\t\t\t\t\t\t\t\t\t\t<div class=\"swiper-slide\" role=\"group\" aria-roledescription=\"slide\">\n\t\t\t\t\t\t\t\t\t<div class=\"elementor-carousel-image\" role=\"img\" aria-label=\"Cucina\" style=\"background-image: url(&#039;https:\/\/luxuryloftsinvenice.it\/wp-content\/uploads\/2019\/10\/Malvasia007.jpg&#039;)\">\n\n\t\t\t\n\t\t\t\t\t<\/div>\n\t\t\t\t\t\t\t\t<\/div>\n\t\t\t\t\t\t\t\t\t\t\t<div class=\"swiper-slide\" role=\"group\" aria-roledescription=\"slide\">\n\t\t\t\t\t\t\t\t\t<div class=\"elementor-carousel-image\" role=\"img\" aria-label=\"AppVistaPonte004\" style=\"background-image: url(&#039;https:\/\/luxuryloftsinvenice.it\/wp-content\/uploads\/2019\/10\/AppVistaPonte004.jpg&#039;)\">\n\n\t\t\t\n\t\t\t\t\t<\/div>\n\t\t\t\t\t\t\t\t<\/div>\n\t\t\t\t\t\t\t\t\t\t\t<div class=\"swiper-slide\" role=\"group\" aria-roledescription=\"slide\">\n\t\t\t\t\t\t\t\t\t<div class=\"elementor-carousel-image\" role=\"img\" aria-label=\"Bagno\" style=\"background-image: url(&#039;https:\/\/luxuryloftsinvenice.it\/wp-content\/uploads\/2019\/10\/Appconvista071-Panorama.jpg&#039;)\">\n\n\t\t\t\n\t\t\t\t\t<\/div>\n\t\t\t\t\t\t\t\t<\/div>\n\t\t\t\t\t\t\t\t\t\t\t<div class=\"swiper-slide\" role=\"group\" aria-roledescription=\"slide\">\n\t\t\t\t\t\t\t\t\t<div class=\"elementor-carousel-image\" role=\"img\" aria-label=\"The Rialto Bridge, beautiful tourist attraction of Venice.\" style=\"background-image: url(&#039;https:\/\/luxuryloftsinvenice.it\/wp-content\/uploads\/2023\/01\/ponte-di-rialto.jpg&#039;)\">\n\n\t\t\t\n\t\t\t\t\t<\/div>\n\t\t\t\t\t\t\t\t<\/div>\n\t\t\t\t\t\t\t\t\t<\/div>\n\t\t\t\t\t\t\t\t\t\t\t\t\t\t\t<div class=\"elementor-swiper-button elementor-swiper-button-prev\" role=\"button\" tabindex=\"0\" aria-label=\"Anterior\">\n\t\t\t\t\t\t\t<i aria-hidden=\"true\" class=\"eicon-chevron-left\"><\/i>\t\t\t\t\t\t<\/div>\n\t\t\t\t\t\t<div class=\"elementor-swiper-button elementor-swiper-button-next\" role=\"button\" tabindex=\"0\" aria-label=\"Siguiente\">\n\t\t\t\t\t\t\t<i aria-hidden=\"true\" class=\"eicon-chevron-right\"><\/i>\t\t\t\t\t\t<\/div>\n\t\t\t\t\t\t\t\t\t\t\t\t\t\t\t\t<div class=\"swiper-pagination\"><\/div>\n\t\t\t\t\t\t\t\t\t\t\t\t<\/div>\n\t\t\t\t<\/div>\n\t\t\t\t\t\t\t\t<\/div>\n\t\t\t\t<\/div>\n\t\t\t\t<div class=\"elementor-element elementor-element-241b3991 elementor-widget elementor-widget-text-editor\" data-id=\"241b3991\" data-element_type=\"widget\" data-widget_type=\"text-editor.default\">\n\t\t\t\t<div class=\"elementor-widget-container\">\n\t\t\t\t\t\t\t\t\t<div class=\"flex max-w-full flex-col flex-grow\">\n<div class=\"min-h-[20px] text-message flex w-full flex-col items-end gap-2 whitespace-normal break-words [.text-message+&amp;]:mt-5\" dir=\"auto\" data-message-author-role=\"assistant\" data-message-id=\"70483e78-7905-4de0-98be-46f0fbf6373b\">\n<div class=\"flex w-full flex-col gap-1 empty:hidden first:pt-[3px]\">\n<div class=\"markdown prose w-full break-words dark:prose-invert dark\">\n<h2 style=\"text-align: center;\"><strong>Alquila un Luminoso Apartamento en la Venecia Aute\u0301ntica \u2013 Vive una Estancia U\u0301nica con Luxury Lofts en Venice<\/strong><\/h2>\n<p>Si esta\u0301s buscando una experiencia aute\u0301ntica e inolvidable en Venecia, Luxury Lofts en Venice te ofrece la oportunidad de alquilar un l<strong>uminoso apartamento<\/strong> ubicado en el corazo\u0301n de la ciudad, lejos de las rutas turi\u0301sticas tradicionales, para que puedas vivir la verdadera esencia de la Venecia aute\u0301ntica. Rodeado de la belleza y el encanto de uno de los barrios ma\u0301s histo\u0301ricos y tranquilos de la ciudad, nuestro apartamento es perfecto para quienes desean una estancia <br \/>relajante, co\u0301moda y refinada. <\/p>\n<h3>Un Apartamento Luminoso en el Corazo\u0301n de la Venecia Aute\u0301ntica<\/h3>\n<p>Venecia es una de las ciudades ma\u0301s fascinantes del mundo, rica en historia, arte y cultura. Sin embargo, para descubrir su verdadera alma, es necesario alejarse de los caminos ma\u0301s transitados e integrarse en los <strong>barrios aute\u0301nticos<\/strong>, donde au\u0301n hoy se respira la atmo\u0301sfera de antan\u0303o. Nuestro apartamento, situado en una zona tranquila y privada, te permite disfrutar de la ciudad sin el ajetreo turi\u0301stico, mantenie\u0301ndote a corta distancia de las principales atracciones venecianas.  <\/p>\n<h3>Caracteri\u0301sticas del Apartamento \u2013 Espacios Amplios y Grandes Ventanales<\/h3>\n<p>Nuestro luminoso apartamento est\u00e1 dise\u00f1ado para ofrecerte el m\u00e1ximo confort y elegancia. Con <strong>grandes ventanales<\/strong> que dejan entrar abundante luz natural y ofrecen una vista encantadora de los canales o de los caracter\u00edsticos tejados de Venecia, el apartamento garantiza un ambiente luminoso, acogedor y relajante. <\/p>\n<h4>Principales caracteri\u0301sticas del apartamento:<\/h4>\n<ul>\n<li><strong>Amplia zona de estar<\/strong> con mobiliario moderno y cuidado en cada detalle.<\/li>\n<li><strong>Cocina completamente equipada<\/strong>, ideal para preparar deliciosas comidas utilizando ingredientes frescos comprados en los mercados locales.<\/li>\n<li><strong>C\u00f3moda habitaci\u00f3n<\/strong> con camas de alta calidad, perfectas para garantizar un descanso reparador tras un d\u00eda explorando la ciudad.<\/li>\n<li><strong>Ban\u0303o moderno y elegante<\/strong>, con ducha o ban\u0303era, para momentos de total relajacio\u0301n.<\/li>\n<li><strong>Wi-Fi ra\u0301pido y gratuito<\/strong>, para mantenerte siempre conectado, incluso en vacaciones.<\/li>\n<li><strong>Aire acondicionado<\/strong> y calefaccio\u0301n auto\u0301noma, para una estancia confortable en cualquier e\u0301poca del an\u0303o.<\/li>\n<\/ul>\n<h3><span style=\"color: #ff0000;\"><strong>Nuestros Lofts:<\/strong><\/span><\/h3>\n<p><span style=\"color: #ff0000;\"><strong><a style=\"color: #ff0000;\" href=\"https:\/\/luxuryloftsinvenice.it\/es\/loft\/la-malvasia\/\" target=\"_blank\" rel=\"noopener\">La Malvasia<\/a><\/strong><\/span>,<\/p>\n<p><a href=\"https:\/\/luxuryloftsinvenice.it\/es\/loft\/la-gemma-rossa\/\" target=\"_blank\" rel=\"noopener\"><span style=\"color: #ff0000;\"><strong>La Gemma Rossa<\/strong><\/span><\/a><\/p>\n<h3>Ubicacio\u0301n Estrate\u0301gica \u2013 Descubre la Venecia Ma\u0301s Verdadera y Aute\u0301ntica<\/h3>\n<p>El apartamento se encuentra en uno <strong>de los barrios menos frecuentados por turistas<\/strong>, pero al mismo tiempo esta\u0301 bien conectado con los principales puntos de intere\u0301s. Su ubicacio\u0301n te permite explorar los <strong>tesoros escondidos de Venecia<\/strong>, como pequen\u0303as iglesias, <br \/>talleres artesanales y ti\u0301picas osterias (bacari), donde podra\u0301s degustar lo mejor de la cocina veneciana acompan\u0303ado de una buena copa de vino local. <\/p>\n<p>Desde tu base en nuestro luminoso apartamento, podra\u0301s llegar fa\u0301cilmente a:<\/p>\n<ul>\n<li><strong>Rialto y el Mercado de Pescado<\/strong>: uno de los mercados ma\u0301s antiguos y sugerentes de Venecia, donde podra\u0301s comprar productos frescos y de calidad.<\/li>\n<li><strong>Plaza de San Marcos<\/strong>: la plaza ma\u0301s famosa de la ciudad, con la Basi\u0301lica de San Marcos y el Campanile.<\/li>\n<li><strong>Gran Canal:<\/strong> la principal vi\u0301a acua\u0301tica de Venecia, ideal para recorrer en go\u0301ndola o vaporetto y admirar los palacios histo\u0301ricos.<\/li>\n<li><strong>Las islas de la Laguna:<\/strong> Murano, Burano y Torcello, perfectas para excursiones diarias y para descubrir la artesani\u0301a local y la naturaleza virgen.<\/li>\n<\/ul>\n<h3>Vive Venecia como un Verdadero Veneziano<\/h3>\n<p>Al hospedarte en nuestro apartamento, tendra\u0301s la oportunidad de vivir <strong>Venecia como un verdadero local.<\/strong> Podra\u0301s explorar la ciudad con calma, descubrir sus rincones escondidos e integrarte en su cultura u\u0301nica. Venecia, ma\u0301s alla\u0301 de las multitudes turi\u0301sticas, es un lugar ma\u0301gico, <strong>hecho de callejones secretos<\/strong>, <strong>plazas silenciosas<\/strong> y <strong>canales pintorescos<\/strong>, que esperan ser descubiertos.  <\/p>\n<h3>Confort, Privacidad y Relax Garantizados<\/h3>\n<p>Luxury Lofts en Venice garantiza la ma\u0301xima <strong>privacidad y tranquilidad<\/strong> durante tu estancia. El apartamento esta\u0301 ubicado en una zona residencial, lejos del caos de las a\u0301reas ma\u0301s concurridas, asegurando un ambiente sereno y relajante. Con <strong>mobiliario de disen\u0303o<\/strong> y comodidades modernas, el apartamento ofrece todo lo que necesitas para unas vacaciones perfectas, ya sea que este\u0301s planeando un fin de semana roma\u0301ntico, unas vacaciones culturales o una estancia prolongada.  <\/p>\n<h3>Servicios Exclusivos a Pedido<\/h3>\n<p>Adema\u0301s de garantizar un entorno acogedor y luminoso, Luxury Lofts en Venice ofrece una gama de <strong>servicios exclusivos<\/strong> para hacer tu estancia au\u0301n ma\u0301s inolvidable:<\/p>\n<ul>\n<li><strong>Servicio de traslado privado<\/strong> desde y hacia el aeropuerto o la estacio\u0301n, para garantizarte una llegada sin estre\u0301s.<\/li>\n<li><strong>Tours privados de Venecia<\/strong> con gui\u0301as expertos, para descubrir la ciudad desde una perspectiva privilegiada.<\/li>\n<li><strong>Experiencias culinarias<\/strong>: chef privado directamente en el apartamento para preparar cenas gourmet con productos locales.<\/li>\n<li><strong>Servicio de concierge personalizado<\/strong>, siempre disponible para responder a todas tus solicitudes y organizar excursiones, reservas en restaurantes o eventos especiales.<\/li>\n<\/ul>\n<h3>Perfecto para Parejas, Familias o Viajeros Solitarios<\/h3>\n<p>El apartamento que ofrece Luxury Lofts en Venice es la solucio\u0301n ideal para cualquier tipo de viajero. Ya sea que visites Venecia para una <strong>escapada roma\u0301ntica<\/strong> con tu pareja, una estancia cultural en familia, o un viaje en solitario para descubrir el arte y la historia de la ciudad, encontrara\u0301s todo lo necesario para una experiencia <strong>co\u0301moda e inolvidable<\/strong>. <\/p>\n<h3>Tarifas y Disponibilidad<\/h3>\n<p>Para obtener informacio\u0301n detallada sobre <strong>tarifas, disponibilidad y reservas<\/strong>, te invitamos a visitar nuestro sitio web o a contactarnos directamente. Ofrecemos precios competitivos para estancias cortas y largas, con la posibilidad de aprovechar ofertas especiales y paquetes con descuento segu\u0301n la temporada. <\/p>\n<p>\u201cDescubre la Venecia aute\u0301ntica alquilando un luminoso apartamento en el corazo\u0301n de la ciudad. Vive una estancia exclusiva y relajante con Luxury Lofts en Venice. \u00a1Reserva ahora!\u201d<\/p>\n<h3>Conta\u0301ctanos Ahora para Reservar tu Estancia<\/h3>\n<p><a href=\"https:\/\/wa.me\/393475356801\"><img decoding=\"async\" class=\"alignleft wp-image-185059\" src=\"https:\/\/luxuryloftsinvenice.it\/wp-content\/uploads\/2024\/10\/WhatsApp_icon-300x300.png\" alt=\"\" width=\"65\" height=\"65\" srcset=\"https:\/\/luxuryloftsinvenice.it\/wp-content\/uploads\/2024\/10\/WhatsApp_icon-300x300.png 300w, https:\/\/luxuryloftsinvenice.it\/wp-content\/uploads\/2024\/10\/WhatsApp_icon-150x150.png 150w, https:\/\/luxuryloftsinvenice.it\/wp-content\/uploads\/2024\/10\/WhatsApp_icon.png 662w\" sizes=\"(max-width: 65px) 100vw, 65px\" \/><\/a><\/p>\n<\/p>\n<\/p>\n<p>Per vivere un&#8217;esperienza unica nella Venezia autentica, contatta Luxury Lofts in Venice e prenota il tuo luminoso appartamento. Ti garantiamo un soggiorno indimenticabile all&#8217;insegna del comfort, della privacy e dell\u2019autenticit\u00e0 veneziana. Non perdere l\u2019opportunit\u00e0 di scoprire una Venezia lontana dalle rotte turistiche e immergiti nella vera essenza della citt\u00e0 pi\u00f9 romantica al mondo!  <\/p>\n<\/div>\n<\/div>\n<\/div>\n<\/div>\n<div class=\"mt-1 flex gap-3 empty:hidden -ml-2\">\n<div class=\"items-center justify-start rounded-xl p-1 flex\">\n<div class=\"flex items-center\"> <\/div>\n<\/div>\n<\/div>\n\t\t\t\t\t\t\t\t<\/div>\n\t\t\t\t<\/div>\n\t\t\t\t\t<\/div>\n\t\t<\/div>\n\t\t\t\t\t<\/div>\n\t\t<\/section>\n\t\t\t\t<\/div>\n\t\t","protected":false},"excerpt":{"rendered":"<p>Luminoso apartamento en alquiler en Venecia Precedente Successivo Alquila un Luminoso Apartamento en la Venecia Aute\u0301ntica \u2013 Vive una Estancia U\u0301nica con Luxury Lofts en Venice Si esta\u0301s buscando una experiencia aute\u0301ntica e inolvidable en Venecia, Luxury Lofts en Venice te ofrece la oportunidad de alquilar un luminoso apartamento ubicado en el corazo\u0301n de la [&hellip;]<\/p>\n","protected":false},"author":1,"featured_media":0,"parent":0,"menu_order":0,"comment_status":"closed","ping_status":"closed","template":"","meta":{"_acf_changed":false,"footnotes":""},"class_list":["post-185513","page","type-page","status-publish","hentry"],"acf":[],"yoast_head":"<!-- This site is optimized with the Yoast SEO plugin v26.0 - https:\/\/yoast.com\/wordpress\/plugins\/seo\/ -->\n<title>Luminoso apartamento en alquiler en Venecia - Luxury Lofts in Venice<\/title>\n<meta name=\"robots\" content=\"index, follow, max-snippet:-1, max-image-preview:large, max-video-preview:-1\" \/>\n<link rel=\"canonical\" href=\"https:\/\/luxuryloftsinvenice.it\/es\/luminoso-apartamento-en-alquiler-en-venecia\/\" \/>\n<meta property=\"og:locale\" content=\"es_ES\" \/>\n<meta property=\"og:type\" content=\"article\" \/>\n<meta property=\"og:title\" content=\"Luminoso apartamento en alquiler en Venecia - Luxury Lofts in Venice\" \/>\n<meta property=\"og:description\" content=\"Luminoso apartamento en alquiler en Venecia Precedente Successivo Alquila un Luminoso Apartamento en la Venecia Aute\u0301ntica \u2013 Vive una Estancia U\u0301nica con Luxury Lofts en Venice Si esta\u0301s buscando una experiencia aute\u0301ntica e inolvidable en Venecia, Luxury Lofts en Venice te ofrece la oportunidad de alquilar un luminoso apartamento ubicado en el corazo\u0301n de la [&hellip;]\" \/>\n<meta property=\"og:url\" content=\"https:\/\/luxuryloftsinvenice.it\/es\/luminoso-apartamento-en-alquiler-en-venecia\/\" \/>\n<meta property=\"og:site_name\" content=\"Luxury Lofts in Venice\" \/>\n<meta property=\"article:modified_time\" content=\"2024-10-31T13:12:47+00:00\" \/>\n<meta property=\"og:image\" content=\"https:\/\/luxuryloftsinvenice.it\/wp-content\/uploads\/2024\/10\/WhatsApp_icon.png\" \/>\n\t<meta property=\"og:image:width\" content=\"662\" \/>\n\t<meta property=\"og:image:height\" content=\"664\" \/>\n\t<meta property=\"og:image:type\" content=\"image\/png\" \/>\n<meta name=\"twitter:card\" content=\"summary_large_image\" \/>\n<meta name=\"twitter:label1\" content=\"Tiempo de lectura\" \/>\n\t<meta name=\"twitter:data1\" content=\"5 minutos\" \/>\n<script type=\"application\/ld+json\" class=\"yoast-schema-graph\">{\"@context\":\"https:\/\/schema.org\",\"@graph\":[{\"@type\":\"WebPage\",\"@id\":\"https:\/\/luxuryloftsinvenice.it\/es\/luminoso-apartamento-en-alquiler-en-venecia\/\",\"url\":\"https:\/\/luxuryloftsinvenice.it\/es\/luminoso-apartamento-en-alquiler-en-venecia\/\",\"name\":\"Luminoso apartamento en alquiler en Venecia - Luxury Lofts in Venice\",\"isPartOf\":{\"@id\":\"https:\/\/luxuryloftsinvenice.it\/es\/#website\"},\"primaryImageOfPage\":{\"@id\":\"https:\/\/luxuryloftsinvenice.it\/es\/luminoso-apartamento-en-alquiler-en-venecia\/#primaryimage\"},\"image\":{\"@id\":\"https:\/\/luxuryloftsinvenice.it\/es\/luminoso-apartamento-en-alquiler-en-venecia\/#primaryimage\"},\"thumbnailUrl\":\"https:\/\/luxuryloftsinvenice.it\/wp-content\/uploads\/2024\/10\/WhatsApp_icon-300x300.png\",\"datePublished\":\"2024-09-18T20:28:23+00:00\",\"dateModified\":\"2024-10-31T13:12:47+00:00\",\"breadcrumb\":{\"@id\":\"https:\/\/luxuryloftsinvenice.it\/es\/luminoso-apartamento-en-alquiler-en-venecia\/#breadcrumb\"},\"inLanguage\":\"es\",\"potentialAction\":[{\"@type\":\"ReadAction\",\"target\":[\"https:\/\/luxuryloftsinvenice.it\/es\/luminoso-apartamento-en-alquiler-en-venecia\/\"]}]},{\"@type\":\"ImageObject\",\"inLanguage\":\"es\",\"@id\":\"https:\/\/luxuryloftsinvenice.it\/es\/luminoso-apartamento-en-alquiler-en-venecia\/#primaryimage\",\"url\":\"https:\/\/luxuryloftsinvenice.it\/wp-content\/uploads\/2024\/10\/WhatsApp_icon-300x300.png\",\"contentUrl\":\"https:\/\/luxuryloftsinvenice.it\/wp-content\/uploads\/2024\/10\/WhatsApp_icon-300x300.png\"},{\"@type\":\"BreadcrumbList\",\"@id\":\"https:\/\/luxuryloftsinvenice.it\/es\/luminoso-apartamento-en-alquiler-en-venecia\/#breadcrumb\",\"itemListElement\":[{\"@type\":\"ListItem\",\"position\":1,\"name\":\"Home\",\"item\":\"https:\/\/luxuryloftsinvenice.it\/es\/\"},{\"@type\":\"ListItem\",\"position\":2,\"name\":\"Luminoso apartamento en alquiler en Venecia\"}]},{\"@type\":\"WebSite\",\"@id\":\"https:\/\/luxuryloftsinvenice.it\/es\/#website\",\"url\":\"https:\/\/luxuryloftsinvenice.it\/es\/\",\"name\":\"Luxury Lofts in Venice\",\"description\":\"Appartamenti a Venezia\",\"publisher\":{\"@id\":\"https:\/\/luxuryloftsinvenice.it\/es\/#organization\"},\"potentialAction\":[{\"@type\":\"SearchAction\",\"target\":{\"@type\":\"EntryPoint\",\"urlTemplate\":\"https:\/\/luxuryloftsinvenice.it\/es\/?s={search_term_string}\"},\"query-input\":{\"@type\":\"PropertyValueSpecification\",\"valueRequired\":true,\"valueName\":\"search_term_string\"}}],\"inLanguage\":\"es\"},{\"@type\":\"Organization\",\"@id\":\"https:\/\/luxuryloftsinvenice.it\/es\/#organization\",\"name\":\"Luxury Lofts in Venice\",\"url\":\"https:\/\/luxuryloftsinvenice.it\/es\/\",\"logo\":{\"@type\":\"ImageObject\",\"inLanguage\":\"es\",\"@id\":\"https:\/\/luxuryloftsinvenice.it\/es\/#\/schema\/logo\/image\/\",\"url\":\"https:\/\/luxuryloftsinvenice.it\/wp-content\/uploads\/2019\/09\/luxuryinvenice_end.png\",\"contentUrl\":\"https:\/\/luxuryloftsinvenice.it\/wp-content\/uploads\/2019\/09\/luxuryinvenice_end.png\",\"width\":583,\"height\":292,\"caption\":\"Luxury Lofts in Venice\"},\"image\":{\"@id\":\"https:\/\/luxuryloftsinvenice.it\/es\/#\/schema\/logo\/image\/\"}}]}<\/script>\n<!-- \/ Yoast SEO plugin. -->","yoast_head_json":{"title":"Luminoso apartamento en alquiler en Venecia - Luxury Lofts in Venice","robots":{"index":"index","follow":"follow","max-snippet":"max-snippet:-1","max-image-preview":"max-image-preview:large","max-video-preview":"max-video-preview:-1"},"canonical":"https:\/\/luxuryloftsinvenice.it\/es\/luminoso-apartamento-en-alquiler-en-venecia\/","og_locale":"es_ES","og_type":"article","og_title":"Luminoso apartamento en alquiler en Venecia - Luxury Lofts in Venice","og_description":"Luminoso apartamento en alquiler en Venecia Precedente Successivo Alquila un Luminoso Apartamento en la Venecia Aute\u0301ntica \u2013 Vive una Estancia U\u0301nica con Luxury Lofts en Venice Si esta\u0301s buscando una experiencia aute\u0301ntica e inolvidable en Venecia, Luxury Lofts en Venice te ofrece la oportunidad de alquilar un luminoso apartamento ubicado en el corazo\u0301n de la [&hellip;]","og_url":"https:\/\/luxuryloftsinvenice.it\/es\/luminoso-apartamento-en-alquiler-en-venecia\/","og_site_name":"Luxury Lofts in Venice","article_modified_time":"2024-10-31T13:12:47+00:00","og_image":[{"width":662,"height":664,"url":"https:\/\/luxuryloftsinvenice.it\/wp-content\/uploads\/2024\/10\/WhatsApp_icon.png","type":"image\/png"}],"twitter_card":"summary_large_image","twitter_misc":{"Tiempo de lectura":"5 minutos"},"schema":{"@context":"https:\/\/schema.org","@graph":[{"@type":"WebPage","@id":"https:\/\/luxuryloftsinvenice.it\/es\/luminoso-apartamento-en-alquiler-en-venecia\/","url":"https:\/\/luxuryloftsinvenice.it\/es\/luminoso-apartamento-en-alquiler-en-venecia\/","name":"Luminoso apartamento en alquiler en Venecia - Luxury Lofts in Venice","isPartOf":{"@id":"https:\/\/luxuryloftsinvenice.it\/es\/#website"},"primaryImageOfPage":{"@id":"https:\/\/luxuryloftsinvenice.it\/es\/luminoso-apartamento-en-alquiler-en-venecia\/#primaryimage"},"image":{"@id":"https:\/\/luxuryloftsinvenice.it\/es\/luminoso-apartamento-en-alquiler-en-venecia\/#primaryimage"},"thumbnailUrl":"https:\/\/luxuryloftsinvenice.it\/wp-content\/uploads\/2024\/10\/WhatsApp_icon-300x300.png","datePublished":"2024-09-18T20:28:23+00:00","dateModified":"2024-10-31T13:12:47+00:00","breadcrumb":{"@id":"https:\/\/luxuryloftsinvenice.it\/es\/luminoso-apartamento-en-alquiler-en-venecia\/#breadcrumb"},"inLanguage":"es","potentialAction":[{"@type":"ReadAction","target":["https:\/\/luxuryloftsinvenice.it\/es\/luminoso-apartamento-en-alquiler-en-venecia\/"]}]},{"@type":"ImageObject","inLanguage":"es","@id":"https:\/\/luxuryloftsinvenice.it\/es\/luminoso-apartamento-en-alquiler-en-venecia\/#primaryimage","url":"https:\/\/luxuryloftsinvenice.it\/wp-content\/uploads\/2024\/10\/WhatsApp_icon-300x300.png","contentUrl":"https:\/\/luxuryloftsinvenice.it\/wp-content\/uploads\/2024\/10\/WhatsApp_icon-300x300.png"},{"@type":"BreadcrumbList","@id":"https:\/\/luxuryloftsinvenice.it\/es\/luminoso-apartamento-en-alquiler-en-venecia\/#breadcrumb","itemListElement":[{"@type":"ListItem","position":1,"name":"Home","item":"https:\/\/luxuryloftsinvenice.it\/es\/"},{"@type":"ListItem","position":2,"name":"Luminoso apartamento en alquiler en Venecia"}]},{"@type":"WebSite","@id":"https:\/\/luxuryloftsinvenice.it\/es\/#website","url":"https:\/\/luxuryloftsinvenice.it\/es\/","name":"Luxury Lofts in Venice","description":"Appartamenti a Venezia","publisher":{"@id":"https:\/\/luxuryloftsinvenice.it\/es\/#organization"},"potentialAction":[{"@type":"SearchAction","target":{"@type":"EntryPoint","urlTemplate":"https:\/\/luxuryloftsinvenice.it\/es\/?s={search_term_string}"},"query-input":{"@type":"PropertyValueSpecification","valueRequired":true,"valueName":"search_term_string"}}],"inLanguage":"es"},{"@type":"Organization","@id":"https:\/\/luxuryloftsinvenice.it\/es\/#organization","name":"Luxury Lofts in Venice","url":"https:\/\/luxuryloftsinvenice.it\/es\/","logo":{"@type":"ImageObject","inLanguage":"es","@id":"https:\/\/luxuryloftsinvenice.it\/es\/#\/schema\/logo\/image\/","url":"https:\/\/luxuryloftsinvenice.it\/wp-content\/uploads\/2019\/09\/luxuryinvenice_end.png","contentUrl":"https:\/\/luxuryloftsinvenice.it\/wp-content\/uploads\/2019\/09\/luxuryinvenice_end.png","width":583,"height":292,"caption":"Luxury Lofts in Venice"},"image":{"@id":"https:\/\/luxuryloftsinvenice.it\/es\/#\/schema\/logo\/image\/"}}]}},"_links":{"self":[{"href":"https:\/\/luxuryloftsinvenice.it\/es\/wp-json\/wp\/v2\/pages\/185513","targetHints":{"allow":["GET"]}}],"collection":[{"href":"https:\/\/luxuryloftsinvenice.it\/es\/wp-json\/wp\/v2\/pages"}],"about":[{"href":"https:\/\/luxuryloftsinvenice.it\/es\/wp-json\/wp\/v2\/types\/page"}],"author":[{"embeddable":true,"href":"https:\/\/luxuryloftsinvenice.it\/es\/wp-json\/wp\/v2\/users\/1"}],"replies":[{"embeddable":true,"href":"https:\/\/luxuryloftsinvenice.it\/es\/wp-json\/wp\/v2\/comments?post=185513"}],"version-history":[{"count":1,"href":"https:\/\/luxuryloftsinvenice.it\/es\/wp-json\/wp\/v2\/pages\/185513\/revisions"}],"predecessor-version":[{"id":185514,"href":"https:\/\/luxuryloftsinvenice.it\/es\/wp-json\/wp\/v2\/pages\/185513\/revisions\/185514"}],"wp:attachment":[{"href":"https:\/\/luxuryloftsinvenice.it\/es\/wp-json\/wp\/v2\/media?parent=185513"}],"curies":[{"name":"wp","href":"https:\/\/api.w.org\/{rel}","templated":true}]}}