{"id":188812,"date":"2025-03-13T15:20:24","date_gmt":"2025-03-13T15:20:24","guid":{"rendered":"https:\/\/luxuryloftsinvenice.it\/exklusive-touren\/"},"modified":"2025-04-02T10:38:47","modified_gmt":"2025-04-02T10:38:47","slug":"exklusive-touren","status":"publish","type":"page","link":"https:\/\/luxuryloftsinvenice.it\/de\/exklusive-touren\/","title":{"rendered":"Exklusive Touren"},"content":{"rendered":"\t\t<div data-elementor-type=\"wp-page\" data-elementor-id=\"188812\" class=\"elementor elementor-188812 elementor-188513\" data-elementor-post-type=\"page\">\n\t\t\t\t\t\t<section class=\"elementor-section elementor-top-section elementor-element elementor-element-1f3f33dc elementor-section-boxed elementor-section-height-default elementor-section-height-default\" data-id=\"1f3f33dc\" data-element_type=\"section\">\n\t\t\t\t\t\t<div class=\"elementor-container elementor-column-gap-default\">\n\t\t\t\t\t<div class=\"aux-parallax-section elementor-column elementor-col-100 elementor-top-column elementor-element elementor-element-6014eb5f\" data-id=\"6014eb5f\" data-element_type=\"column\">\n\t\t\t<div class=\"elementor-widget-wrap elementor-element-populated\">\n\t\t\t\t\t\t<div class=\"elementor-element elementor-element-9c2e551 elementor-widget elementor-widget-heading\" data-id=\"9c2e551\" data-element_type=\"widget\" data-widget_type=\"heading.default\">\n\t\t\t\t<div class=\"elementor-widget-container\">\n\t\t\t\t\t<h1 class=\"elementor-heading-title elementor-size-default\">Exklusive Erlebnisse f\u00fcr diejenigen, die in den Luxus-Lofts in Venedig \u00fcbernachten<\/h1>\t\t\t\t<\/div>\n\t\t\t\t<\/div>\n\t\t\t\t<div class=\"elementor-element elementor-element-2dd4c50 elementor-widget elementor-widget-image\" data-id=\"2dd4c50\" data-element_type=\"widget\" data-widget_type=\"image.default\">\n\t\t\t\t<div class=\"elementor-widget-container\">\n\t\t\t\t\t\t\t\t\t\t\t\t\t\t\t<img fetchpriority=\"high\" decoding=\"async\" width=\"634\" height=\"900\" src=\"https:\/\/luxuryloftsinvenice.it\/wp-content\/uploads\/2025\/03\/VPBT2025HotelPoster1.png\" class=\"attachment-large size-large wp-image-188791\" alt=\"\" \/>\t\t\t\t\t\t\t\t\t\t\t\t\t\t\t<\/div>\n\t\t\t\t<\/div>\n\t\t\t\t<div class=\"elementor-element elementor-element-5d43ebc7 elementor-widget elementor-widget-text-editor\" data-id=\"5d43ebc7\" data-element_type=\"widget\" data-widget_type=\"text-editor.default\">\n\t\t\t\t<div class=\"elementor-widget-container\">\n\t\t\t\t\t\t\t\t\t<h2 style=\"text-align: center;\" data-start=\"109\" data-end=\"181\">\u200b<\/h2><p data-start=\"183\" data-end=\"501\">Ein <strong data-start=\"199\" data-end=\"225\">Aufenthalt in den Luxury Lofts in Venice<\/strong> bedeutet, eine einzigartige Erfahrung im Herzen der romantischsten Stadt der Welt zu erleben. Um Ihren Aufenthalt noch unvergesslicher zu machen, haben wir die b<strong data-start=\"390\" data-end=\"435\">esten touristischen Aktivit\u00e4ten in Venedig ausgew\u00e4hlt<\/strong> \u2013 von exklusiven Touren \u00fcber kulinarische Erlebnisse bis hin zu kulturellen Entdeckungen. <\/p><h2 data-start=\"503\" data-end=\"581\"><strong data-start=\"506\" data-end=\"574\">1. Exklusive Bootstour mit Venice Private Boat Tours<\/strong><\/h2><p><a href=\"https:\/\/venice-private-boat-tours.com\/\"><img decoding=\"async\" class=\"aligncenter wp-image-188545\" src=\"https:\/\/luxuryloftsinvenice.it\/wp-content\/uploads\/2025\/03\/WhatsApp-Image-2025-03-14-at-14.41.41-1024x900.jpeg\" alt=\"\" width=\"750\" height=\"373\" srcset=\"https:\/\/luxuryloftsinvenice.it\/wp-content\/uploads\/2025\/03\/WhatsApp-Image-2025-03-14-at-14.41.41-1536x763.jpeg 1536w, https:\/\/luxuryloftsinvenice.it\/wp-content\/uploads\/2025\/03\/WhatsApp-Image-2025-03-14-at-14.41.41.jpeg 1812w\" sizes=\"(max-width: 750px) 100vw, 750px\" \/><\/a><\/p><p style=\"text-align: center;\" data-start=\"583\" data-end=\"834\">Klicken Sie auf das Bild, um deren Website zu besuchen<\/p><p data-start=\"583\" data-end=\"834\">Erleben Sie Venedig aus einer v\u00f6llig neuen Perspektive mit <strong data-start=\"648\" data-end=\"723\"><a href=\"https:\/\/www.venice-private-boat-tours.com\/\" target=\"_new\" rel=\"noopener\" data-start=\"650\" data-end=\"721\">Venice Private Boat Tours<\/a><\/strong>, einem Premium-Service, der Ihnen erm\u00f6glicht, die Stadt an Bord eines eleganten privaten Bootes mit Skipper zu erkunden.<\/p><p data-start=\"836\" data-end=\"1577\"><strong data-start=\"839\" data-end=\"862\">Individuelle Routen:<\/strong> W\u00e4hlen Sie zwischen verschiedenen Touren, wie einer Rundfahrt zu den <strong data-start=\"924\" data-end=\"953\">Inseln Murano, Burano und Torcello <\/strong>oder einem romantischen Aperitif bei Sonnenuntergang in der Lagune.<br data-start=\"1047\" data-end=\"1050\"><strong data-start=\"1053\" data-end=\"1072\">Komfort und Luxus<\/strong>: Die Boote bieten h\u00f6chsten Komfort mit stilvollen Sitzen, Schatten im Sommer und der M\u00f6glichkeit, Ihr Erlebnis mit Prosecco und Gourmet-Snacks zu personalisieren.<br data-start=\"1251\" data-end=\"1254\"><strong data-start=\"1257\" data-end=\"1282\">Exklusivit\u00e4t und Privatsph\u00e4re<\/strong>: Perfekt f\u00fcr Paare, Freundesgruppen oder Familien, die <strong data-start=\"1353\" data-end=\"1384\">Venedig abseits der Menschenmengen <\/strong>in v\u00f6lliger Entspannung genie\u00dfen m\u00f6chten.<br data-start=\"1402\" data-end=\"1405\"><br><\/p><p data-start=\"1579\" data-end=\"1706\"><strong data-start=\"1582\" data-end=\"1629\">Buchen Sie jetzt Ihre personalisierte Tour mit<\/strong> <a href=\"https:\/\/www.venice-private-boat-tours.com\/\" target=\"_new\" rel=\"noopener\" data-start=\"1633\" data-end=\"1704\">Venice Private Boat Tours!<\/a><\/p><h2 data-start=\"1713\" data-end=\"1773\"><strong data-start=\"1716\" data-end=\"1767\">2. Private Touren und individuelle F\u00fchrungen2. Tour privati e visite guidate personalizzate<\/strong> \ufe0f<\/h2><p data-start=\"1775\" data-end=\"1919\">Entdecken Sie Venedig mit einem erfahrenen Reisef\u00fchrer, der Sie zu den sch\u00f6nsten Sehensw\u00fcrdigkeiten der Stadt f\u00fchrt \u2013 von ber\u00fchmten Denkm\u00e4lern bis hin zu versteckten Sch\u00e4tzen.<\/p><p data-start=\"1921\" data-end=\"2315\">\u2714\ufe0f <strong data-start=\"1924\" data-end=\"1954\">Geheimes Venedig-Tour:<\/strong> Abseits der klassischen Touristenpfade durch mysteri\u00f6se Gassen und faszinierende Legenden.<br data-start=\"2050\" data-end=\"2053\">\u2714\ufe0f <strong data-start=\"2056\" data-end=\"2107\">Besichtigung des Dogenpalasts und der Markusbasilika<\/strong>: Umgehen Sie die Warteschlangen und entdecken Sie die Geheimnisse der Serenissima mit einem Experten.<br data-start=\"2182\" data-end=\"2185\">\u2714\ufe0f <strong data-start=\"2188\" data-end=\"2218\">Fototour in Venedig<\/strong>: Perfekt f\u00fcr alle, die die Stadt zu den sch\u00f6nsten Tageszeiten, bei Sonnenaufgang oder Sonnenuntergang, festhalten m\u00f6chten.<\/p><h2 data-start=\"2322\" data-end=\"2382\"><strong data-start=\"2325\" data-end=\"2375\">3. Kulinarische Erlebnisse und Gourmet-Verkostungen<\/strong><\/h2><p data-start=\"2384\" data-end=\"2465\">Eine Reise nach Venedig ist nicht komplett ohne ein authentisches gastronomisches Erlebnis.<\/p><p data-start=\"2467\" data-end=\"2917\"><strong data-start=\"2470\" data-end=\"2501\">Tour durch Bacari und Cicchetti:<\/strong> Entdecken Sie die besten venezianischen Osterien und genie\u00dfen Sie lokale Weine mit k\u00f6stlichen Cicchetti.<br data-start=\"2598\" data-end=\"2601\"><strong data-start=\"2607\" data-end=\"2638\">Venezianischer Kochkurs:<\/strong> Lernen Sie, typische Gerichte wie Risotto mit Sepia-Tinte oder Sarde in Saor direkt in Ihrem Loft mit einem privaten Koch zuzubereiten.<br data-start=\"2772\" data-end=\"2775\"><strong data-start=\"2779\" data-end=\"2814\">Exklusives Dinner mit Privatkoch:<\/strong> Ein Gourmet-Erlebnis direkt in Ihrer Unterkunft mit individuell zubereiteten Gerichten.<\/p><h2 data-start=\"2924\" data-end=\"2964\"><strong data-start=\"2927\" data-end=\"2959\">4. Romantische Gondelfahrt \u2764\ufe0f<\/strong><\/h2><p data-start=\"2966\" data-end=\"3078\">Ein absolutes Muss f\u00fcr Venedig-Besucher: Lassen Sie sich in einer traditionellen Gondel durch die Kan\u00e4le treiben.<\/p><p data-start=\"3080\" data-end=\"3265\"><strong data-start=\"3082\" data-end=\"3110\">Private Gondelfahrt bei Sonnenuntergang<\/strong> mit Musiker an Bord f\u00fcr ein noch magischeres Erlebnis.<br data-start=\"3169\" data-end=\"3172\"><strong data-start=\"3175\" data-end=\"3205\">N\u00e4chtliche Tour durch die Kan\u00e4le,<\/strong> um das beleuchtete Venedig in seiner ganzen Sch\u00f6nheit zu bewundern.<\/p><h2 data-start=\"3272\" data-end=\"3338\"><strong data-start=\"3275\" data-end=\"3333\">5. Besuche in den Kunsthandwerkswerkst\u00e4tten von Murano und Burano<\/strong><\/h2><p data-start=\"3340\" data-end=\"3577\"><strong data-start=\"3343\" data-end=\"3374\">Besichtigung der Glasbl\u00e4sereien von Murano<\/strong>: Beobachten Sie die Glasmeister bei der Arbeit und entdecken Sie, wie das ber\u00fchmte Muranoglas entsteht.<br data-start=\"3461\" data-end=\"3464\"><strong data-start=\"3467\" data-end=\"3502\">Spitzenstickerei-Erlebnis in Burano<\/strong>: Besuchen Sie historische Werkst\u00e4tten und lernen Sie die Geheimnisse dieses jahrhundertealten Kunsthandwerks kennen.<\/p><h2 data-start=\"3584\" data-end=\"3638\"><strong data-start=\"3587\" data-end=\"3633\">6. Kulturelle Veranstaltungen und Auff\u00fchrungen in Venedig<\/strong><\/h2><p data-start=\"3640\" data-end=\"3809\"><strong data-start=\"3643\" data-end=\"3677\">Konzerte und Theaterauff\u00fchrungen<\/strong> in den renommiertesten Theatern Venedigs.<br data-start=\"3716\" data-end=\"3719\"><strong data-start=\"3723\" data-end=\"3754\">Kunstausstellungen und Vernissagen<\/strong> in den ber\u00fchmtesten Museen und Galerien der Stadt.<\/p><h2 data-start=\"3816\" data-end=\"3877\"><strong data-start=\"3819\" data-end=\"3869\">7. Entspannung und Wellness direkt in Ihrem Loft \u200d<\/strong><\/h2><p data-start=\"3879\" data-end=\"4003\">Buchen Sie Ihren Aufenthalt <strong>in<\/strong> <strong data-start=\"3904\" data-end=\"3926\">den Luxury Lofts in Venice<\/strong> und erleben <strong data-start=\"3940\" data-end=\"3963\">Sie einen<\/strong> Traumurlaub!<\/p><h3 data-start=\"4010\" data-end=\"4102\"><strong data-start=\"4014\" data-end=\"4100\">Buchen Sie Ihren Aufenthalt in den Luxury Lofts in Venice und erleben Sie einen Traumurlaub!<\/strong><\/h3><p data-start=\"4104\" data-end=\"4188\"><strong data-start=\"4107\" data-end=\"4186\">Erfahren Sie mehr \u00fcber <a href=\"https:\/\/luxuryloftsinvenice.it\/#\" target=\"_new\" rel=\"noopener\" data-start=\"4126\" data-end=\"4184\">Luxury Lofts in Venice<\/a><\/strong><\/p>\t\t\t\t\t\t\t\t<\/div>\n\t\t\t\t<\/div>\n\t\t\t\t\t<\/div>\n\t\t<\/div>\n\t\t\t\t\t<\/div>\n\t\t<\/section>\n\t\t\t\t<\/div>\n\t\t","protected":false},"excerpt":{"rendered":"<p>Exklusive Erlebnisse f\u00fcr diejenigen, die in den Luxus-Lofts in Venedig \u00fcbernachten \u200b Ein Aufenthalt in den Luxury Lofts in Venice bedeutet, eine einzigartige Erfahrung im Herzen der romantischsten Stadt der Welt zu erleben. Um Ihren Aufenthalt noch unvergesslicher zu machen, haben wir die besten touristischen Aktivit\u00e4ten in Venedig ausgew\u00e4hlt \u2013 von exklusiven Touren \u00fcber kulinarische [&hellip;]<\/p>\n","protected":false},"author":1,"featured_media":0,"parent":0,"menu_order":0,"comment_status":"closed","ping_status":"closed","template":"","meta":{"_acf_changed":false,"footnotes":""},"class_list":["post-188812","page","type-page","status-publish","hentry"],"acf":[],"yoast_head":"<!-- This site is optimized with the Yoast SEO plugin v26.0 - https:\/\/yoast.com\/wordpress\/plugins\/seo\/ -->\n<title>Exklusive Touren - Luxury Lofts in Venice<\/title>\n<meta name=\"robots\" content=\"index, follow, max-snippet:-1, max-image-preview:large, max-video-preview:-1\" \/>\n<link rel=\"canonical\" href=\"https:\/\/luxuryloftsinvenice.it\/de\/exklusive-touren\/\" \/>\n<meta property=\"og:locale\" content=\"de_DE\" \/>\n<meta property=\"og:type\" content=\"article\" \/>\n<meta property=\"og:title\" content=\"Exklusive Touren - Luxury Lofts in Venice\" \/>\n<meta property=\"og:description\" content=\"Exklusive Erlebnisse f\u00fcr diejenigen, die in den Luxus-Lofts in Venedig \u00fcbernachten \u200b Ein Aufenthalt in den Luxury Lofts in Venice bedeutet, eine einzigartige Erfahrung im Herzen der romantischsten Stadt der Welt zu erleben. Um Ihren Aufenthalt noch unvergesslicher zu machen, haben wir die besten touristischen Aktivit\u00e4ten in Venedig ausgew\u00e4hlt \u2013 von exklusiven Touren \u00fcber kulinarische [&hellip;]\" \/>\n<meta property=\"og:url\" content=\"https:\/\/luxuryloftsinvenice.it\/de\/exklusive-touren\/\" \/>\n<meta property=\"og:site_name\" content=\"Luxury Lofts in Venice\" \/>\n<meta property=\"article:modified_time\" content=\"2025-04-02T10:38:47+00:00\" \/>\n<meta property=\"og:image\" content=\"https:\/\/luxuryloftsinvenice.it\/wp-content\/uploads\/2025\/03\/VPBT2025HotelPoster1.png\" \/>\n\t<meta property=\"og:image:width\" content=\"634\" \/>\n\t<meta property=\"og:image:height\" content=\"900\" \/>\n\t<meta property=\"og:image:type\" content=\"image\/png\" \/>\n<meta name=\"twitter:card\" content=\"summary_large_image\" \/>\n<meta name=\"twitter:label1\" content=\"Gesch\u00e4tzte Lesezeit\" \/>\n\t<meta name=\"twitter:data1\" content=\"3\u00a0Minuten\" \/>\n<script type=\"application\/ld+json\" class=\"yoast-schema-graph\">{\"@context\":\"https:\/\/schema.org\",\"@graph\":[{\"@type\":\"WebPage\",\"@id\":\"https:\/\/luxuryloftsinvenice.it\/de\/exklusive-touren\/\",\"url\":\"https:\/\/luxuryloftsinvenice.it\/de\/exklusive-touren\/\",\"name\":\"Exklusive Touren - Luxury Lofts in Venice\",\"isPartOf\":{\"@id\":\"https:\/\/luxuryloftsinvenice.it\/de\/#website\"},\"primaryImageOfPage\":{\"@id\":\"https:\/\/luxuryloftsinvenice.it\/de\/exklusive-touren\/#primaryimage\"},\"image\":{\"@id\":\"https:\/\/luxuryloftsinvenice.it\/de\/exklusive-touren\/#primaryimage\"},\"thumbnailUrl\":\"https:\/\/luxuryloftsinvenice.it\/wp-content\/uploads\/2025\/03\/VPBT2025HotelPoster1.png\",\"datePublished\":\"2025-03-13T15:20:24+00:00\",\"dateModified\":\"2025-04-02T10:38:47+00:00\",\"breadcrumb\":{\"@id\":\"https:\/\/luxuryloftsinvenice.it\/de\/exklusive-touren\/#breadcrumb\"},\"inLanguage\":\"de\",\"potentialAction\":[{\"@type\":\"ReadAction\",\"target\":[\"https:\/\/luxuryloftsinvenice.it\/de\/exklusive-touren\/\"]}]},{\"@type\":\"ImageObject\",\"inLanguage\":\"de\",\"@id\":\"https:\/\/luxuryloftsinvenice.it\/de\/exklusive-touren\/#primaryimage\",\"url\":\"https:\/\/luxuryloftsinvenice.it\/wp-content\/uploads\/2025\/03\/VPBT2025HotelPoster1.png\",\"contentUrl\":\"https:\/\/luxuryloftsinvenice.it\/wp-content\/uploads\/2025\/03\/VPBT2025HotelPoster1.png\"},{\"@type\":\"BreadcrumbList\",\"@id\":\"https:\/\/luxuryloftsinvenice.it\/de\/exklusive-touren\/#breadcrumb\",\"itemListElement\":[{\"@type\":\"ListItem\",\"position\":1,\"name\":\"Home\",\"item\":\"https:\/\/luxuryloftsinvenice.it\/de\/\"},{\"@type\":\"ListItem\",\"position\":2,\"name\":\"Exklusive Touren\"}]},{\"@type\":\"WebSite\",\"@id\":\"https:\/\/luxuryloftsinvenice.it\/de\/#website\",\"url\":\"https:\/\/luxuryloftsinvenice.it\/de\/\",\"name\":\"Luxury Lofts in Venice\",\"description\":\"Appartamenti a Venezia\",\"publisher\":{\"@id\":\"https:\/\/luxuryloftsinvenice.it\/de\/#organization\"},\"potentialAction\":[{\"@type\":\"SearchAction\",\"target\":{\"@type\":\"EntryPoint\",\"urlTemplate\":\"https:\/\/luxuryloftsinvenice.it\/de\/?s={search_term_string}\"},\"query-input\":{\"@type\":\"PropertyValueSpecification\",\"valueRequired\":true,\"valueName\":\"search_term_string\"}}],\"inLanguage\":\"de\"},{\"@type\":\"Organization\",\"@id\":\"https:\/\/luxuryloftsinvenice.it\/de\/#organization\",\"name\":\"Luxury Lofts in Venice\",\"url\":\"https:\/\/luxuryloftsinvenice.it\/de\/\",\"logo\":{\"@type\":\"ImageObject\",\"inLanguage\":\"de\",\"@id\":\"https:\/\/luxuryloftsinvenice.it\/de\/#\/schema\/logo\/image\/\",\"url\":\"https:\/\/luxuryloftsinvenice.it\/wp-content\/uploads\/2019\/09\/luxuryinvenice_end.png\",\"contentUrl\":\"https:\/\/luxuryloftsinvenice.it\/wp-content\/uploads\/2019\/09\/luxuryinvenice_end.png\",\"width\":583,\"height\":292,\"caption\":\"Luxury Lofts in Venice\"},\"image\":{\"@id\":\"https:\/\/luxuryloftsinvenice.it\/de\/#\/schema\/logo\/image\/\"}}]}<\/script>\n<!-- \/ Yoast SEO plugin. -->","yoast_head_json":{"title":"Exklusive Touren - Luxury Lofts in Venice","robots":{"index":"index","follow":"follow","max-snippet":"max-snippet:-1","max-image-preview":"max-image-preview:large","max-video-preview":"max-video-preview:-1"},"canonical":"https:\/\/luxuryloftsinvenice.it\/de\/exklusive-touren\/","og_locale":"de_DE","og_type":"article","og_title":"Exklusive Touren - Luxury Lofts in Venice","og_description":"Exklusive Erlebnisse f\u00fcr diejenigen, die in den Luxus-Lofts in Venedig \u00fcbernachten \u200b Ein Aufenthalt in den Luxury Lofts in Venice bedeutet, eine einzigartige Erfahrung im Herzen der romantischsten Stadt der Welt zu erleben. Um Ihren Aufenthalt noch unvergesslicher zu machen, haben wir die besten touristischen Aktivit\u00e4ten in Venedig ausgew\u00e4hlt \u2013 von exklusiven Touren \u00fcber kulinarische [&hellip;]","og_url":"https:\/\/luxuryloftsinvenice.it\/de\/exklusive-touren\/","og_site_name":"Luxury Lofts in Venice","article_modified_time":"2025-04-02T10:38:47+00:00","og_image":[{"width":634,"height":900,"url":"https:\/\/luxuryloftsinvenice.it\/wp-content\/uploads\/2025\/03\/VPBT2025HotelPoster1.png","type":"image\/png"}],"twitter_card":"summary_large_image","twitter_misc":{"Gesch\u00e4tzte Lesezeit":"3\u00a0Minuten"},"schema":{"@context":"https:\/\/schema.org","@graph":[{"@type":"WebPage","@id":"https:\/\/luxuryloftsinvenice.it\/de\/exklusive-touren\/","url":"https:\/\/luxuryloftsinvenice.it\/de\/exklusive-touren\/","name":"Exklusive Touren - Luxury Lofts in Venice","isPartOf":{"@id":"https:\/\/luxuryloftsinvenice.it\/de\/#website"},"primaryImageOfPage":{"@id":"https:\/\/luxuryloftsinvenice.it\/de\/exklusive-touren\/#primaryimage"},"image":{"@id":"https:\/\/luxuryloftsinvenice.it\/de\/exklusive-touren\/#primaryimage"},"thumbnailUrl":"https:\/\/luxuryloftsinvenice.it\/wp-content\/uploads\/2025\/03\/VPBT2025HotelPoster1.png","datePublished":"2025-03-13T15:20:24+00:00","dateModified":"2025-04-02T10:38:47+00:00","breadcrumb":{"@id":"https:\/\/luxuryloftsinvenice.it\/de\/exklusive-touren\/#breadcrumb"},"inLanguage":"de","potentialAction":[{"@type":"ReadAction","target":["https:\/\/luxuryloftsinvenice.it\/de\/exklusive-touren\/"]}]},{"@type":"ImageObject","inLanguage":"de","@id":"https:\/\/luxuryloftsinvenice.it\/de\/exklusive-touren\/#primaryimage","url":"https:\/\/luxuryloftsinvenice.it\/wp-content\/uploads\/2025\/03\/VPBT2025HotelPoster1.png","contentUrl":"https:\/\/luxuryloftsinvenice.it\/wp-content\/uploads\/2025\/03\/VPBT2025HotelPoster1.png"},{"@type":"BreadcrumbList","@id":"https:\/\/luxuryloftsinvenice.it\/de\/exklusive-touren\/#breadcrumb","itemListElement":[{"@type":"ListItem","position":1,"name":"Home","item":"https:\/\/luxuryloftsinvenice.it\/de\/"},{"@type":"ListItem","position":2,"name":"Exklusive Touren"}]},{"@type":"WebSite","@id":"https:\/\/luxuryloftsinvenice.it\/de\/#website","url":"https:\/\/luxuryloftsinvenice.it\/de\/","name":"Luxury Lofts in Venice","description":"Appartamenti a Venezia","publisher":{"@id":"https:\/\/luxuryloftsinvenice.it\/de\/#organization"},"potentialAction":[{"@type":"SearchAction","target":{"@type":"EntryPoint","urlTemplate":"https:\/\/luxuryloftsinvenice.it\/de\/?s={search_term_string}"},"query-input":{"@type":"PropertyValueSpecification","valueRequired":true,"valueName":"search_term_string"}}],"inLanguage":"de"},{"@type":"Organization","@id":"https:\/\/luxuryloftsinvenice.it\/de\/#organization","name":"Luxury Lofts in Venice","url":"https:\/\/luxuryloftsinvenice.it\/de\/","logo":{"@type":"ImageObject","inLanguage":"de","@id":"https:\/\/luxuryloftsinvenice.it\/de\/#\/schema\/logo\/image\/","url":"https:\/\/luxuryloftsinvenice.it\/wp-content\/uploads\/2019\/09\/luxuryinvenice_end.png","contentUrl":"https:\/\/luxuryloftsinvenice.it\/wp-content\/uploads\/2019\/09\/luxuryinvenice_end.png","width":583,"height":292,"caption":"Luxury Lofts in Venice"},"image":{"@id":"https:\/\/luxuryloftsinvenice.it\/de\/#\/schema\/logo\/image\/"}}]}},"_links":{"self":[{"href":"https:\/\/luxuryloftsinvenice.it\/de\/wp-json\/wp\/v2\/pages\/188812","targetHints":{"allow":["GET"]}}],"collection":[{"href":"https:\/\/luxuryloftsinvenice.it\/de\/wp-json\/wp\/v2\/pages"}],"about":[{"href":"https:\/\/luxuryloftsinvenice.it\/de\/wp-json\/wp\/v2\/types\/page"}],"author":[{"embeddable":true,"href":"https:\/\/luxuryloftsinvenice.it\/de\/wp-json\/wp\/v2\/users\/1"}],"replies":[{"embeddable":true,"href":"https:\/\/luxuryloftsinvenice.it\/de\/wp-json\/wp\/v2\/comments?post=188812"}],"version-history":[{"count":1,"href":"https:\/\/luxuryloftsinvenice.it\/de\/wp-json\/wp\/v2\/pages\/188812\/revisions"}],"predecessor-version":[{"id":188813,"href":"https:\/\/luxuryloftsinvenice.it\/de\/wp-json\/wp\/v2\/pages\/188812\/revisions\/188813"}],"wp:attachment":[{"href":"https:\/\/luxuryloftsinvenice.it\/de\/wp-json\/wp\/v2\/media?parent=188812"}],"curies":[{"name":"wp","href":"https:\/\/api.w.org\/{rel}","templated":true}]}}