{"id":181054,"date":"2024-02-06T10:28:02","date_gmt":"2024-02-06T10:28:02","guid":{"rendered":"https:\/\/luxuryloftsinvenice.it\/zur-kasse\/"},"modified":"2025-03-26T14:12:31","modified_gmt":"2025-03-26T14:12:31","slug":"zur-kasse","status":"publish","type":"page","link":"https:\/\/luxuryloftsinvenice.it\/de\/zur-kasse\/","title":{"rendered":"Zur Kasse"},"content":{"rendered":"\t\t<div data-elementor-type=\"wp-page\" data-elementor-id=\"181054\" class=\"elementor elementor-181054 elementor-1688\" data-elementor-post-type=\"page\">\n\t\t\t\t\t\t<section class=\"elementor-section elementor-top-section elementor-element elementor-element-6335e4c elementor-section-full_width elementor-section-height-min-height elementor-section-height-default elementor-section-items-middle\" data-id=\"6335e4c\" data-element_type=\"section\" data-settings=\"{&quot;background_background&quot;:&quot;classic&quot;}\">\n\t\t\t\t\t\t\t<div class=\"elementor-background-overlay\"><\/div>\n\t\t\t\t\t\t\t<div class=\"elementor-container elementor-column-gap-default\">\n\t\t\t\t\t<div class=\"aux-parallax-section elementor-column elementor-col-50 elementor-top-column elementor-element elementor-element-985b9c2\" data-id=\"985b9c2\" data-element_type=\"column\">\n\t\t\t<div class=\"elementor-widget-wrap elementor-element-populated\">\n\t\t\t\t\t\t<div class=\"elementor-element elementor-element-4373f5e aux-appear-watch-animation aux-fade-in elementor-widget elementor-widget-heading\" data-id=\"4373f5e\" data-element_type=\"widget\" data-widget_type=\"heading.default\">\n\t\t\t\t<div class=\"elementor-widget-container\">\n\t\t\t\t\t<h2 class=\"elementor-heading-title elementor-size-default\">Zur Kasse<\/h2>\t\t\t\t<\/div>\n\t\t\t\t<\/div>\n\t\t\t\t<div class=\"elementor-element elementor-element-f2934d9 elementor-widget elementor-widget-mphbe-checkout\" data-id=\"f2934d9\" data-element_type=\"widget\" data-widget_type=\"mphbe-checkout.default\">\n\t\t\t\t<div class=\"elementor-widget-container\">\n\t\t\t\t\t<div class=\"mphb_sc_checkout-wrapper \"><\/div>\t\t\t\t<\/div>\n\t\t\t\t<\/div>\n\t\t\t\t<div class=\"elementor-element elementor-element-c98be29 elementor-widget elementor-widget-text-editor\" data-id=\"c98be29\" data-element_type=\"widget\" data-widget_type=\"text-editor.default\">\n\t\t\t\t<div class=\"elementor-widget-container\">\n\t\t\t\t\t\t\t\t\t<p>Check-in ab 13:00 Uhr &#8211; Check-out bis 10:00 Uhr<\/p>\n<p>Zwischen 22:00 und 08:00 Uhr wird um Ruhe gebeten. Bei Aufenthalten von mehr als 15 Tagen f\u00fchren wir einen obligatorischen Wechsel der Bettw\u00e4sche und Reinigung einmal pro Woche zum Preis von 50 \u20ac pro Woche durch. Die Zahlung dieser Geb\u00fchr erfolgt bitte bei Erbringung der Dienstleistung in bar. <\/p>\n<p>Beim Check-in werden die Dokumente jedes Bewohners der Wohnung vorgelegt, da ich als Gastgeber alle ankommenden G\u00e4ste auf der Website der \u00f6rtlichen Beh\u00f6rden registrieren muss.<\/p>\n<p>Am Anreisetag ist gem\u00e4\u00df der \u00f6rtlichen Gesetzgebung au\u00dferdem die Zahlung der Kurtaxe in H\u00f6he von 4 \u20ac pro Person und Nacht erforderlich.<\/p>\n\t\t\t\t\t\t\t\t<\/div>\n\t\t\t\t<\/div>\n\t\t\t\t\t<\/div>\n\t\t<\/div>\n\t\t\t\t<div class=\"aux-parallax-section elementor-column elementor-col-50 elementor-top-column elementor-element elementor-element-ed376d4\" data-id=\"ed376d4\" data-element_type=\"column\">\n\t\t\t<div class=\"elementor-widget-wrap\">\n\t\t\t\t\t\t\t<\/div>\n\t\t<\/div>\n\t\t\t\t\t<\/div>\n\t\t<\/section>\n\t\t\t\t<\/div>\n\t\t","protected":false},"excerpt":{"rendered":"<p>Check-in ab 13:00 Uhr &#8211; Check-out bis 10:00 Uhr Zwischen 22:00 und 08:00 Uhr wird um Ruhe gebeten. Bei Aufenthalten von mehr als 15 Tagen f\u00fchren wir einen obligatorischen Wechsel der Bettw\u00e4sche und Reinigung einmal pro Woche zum Preis von 50 \u20ac pro Woche durch. Die Zahlung dieser Geb\u00fchr erfolgt bitte bei Erbringung der Dienstleistung [&hellip;]<\/p>\n","protected":false},"author":1,"featured_media":0,"parent":0,"menu_order":0,"comment_status":"closed","ping_status":"closed","template":"elementor_header_footer","meta":{"_acf_changed":false,"footnotes":""},"class_list":["post-181054","page","type-page","status-publish","hentry"],"acf":[],"yoast_head":"<!-- This site is optimized with the Yoast SEO plugin v26.0 - https:\/\/yoast.com\/wordpress\/plugins\/seo\/ -->\n<title>Zur Kasse - Luxury Lofts in Venice<\/title>\n<meta name=\"robots\" content=\"index, follow, max-snippet:-1, max-image-preview:large, max-video-preview:-1\" \/>\n<link rel=\"canonical\" href=\"https:\/\/luxuryloftsinvenice.it\/de\/zur-kasse\/\" \/>\n<meta property=\"og:locale\" content=\"de_DE\" \/>\n<meta property=\"og:type\" content=\"article\" \/>\n<meta property=\"og:title\" content=\"Zur Kasse - Luxury Lofts in Venice\" \/>\n<meta property=\"og:description\" content=\"Check-in ab 13:00 Uhr &#8211; Check-out bis 10:00 Uhr Zwischen 22:00 und 08:00 Uhr wird um Ruhe gebeten. Bei Aufenthalten von mehr als 15 Tagen f\u00fchren wir einen obligatorischen Wechsel der Bettw\u00e4sche und Reinigung einmal pro Woche zum Preis von 50 \u20ac pro Woche durch. Die Zahlung dieser Geb\u00fchr erfolgt bitte bei Erbringung der Dienstleistung [&hellip;]\" \/>\n<meta property=\"og:url\" content=\"https:\/\/luxuryloftsinvenice.it\/de\/zur-kasse\/\" \/>\n<meta property=\"og:site_name\" content=\"Luxury Lofts in Venice\" \/>\n<meta property=\"article:modified_time\" content=\"2025-03-26T14:12:31+00:00\" \/>\n<meta property=\"og:image\" content=\"https:\/\/luxuryloftsinvenice.it\/wp-content\/uploads\/2019\/09\/luxuryinvenice_end.png\" \/>\n\t<meta property=\"og:image:width\" content=\"583\" \/>\n\t<meta property=\"og:image:height\" content=\"292\" \/>\n\t<meta property=\"og:image:type\" content=\"image\/png\" \/>\n<meta name=\"twitter:card\" content=\"summary_large_image\" \/>\n<meta name=\"twitter:label1\" content=\"Gesch\u00e4tzte Lesezeit\" \/>\n\t<meta name=\"twitter:data1\" content=\"1\u00a0Minute\" \/>\n<script type=\"application\/ld+json\" class=\"yoast-schema-graph\">{\"@context\":\"https:\/\/schema.org\",\"@graph\":[{\"@type\":\"WebPage\",\"@id\":\"https:\/\/luxuryloftsinvenice.it\/de\/zur-kasse\/\",\"url\":\"https:\/\/luxuryloftsinvenice.it\/de\/zur-kasse\/\",\"name\":\"Zur Kasse - Luxury Lofts in Venice\",\"isPartOf\":{\"@id\":\"https:\/\/luxuryloftsinvenice.it\/de\/#website\"},\"datePublished\":\"2024-02-06T10:28:02+00:00\",\"dateModified\":\"2025-03-26T14:12:31+00:00\",\"breadcrumb\":{\"@id\":\"https:\/\/luxuryloftsinvenice.it\/de\/zur-kasse\/#breadcrumb\"},\"inLanguage\":\"de\",\"potentialAction\":[{\"@type\":\"ReadAction\",\"target\":[\"https:\/\/luxuryloftsinvenice.it\/de\/zur-kasse\/\"]}]},{\"@type\":\"BreadcrumbList\",\"@id\":\"https:\/\/luxuryloftsinvenice.it\/de\/zur-kasse\/#breadcrumb\",\"itemListElement\":[{\"@type\":\"ListItem\",\"position\":1,\"name\":\"Home\",\"item\":\"https:\/\/luxuryloftsinvenice.it\/de\/\"},{\"@type\":\"ListItem\",\"position\":2,\"name\":\"Zur Kasse\"}]},{\"@type\":\"WebSite\",\"@id\":\"https:\/\/luxuryloftsinvenice.it\/de\/#website\",\"url\":\"https:\/\/luxuryloftsinvenice.it\/de\/\",\"name\":\"Luxury Lofts in Venice\",\"description\":\"Appartamenti a Venezia\",\"publisher\":{\"@id\":\"https:\/\/luxuryloftsinvenice.it\/de\/#organization\"},\"potentialAction\":[{\"@type\":\"SearchAction\",\"target\":{\"@type\":\"EntryPoint\",\"urlTemplate\":\"https:\/\/luxuryloftsinvenice.it\/de\/?s={search_term_string}\"},\"query-input\":{\"@type\":\"PropertyValueSpecification\",\"valueRequired\":true,\"valueName\":\"search_term_string\"}}],\"inLanguage\":\"de\"},{\"@type\":\"Organization\",\"@id\":\"https:\/\/luxuryloftsinvenice.it\/de\/#organization\",\"name\":\"Luxury Lofts in Venice\",\"url\":\"https:\/\/luxuryloftsinvenice.it\/de\/\",\"logo\":{\"@type\":\"ImageObject\",\"inLanguage\":\"de\",\"@id\":\"https:\/\/luxuryloftsinvenice.it\/de\/#\/schema\/logo\/image\/\",\"url\":\"https:\/\/luxuryloftsinvenice.it\/wp-content\/uploads\/2019\/09\/luxuryinvenice_end.png\",\"contentUrl\":\"https:\/\/luxuryloftsinvenice.it\/wp-content\/uploads\/2019\/09\/luxuryinvenice_end.png\",\"width\":583,\"height\":292,\"caption\":\"Luxury Lofts in Venice\"},\"image\":{\"@id\":\"https:\/\/luxuryloftsinvenice.it\/de\/#\/schema\/logo\/image\/\"}}]}<\/script>\n<!-- \/ Yoast SEO plugin. -->","yoast_head_json":{"title":"Zur Kasse - Luxury Lofts in Venice","robots":{"index":"index","follow":"follow","max-snippet":"max-snippet:-1","max-image-preview":"max-image-preview:large","max-video-preview":"max-video-preview:-1"},"canonical":"https:\/\/luxuryloftsinvenice.it\/de\/zur-kasse\/","og_locale":"de_DE","og_type":"article","og_title":"Zur Kasse - Luxury Lofts in Venice","og_description":"Check-in ab 13:00 Uhr &#8211; Check-out bis 10:00 Uhr Zwischen 22:00 und 08:00 Uhr wird um Ruhe gebeten. Bei Aufenthalten von mehr als 15 Tagen f\u00fchren wir einen obligatorischen Wechsel der Bettw\u00e4sche und Reinigung einmal pro Woche zum Preis von 50 \u20ac pro Woche durch. Die Zahlung dieser Geb\u00fchr erfolgt bitte bei Erbringung der Dienstleistung [&hellip;]","og_url":"https:\/\/luxuryloftsinvenice.it\/de\/zur-kasse\/","og_site_name":"Luxury Lofts in Venice","article_modified_time":"2025-03-26T14:12:31+00:00","og_image":[{"width":583,"height":292,"url":"https:\/\/luxuryloftsinvenice.it\/wp-content\/uploads\/2019\/09\/luxuryinvenice_end.png","type":"image\/png"}],"twitter_card":"summary_large_image","twitter_misc":{"Gesch\u00e4tzte Lesezeit":"1\u00a0Minute"},"schema":{"@context":"https:\/\/schema.org","@graph":[{"@type":"WebPage","@id":"https:\/\/luxuryloftsinvenice.it\/de\/zur-kasse\/","url":"https:\/\/luxuryloftsinvenice.it\/de\/zur-kasse\/","name":"Zur Kasse - Luxury Lofts in Venice","isPartOf":{"@id":"https:\/\/luxuryloftsinvenice.it\/de\/#website"},"datePublished":"2024-02-06T10:28:02+00:00","dateModified":"2025-03-26T14:12:31+00:00","breadcrumb":{"@id":"https:\/\/luxuryloftsinvenice.it\/de\/zur-kasse\/#breadcrumb"},"inLanguage":"de","potentialAction":[{"@type":"ReadAction","target":["https:\/\/luxuryloftsinvenice.it\/de\/zur-kasse\/"]}]},{"@type":"BreadcrumbList","@id":"https:\/\/luxuryloftsinvenice.it\/de\/zur-kasse\/#breadcrumb","itemListElement":[{"@type":"ListItem","position":1,"name":"Home","item":"https:\/\/luxuryloftsinvenice.it\/de\/"},{"@type":"ListItem","position":2,"name":"Zur Kasse"}]},{"@type":"WebSite","@id":"https:\/\/luxuryloftsinvenice.it\/de\/#website","url":"https:\/\/luxuryloftsinvenice.it\/de\/","name":"Luxury Lofts in Venice","description":"Appartamenti a Venezia","publisher":{"@id":"https:\/\/luxuryloftsinvenice.it\/de\/#organization"},"potentialAction":[{"@type":"SearchAction","target":{"@type":"EntryPoint","urlTemplate":"https:\/\/luxuryloftsinvenice.it\/de\/?s={search_term_string}"},"query-input":{"@type":"PropertyValueSpecification","valueRequired":true,"valueName":"search_term_string"}}],"inLanguage":"de"},{"@type":"Organization","@id":"https:\/\/luxuryloftsinvenice.it\/de\/#organization","name":"Luxury Lofts in Venice","url":"https:\/\/luxuryloftsinvenice.it\/de\/","logo":{"@type":"ImageObject","inLanguage":"de","@id":"https:\/\/luxuryloftsinvenice.it\/de\/#\/schema\/logo\/image\/","url":"https:\/\/luxuryloftsinvenice.it\/wp-content\/uploads\/2019\/09\/luxuryinvenice_end.png","contentUrl":"https:\/\/luxuryloftsinvenice.it\/wp-content\/uploads\/2019\/09\/luxuryinvenice_end.png","width":583,"height":292,"caption":"Luxury Lofts in Venice"},"image":{"@id":"https:\/\/luxuryloftsinvenice.it\/de\/#\/schema\/logo\/image\/"}}]}},"_links":{"self":[{"href":"https:\/\/luxuryloftsinvenice.it\/de\/wp-json\/wp\/v2\/pages\/181054","targetHints":{"allow":["GET"]}}],"collection":[{"href":"https:\/\/luxuryloftsinvenice.it\/de\/wp-json\/wp\/v2\/pages"}],"about":[{"href":"https:\/\/luxuryloftsinvenice.it\/de\/wp-json\/wp\/v2\/types\/page"}],"author":[{"embeddable":true,"href":"https:\/\/luxuryloftsinvenice.it\/de\/wp-json\/wp\/v2\/users\/1"}],"replies":[{"embeddable":true,"href":"https:\/\/luxuryloftsinvenice.it\/de\/wp-json\/wp\/v2\/comments?post=181054"}],"version-history":[{"count":3,"href":"https:\/\/luxuryloftsinvenice.it\/de\/wp-json\/wp\/v2\/pages\/181054\/revisions"}],"predecessor-version":[{"id":188733,"href":"https:\/\/luxuryloftsinvenice.it\/de\/wp-json\/wp\/v2\/pages\/181054\/revisions\/188733"}],"wp:attachment":[{"href":"https:\/\/luxuryloftsinvenice.it\/de\/wp-json\/wp\/v2\/media?parent=181054"}],"curies":[{"name":"wp","href":"https:\/\/api.w.org\/{rel}","templated":true}]}}