{"id":181021,"date":"2019-11-25T14:59:54","date_gmt":"2019-11-25T14:59:54","guid":{"rendered":"https:\/\/luxuryloftsinvenice.it\/datenschutzbestimmungen\/"},"modified":"2024-04-17T12:28:21","modified_gmt":"2024-04-17T12:28:21","slug":"datenschutzbestimmungen","status":"publish","type":"page","link":"https:\/\/luxuryloftsinvenice.it\/de\/datenschutzbestimmungen\/","title":{"rendered":"Datenschutzbestimmungen"},"content":{"rendered":"\t\t<div data-elementor-type=\"wp-page\" data-elementor-id=\"181021\" class=\"elementor elementor-181021 elementor-983\" data-elementor-post-type=\"page\">\n\t\t\t\t\t\t<section class=\"elementor-section elementor-top-section elementor-element elementor-element-b71c4a3 elementor-section-boxed elementor-section-height-default elementor-section-height-default\" data-id=\"b71c4a3\" data-element_type=\"section\">\n\t\t\t\t\t\t<div class=\"elementor-container elementor-column-gap-default\">\n\t\t\t\t\t<div class=\"aux-parallax-section elementor-column elementor-col-100 elementor-top-column elementor-element elementor-element-0299319\" data-id=\"0299319\" data-element_type=\"column\">\n\t\t\t<div class=\"elementor-widget-wrap elementor-element-populated\">\n\t\t\t\t\t\t<div class=\"elementor-element elementor-element-030bc51 elementor-widget elementor-widget-heading\" data-id=\"030bc51\" data-element_type=\"widget\" data-widget_type=\"heading.default\">\n\t\t\t\t<div class=\"elementor-widget-container\">\n\t\t\t\t\t<h1 class=\"elementor-heading-title elementor-size-default\">Datenschutzbestimmungen<\/h1>\t\t\t\t<\/div>\n\t\t\t\t<\/div>\n\t\t\t\t<div class=\"elementor-element elementor-element-3bb5791 elementor-widget elementor-widget-text-editor\" data-id=\"3bb5791\" data-element_type=\"widget\" data-widget_type=\"text-editor.default\">\n\t\t\t\t<div class=\"elementor-widget-container\">\n\t\t\t\t\t\t\t\t\tInformationen \u00fcber die Verarbeitung personenbezogener Daten und Website-Cookies\n<h2>1. Vorwort<\/h2>\nIn \u00dcbereinstimmung mit den Verpflichtungen, die sich aus der Verordnung (EU) Nr. 2016\/679 des Europ\u00e4ischen Parlaments und des Rates vom 27. April 2016 (im Folgenden die<strong>&#8222;Verordnung<\/strong>&#8220; oder<strong>&#8222;GDPR<\/strong>&#8222;) und der geltenden nationalen Gesetzgebung respektiert und sch\u00fctzt Daniela Spandri die personenbezogenen Daten der Besucher und Nutzer (im Folgenden die<strong>&#8222;Betroffenen<\/strong>&#8222;) der Website www.luxuryloftsinvenice.it\/ (im Folgenden die<strong>&#8222;Website<\/strong>&#8222;).\nDieses Dokument enth\u00e4lt Informationen \u00fcber die Verarbeitung personenbezogener Daten, die von Daniela Spandri \u00fcber die Internetseite erhoben werden, und stellt daher eine Information f\u00fcr die betroffenen Personen gem\u00e4\u00df der oben genannten Gesetzgebung dar und gilt nicht f\u00fcr personenbezogene Daten, die von Daniela Spandri \u00fcber andere Kan\u00e4le als die Internetseite erhoben werden.\nIn \u00dcbereinstimmung mit den Bestimmungen der Verordnung erfolgt die Verarbeitung personenbezogener Daten der betroffenen Personen unter Einhaltung der Grunds\u00e4tze der Korrektheit, Rechtm\u00e4\u00dfigkeit, Transparenz und des Schutzes der Vertraulichkeit.\n\n<u>Die Internet-Site enth\u00e4lt Links zu anderen Internet-Sites:<\/u>\n\ndieser Hinweis gilt nicht f\u00fcr solche anderen Internetseiten, die von den Interessenten \u00fcber Links konsultiert werden k\u00f6nnen. Solche Websites k\u00f6nnen Informationen \u00fcber die Verarbeitung personenbezogener Daten enthalten, die sich ganz oder teilweise von diesem Hinweis unterscheiden. Daniela Spandri bittet daher die Interessenten, die Datenschutzhinweise jeder anderen Website, auf die sie zugreifen, sorgf\u00e4ltig zu lesen, insbesondere bevor sie pers\u00f6nliche Daten eingeben.\n\n<h2>2. Identit\u00e4t und Kontaktinformationen des f\u00fcr die Datenverarbeitung Verantwortlichen<\/h2>\nDer Inhaber der Datenverarbeitung ist Daniela Spandri (im Folgenden<strong>&#8222;Daniela Spandri<\/strong>&#8220; oder der<strong>&#8222;Inhaber der Datenverarbeitung<\/strong>&#8222;), Umsatzsteuernummer 04108980279, mit Sitz in Cannareggio 3276 30121 &#8211; Venedig(VE) (Tel: +39 3475356801; E-Mail spandrid@gmail.com).\n\n<h2>3. Arten von Daten, die \u00fcber die Website verarbeitet werden<\/h2>\nDer Data Controller kann die folgenden Daten \u00fcber die Website verarbeiten:\n\n<u><i>Automatisierte Datenerfassung &#8211; Verkehrs- und Navigationsdaten<\/i><\/u>\n\nDie f\u00fcr den Betrieb der Website verwendeten Computersysteme und Softwareverfahren erfassen im Rahmen ihres normalen Betriebs bestimmte personenbezogene Daten, deren \u00dcbermittlung durch die Verwendung von Internet-Kommunikationsprotokollen impliziert ist.\n\nZu dieser Datenkategorie geh\u00f6ren die IP-Adressen oder Dom\u00e4nennamen der von den Nutzern verwendeten Computer und Terminals, der Browsertyp, der Name des Internetdienstanbieters, die URI\/URL (Uniform Resource Identifier\/Locator)-Notationsadressen der angeforderten Ressourcen, das Datum und die Uhrzeit des Besuchs der Website, die f\u00fcr die \u00dcbermittlung der Anfrage an den Server verwendete Methode, die Gr\u00f6\u00dfe der als Antwort erhaltenen Datei, der Zahlencode, der den Status der vom Server gegebenen Antwort angibt (erfolgreich, Fehler usw.), die Webseite, von der der Nutzer kommt, und die Seite, die er verl\u00e4sst, sowie andere Parameter im Zusammenhang mit dem Betriebssystem und der Computerumgebung des Nutzers.), die Webseite, von der der Benutzer kommt, und die Seite, die er verl\u00e4sst, sowie weitere Parameter, die sich auf das Betriebssystem und die Computerumgebung des Benutzers beziehen.\n\n<u><i>Von den betroffenen Personen \u00fcbermittelte Daten<\/i><\/u>\n\nDas fakultative, ausdr\u00fcckliche und freiwillige Versenden von Nachrichten an die Kontaktadressen des f\u00fcr die Verarbeitung Verantwortlichen sowie das Ausf\u00fcllen und Weiterleiten der Kontaktformulare auf der Website f\u00fchren zur Erfassung der Kontaktdaten des Absenders, die f\u00fcr die Beantwortung erforderlich sind, sowie aller personenbezogenen Daten, die in den Mitteilungen enthalten sind (wie z. B. Vorname, Nachname, E-Mail-Adresse).\nIn jedem Fall sind die betroffenen Personen verpflichtet, wahrheitsgem\u00e4\u00dfe und korrekte Angaben zu machen und den f\u00fcr die Verarbeitung Verantwortlichen unverz\u00fcglich \u00fcber alle nachtr\u00e4glichen \u00c4nderungen zu informieren.\n<h2>4. Cookies und andere Tracking-Systeme<\/h2>\nDie Internetseite verwendet Cookies und \u00e4hnliche Technologien. Informationen \u00fcber die Verwendung von Cookies finden Sie in unserer Cookie-Richtlinie.\n<h2>5. Zweck und Rechtsgrundlage der Verarbeitung<\/h2>\nDer f\u00fcr die Datenverarbeitung Verantwortliche verarbeitet <u>Verkehrs- und Navigationsdaten<\/u> f\u00fcr folgende Zwecke:\n(a) die Internetseite zu verwalten und zu verbessern; das ordnungsgem\u00e4\u00dfe Funktionieren der angebotenen Dienste zu \u00fcberwachen;\n(b) zur Erf\u00fcllung von Verpflichtungen aufgrund von Gesetzen und\/oder Vorschriften und\/oder Anordnungen der Justizbeh\u00f6rde;\n(c) betr\u00fcgerische und\/oder sch\u00e4dliche Aktivit\u00e4ten auf der Website zu verhindern und\/oder aufzudecken;\n(d) Analysen zu technischen und\/oder kommerziellen Zwecken durchzuf\u00fchren; statistische Informationen \u00fcber die Nutzung der Dienste zu erhalten (meistbesuchte Seiten, Anzahl der Besucher pro Zeitfenster oder pro Tag, geografische Herkunftsgebiete usw.).\nDie Verarbeitung dieser Daten ist notwendig, um auf der Internetseite navigieren zu k\u00f6nnen.\nDer f\u00fcr die Datenverarbeitung Verantwortliche verarbeitet die <u>von den betroffenen Personen \u00fcbermittelten Daten<\/u> f\u00fcr folgende Zwecke:\n(e) auf Hilfeersuchen und allgemein auf alle Fragen und\/oder Anfragen von Nutzern zu reagieren;\n(f) E-Mails mit administrativem und\/oder technischem Support an Benutzer zu senden (z. B. technische Hinweise, Erinnerungen, Updates usw.);\n(g) zur Versendung von Newslettern, kommerziellen Mitteilungen und\/oder Werbematerial \u00fcber Produkte und\/oder Dienstleistungen, die vom f\u00fcr die Verarbeitung Verantwortlichen angeboten werden, per Post und\/oder per E-Mail.\nDie Verarbeitung der von den Betroffenen \u00fcbermittelten Daten zu den oben genannten Zwecken erfordert die Zustimmung der Betroffenen. Diese Zustimmung ist immer fakultativ, aber in diesem Fall kann Daniela Spandri die f\u00fcr die oben genannten Zwecke erhobenen Daten nicht verarbeiten.\n<h2>6. \u00dcbermittlung von Daten<\/h2>\nDie gesammelten personenbezogenen Daten k\u00f6nnen an Aufsichtsbeh\u00f6rden, Justizbeh\u00f6rden sowie an alle Personen weitergegeben werden, an die die Weitergabe gesetzlich vorgeschrieben und\/oder f\u00fcr die Erf\u00fcllung der oben beschriebenen Zwecke erforderlich ist.\n<h2>7. Art der Verarbeitung der erhobenen personenbezogenen Daten und Speicherdauer<\/h2>\nDie gesammelten Daten k\u00f6nnen sowohl in Papierform als auch elektronisch und\/oder automatisch verarbeitet werden.\nIn jedem Fall wird der f\u00fcr die Verarbeitung Verantwortliche die erhobenen personenbezogenen Daten nur so lange verarbeiten, wie es f\u00fcr die Erf\u00fcllung der in diesem Informationsschreiben genannten Zwecke erforderlich ist, und in jedem Fall nicht l\u00e4nger, als es die geltende Gesetzgebung (einschlie\u00dflich der Steuergesetzgebung) verlangt.\n<h2>8. M\u00f6gliche Weitergabe von pers\u00f6nlichen Daten<\/h2>\nDie Datenverwaltung und -speicherung erfolgt auf Servern innerhalb der Europ\u00e4ischen Union des f\u00fcr die Datenverarbeitung Verantwortlichen und\/oder von Drittunternehmen, die als Datenverarbeiter ernannt und ordnungsgem\u00e4\u00df beauftragt wurden. Die Server befinden sich derzeit in Italien.\nEs versteht sich in jedem Fall, dass der f\u00fcr die Datenverarbeitung Verantwortliche das Recht hat, den Standort der Server nach Italien und\/oder in die Europ\u00e4ische Union und\/oder in Nicht-EU-L\u00e4nder zu verlegen, falls dies erforderlich sein sollte. In einem solchen Fall stellt der f\u00fcr die Verarbeitung Verantwortliche sicher, dass die Daten\u00fcbermittlung au\u00dferhalb der EU unter Einhaltung der geltenden Rechtsvorschriften erfolgt, indem er gegebenenfalls Vereinbarungen schlie\u00dft, die ein angemessenes Schutzniveau gew\u00e4hrleisten, und\/oder indem er die von der Europ\u00e4ischen Kommission vorgesehenen Standardvertragsklauseln anwendet.\n<h2>9. Sicherheitsma\u00dfnahmen<\/h2>\nDer f\u00fcr die Verarbeitung Verantwortliche verarbeitet die Daten der betroffenen Personen auf rechtm\u00e4\u00dfige und korrekte Weise und ergreift geeignete Sicherheitsma\u00dfnahmen, um einen unbefugten Zugriff, eine unbefugte Weitergabe, \u00c4nderung oder Zerst\u00f6rung der Daten sowie eine unrechtm\u00e4\u00dfige Nutzung der Daten zu verhindern.\nDie Verarbeitung erfolgt mit Hilfe von Computer- und\/oder Telematikinstrumenten, mit organisatorischen Methoden und einer Logik, die sich streng an den angegebenen Zwecken orientiert, und die Daten werden in sicheren Einrichtungen mit begrenztem Zugang und \u00dcberpr\u00fcfung durch das Personal gespeichert und gepflegt.\nDer Zugang zu den Informationen ist streng auf autorisiertes Personal beschr\u00e4nkt.\nDie Internetseite wird st\u00e4ndig auf Sicherheitsverst\u00f6\u00dfe \u00fcberwacht.\nNeben dem f\u00fcr die Datenverarbeitung Verantwortlichen k\u00f6nnen in einigen F\u00e4llen Kategorien von Datenverarbeitern, die an der Organisation der Website beteiligt sind (Verwaltung, Vertrieb, Marketing, Rechtsabteilung, Systemadministratoren) oder externe Parteien (wie z. B. dritte technische Dienstleister, Postkuriere, Hosting-Anbieter, IT-Unternehmen, Kommunikationsagenturen) Zugang zu den Daten haben, die auf der Grundlage spezifischer Anweisungen des f\u00fcr die Datenverarbeitung Verantwortlichen handeln.\nIn jedem Fall fordert der f\u00fcr die Verarbeitung Verantwortliche die betroffenen Personen auf, angemessene Schutzma\u00dfnahmen und\/oder Vorkehrungen gegen den unbefugten Zugriff auf ihren privaten Bereich und\/oder ihren Computer zu treffen.\n<h2>10. Rechte der betroffenen Personen<\/h2>\nGem\u00e4\u00df Kapitel III der DSGVO k\u00f6nnen die betroffenen Personen jederzeit die dort vorgesehenen Rechte aus\u00fcben, insbesondere:\n<strong>Recht auf Zugang:<\/strong>  von dem f\u00fcr die Verarbeitung Verantwortlichen eine Best\u00e4tigung dar\u00fcber zu erhalten, ob sie betreffende personenbezogene Daten verarbeitet werden oder nicht, und, falls dies der Fall ist, Informationen \u00fcber die Zwecke der Verarbeitung, die betroffenen Datenkategorien, die Empf\u00e4nger oder Kategorien von Empf\u00e4ngern, an die die personenbezogenen Daten weitergegeben werden oder weitergegeben werden sollen, die Dauer der Speicherung der personenbezogenen Daten oder die Kriterien f\u00fcr die Festlegung dieser Dauer zu erhalten (Art. 15, GDPR);\n\n<strong>Recht auf Berichtigung:<\/strong> Sie haben das Recht, von dem f\u00fcr die Verarbeitung Verantwortlichen unverz\u00fcglich die Berichtigung unrichtiger personenbezogener Daten und die Vervollst\u00e4ndigung unvollst\u00e4ndiger personenbezogener Daten zu verlangen, indem Sie eine erg\u00e4nzende Erkl\u00e4rung abgeben (Art. 16, GDPR);\n\n<strong>Recht auf L\u00f6schung:<\/strong> Sie haben das Recht, von dem f\u00fcr die Verarbeitung Verantwortlichen unverz\u00fcglich die L\u00f6schung Ihrer personenbezogenen Daten in den in der DSGVO vorgesehenen F\u00e4llen zu verlangen (sogenanntes &#8222;Recht auf Vergessenwerden&#8220; &#8211; Art. 17 DSGVO);\n\n<strong>Recht auf Einschr\u00e4nkung:<\/strong> Erwirken Sie beim Verantwortlichen f\u00fcr die Datenverarbeitung die Einschr\u00e4nkung der Verarbeitung in den von der DSGVO vorgesehenen F\u00e4llen (Art. 18, DSGVO);\n\n<strong>Recht auf \u00dcbertragbarkeit:<\/strong>  von dem f\u00fcr die Verarbeitung Verantwortlichen die sie betreffenden personenbezogenen Daten, die dem f\u00fcr die Verarbeitung Verantwortlichen zur Verf\u00fcgung gestellt wurden, in einem strukturierten, g\u00e4ngigen und maschinenlesbaren Format zu erhalten und zu beantragen, dass diese Daten direkt oder \u00fcber den f\u00fcr die Verarbeitung Verantwortlichen, sofern dies technisch m\u00f6glich ist, an einen anderen f\u00fcr die Verarbeitung Verantwortlichen \u00fcbermittelt werden (sogenanntes &#8222;Recht auf Daten\u00fcbertragbarkeit&#8220; &#8211; Art. 20 GDPR);\n\n<strong>Widerspruchsrecht:<\/strong> Widerspruch gegen die Verarbeitung personenbezogener Daten sowie gegen die Verarbeitung personenbezogener Daten f\u00fcr Zwecke des Direktmarketings (Art. 21 GDPR).\n\nDer entsprechende Antrag kann jederzeit per Post an Daniela Spandri unter folgender Adresse eingereicht werden: Daniela Spandri Cannareggio 3276 30121 &#8211; Venezia(VE); per E-Mail an spandrid@gmail.com.\nEinwilligungen, die unter Bezugnahme auf diese Informationsschrift erteilt wurden, k\u00f6nnen jederzeit auf die gleiche Weise widerrufen werden, ohne dass die Rechtm\u00e4\u00dfigkeit der Verarbeitung aufgrund der vor dem Widerruf erteilten Einwilligung ber\u00fchrt wird.\n\nAlle Mitteilungen und Handlungen, die Daniela Spandri im Zusammenhang mit der Aus\u00fcbung der unten aufgef\u00fchrten Rechte vornimmt, sind kostenlos, au\u00dfer in den in Art. 12(5) der Datenschutz-Grundverordnung.\n\nInteressenten k\u00f6nnen sich auch an Daniela Spandri unter der Telefonnummer +39 3475356801 wenden, wenn sie Informationen und\/oder Klarstellungen bez\u00fcglich der Verarbeitung personenbezogener Daten \u00fcber die Website ben\u00f6tigen.\n<h2>11. Recht auf Beschwerde<\/h2>\nBetroffene Personen, die der Ansicht sind, dass die \u00fcber die Website durchgef\u00fchrte Verarbeitung sie betreffender personenbezogener Daten gegen die Bestimmungen der Verordnung verst\u00f6\u00dft, haben das Recht, eine Beschwerde bei der Garante einzureichen, wie es in Art. 77 der Verordnung selbst, oder geeignete rechtliche Schritte einzuleiten (Art. 79 der Verordnung).\n<h2>12. Schutz von Minderj\u00e4hrigen<\/h2>\nDer f\u00fcr die Datenverarbeitung Verantwortliche erlaubt Minderj\u00e4hrigen unter 16 Jahren nicht, seine Dienste zu nutzen und sammelt daher nicht absichtlich Informationen \u00fcber sie. Sollte sie feststellen, dass sie Daten von Personen unter 16 Jahren gesammelt hat, wird sie diese Daten so schnell wie m\u00f6glich l\u00f6schen, sofern keine nachweisliche Zustimmung der Eltern vorliegt.\n<h2>13. Regelm\u00e4\u00dfige Aktualisierung dieser Datenschutzrichtlinie<\/h2>\nDiese Datenschutzrichtlinie ist g\u00fcltig und wirksam ab dem 25. Mai 2018 und kann sich im Laufe der Zeit \u00e4ndern, unter anderem aufgrund von \u00c4nderungen oder Erg\u00e4nzungen der geltenden Gesetzgebung.\nSollte der f\u00fcr die Verarbeitung Verantwortliche wesentliche \u00c4nderungen an diesem Dokument vornehmen, wird er die betroffenen Personen auf die Art und Weise informieren, die ihm f\u00fcr diesen Zweck am geeignetsten erscheint (wie z. B. die Ver\u00f6ffentlichung auf der Startseite der Website und\/oder das Versenden eines Newsletters an die von den betroffenen Personen angegebene E-Mail-Adresse).\n\nDiese Mitteilung wurde am 25. Mai 2018 aktualisiert.\n\t\t\t\t\t\t\t\t<\/div>\n\t\t\t\t<\/div>\n\t\t\t\t\t<\/div>\n\t\t<\/div>\n\t\t\t\t\t<\/div>\n\t\t<\/section>\n\t\t\t\t<\/div>\n\t\t","protected":false},"excerpt":{"rendered":"<p>Datenschutzbestimmungen Informationen \u00fcber die Verarbeitung personenbezogener Daten und Website-Cookies 1. Vorwort In \u00dcbereinstimmung mit den Verpflichtungen, die sich aus der Verordnung (EU) Nr. 2016\/679 des Europ\u00e4ischen Parlaments und des Rates vom 27. April 2016 (im Folgenden die&#8222;Verordnung&#8220; oder&#8222;GDPR&#8222;) und der geltenden nationalen Gesetzgebung respektiert und sch\u00fctzt Daniela Spandri die personenbezogenen Daten der Besucher und Nutzer [&hellip;]<\/p>\n","protected":false},"author":1,"featured_media":0,"parent":0,"menu_order":0,"comment_status":"closed","ping_status":"closed","template":"","meta":{"_acf_changed":false,"footnotes":""},"class_list":["post-181021","page","type-page","status-publish","hentry"],"acf":[],"yoast_head":"<!-- This site is optimized with the Yoast SEO plugin v26.0 - https:\/\/yoast.com\/wordpress\/plugins\/seo\/ -->\n<title>Datenschutzbestimmungen - Luxury Lofts in Venice<\/title>\n<meta name=\"robots\" content=\"index, follow, max-snippet:-1, max-image-preview:large, max-video-preview:-1\" \/>\n<link rel=\"canonical\" href=\"https:\/\/luxuryloftsinvenice.it\/de\/datenschutzbestimmungen\/\" \/>\n<meta property=\"og:locale\" content=\"de_DE\" \/>\n<meta property=\"og:type\" content=\"article\" \/>\n<meta property=\"og:title\" content=\"Datenschutzbestimmungen - Luxury Lofts in Venice\" \/>\n<meta property=\"og:description\" content=\"Datenschutzbestimmungen Informationen \u00fcber die Verarbeitung personenbezogener Daten und Website-Cookies 1. Vorwort In \u00dcbereinstimmung mit den Verpflichtungen, die sich aus der Verordnung (EU) Nr. 2016\/679 des Europ\u00e4ischen Parlaments und des Rates vom 27. April 2016 (im Folgenden die&#8222;Verordnung&#8220; oder&#8222;GDPR&#8222;) und der geltenden nationalen Gesetzgebung respektiert und sch\u00fctzt Daniela Spandri die personenbezogenen Daten der Besucher und Nutzer [&hellip;]\" \/>\n<meta property=\"og:url\" content=\"https:\/\/luxuryloftsinvenice.it\/de\/datenschutzbestimmungen\/\" \/>\n<meta property=\"og:site_name\" content=\"Luxury Lofts in Venice\" \/>\n<meta property=\"article:modified_time\" content=\"2024-04-17T12:28:21+00:00\" \/>\n<meta property=\"og:image\" content=\"https:\/\/luxuryloftsinvenice.it\/wp-content\/uploads\/2019\/09\/luxuryinvenice_end.png\" \/>\n\t<meta property=\"og:image:width\" content=\"583\" \/>\n\t<meta property=\"og:image:height\" content=\"292\" \/>\n\t<meta property=\"og:image:type\" content=\"image\/png\" \/>\n<meta name=\"twitter:card\" content=\"summary_large_image\" \/>\n<meta name=\"twitter:label1\" content=\"Gesch\u00e4tzte Lesezeit\" \/>\n\t<meta name=\"twitter:data1\" content=\"10\u00a0Minuten\" \/>\n<script type=\"application\/ld+json\" class=\"yoast-schema-graph\">{\"@context\":\"https:\/\/schema.org\",\"@graph\":[{\"@type\":\"WebPage\",\"@id\":\"https:\/\/luxuryloftsinvenice.it\/de\/datenschutzbestimmungen\/\",\"url\":\"https:\/\/luxuryloftsinvenice.it\/de\/datenschutzbestimmungen\/\",\"name\":\"Datenschutzbestimmungen - Luxury Lofts in Venice\",\"isPartOf\":{\"@id\":\"https:\/\/luxuryloftsinvenice.it\/de\/#website\"},\"datePublished\":\"2019-11-25T14:59:54+00:00\",\"dateModified\":\"2024-04-17T12:28:21+00:00\",\"breadcrumb\":{\"@id\":\"https:\/\/luxuryloftsinvenice.it\/de\/datenschutzbestimmungen\/#breadcrumb\"},\"inLanguage\":\"de\",\"potentialAction\":[{\"@type\":\"ReadAction\",\"target\":[\"https:\/\/luxuryloftsinvenice.it\/de\/datenschutzbestimmungen\/\"]}]},{\"@type\":\"BreadcrumbList\",\"@id\":\"https:\/\/luxuryloftsinvenice.it\/de\/datenschutzbestimmungen\/#breadcrumb\",\"itemListElement\":[{\"@type\":\"ListItem\",\"position\":1,\"name\":\"Home\",\"item\":\"https:\/\/luxuryloftsinvenice.it\/de\/\"},{\"@type\":\"ListItem\",\"position\":2,\"name\":\"Datenschutzbestimmungen\"}]},{\"@type\":\"WebSite\",\"@id\":\"https:\/\/luxuryloftsinvenice.it\/de\/#website\",\"url\":\"https:\/\/luxuryloftsinvenice.it\/de\/\",\"name\":\"Luxury Lofts in Venice\",\"description\":\"Appartamenti a Venezia\",\"publisher\":{\"@id\":\"https:\/\/luxuryloftsinvenice.it\/de\/#organization\"},\"potentialAction\":[{\"@type\":\"SearchAction\",\"target\":{\"@type\":\"EntryPoint\",\"urlTemplate\":\"https:\/\/luxuryloftsinvenice.it\/de\/?s={search_term_string}\"},\"query-input\":{\"@type\":\"PropertyValueSpecification\",\"valueRequired\":true,\"valueName\":\"search_term_string\"}}],\"inLanguage\":\"de\"},{\"@type\":\"Organization\",\"@id\":\"https:\/\/luxuryloftsinvenice.it\/de\/#organization\",\"name\":\"Luxury Lofts in Venice\",\"url\":\"https:\/\/luxuryloftsinvenice.it\/de\/\",\"logo\":{\"@type\":\"ImageObject\",\"inLanguage\":\"de\",\"@id\":\"https:\/\/luxuryloftsinvenice.it\/de\/#\/schema\/logo\/image\/\",\"url\":\"https:\/\/luxuryloftsinvenice.it\/wp-content\/uploads\/2019\/09\/luxuryinvenice_end.png\",\"contentUrl\":\"https:\/\/luxuryloftsinvenice.it\/wp-content\/uploads\/2019\/09\/luxuryinvenice_end.png\",\"width\":583,\"height\":292,\"caption\":\"Luxury Lofts in Venice\"},\"image\":{\"@id\":\"https:\/\/luxuryloftsinvenice.it\/de\/#\/schema\/logo\/image\/\"}}]}<\/script>\n<!-- \/ Yoast SEO plugin. -->","yoast_head_json":{"title":"Datenschutzbestimmungen - Luxury Lofts in Venice","robots":{"index":"index","follow":"follow","max-snippet":"max-snippet:-1","max-image-preview":"max-image-preview:large","max-video-preview":"max-video-preview:-1"},"canonical":"https:\/\/luxuryloftsinvenice.it\/de\/datenschutzbestimmungen\/","og_locale":"de_DE","og_type":"article","og_title":"Datenschutzbestimmungen - Luxury Lofts in Venice","og_description":"Datenschutzbestimmungen Informationen \u00fcber die Verarbeitung personenbezogener Daten und Website-Cookies 1. Vorwort In \u00dcbereinstimmung mit den Verpflichtungen, die sich aus der Verordnung (EU) Nr. 2016\/679 des Europ\u00e4ischen Parlaments und des Rates vom 27. April 2016 (im Folgenden die&#8222;Verordnung&#8220; oder&#8222;GDPR&#8222;) und der geltenden nationalen Gesetzgebung respektiert und sch\u00fctzt Daniela Spandri die personenbezogenen Daten der Besucher und Nutzer [&hellip;]","og_url":"https:\/\/luxuryloftsinvenice.it\/de\/datenschutzbestimmungen\/","og_site_name":"Luxury Lofts in Venice","article_modified_time":"2024-04-17T12:28:21+00:00","og_image":[{"width":583,"height":292,"url":"https:\/\/luxuryloftsinvenice.it\/wp-content\/uploads\/2019\/09\/luxuryinvenice_end.png","type":"image\/png"}],"twitter_card":"summary_large_image","twitter_misc":{"Gesch\u00e4tzte Lesezeit":"10\u00a0Minuten"},"schema":{"@context":"https:\/\/schema.org","@graph":[{"@type":"WebPage","@id":"https:\/\/luxuryloftsinvenice.it\/de\/datenschutzbestimmungen\/","url":"https:\/\/luxuryloftsinvenice.it\/de\/datenschutzbestimmungen\/","name":"Datenschutzbestimmungen - Luxury Lofts in Venice","isPartOf":{"@id":"https:\/\/luxuryloftsinvenice.it\/de\/#website"},"datePublished":"2019-11-25T14:59:54+00:00","dateModified":"2024-04-17T12:28:21+00:00","breadcrumb":{"@id":"https:\/\/luxuryloftsinvenice.it\/de\/datenschutzbestimmungen\/#breadcrumb"},"inLanguage":"de","potentialAction":[{"@type":"ReadAction","target":["https:\/\/luxuryloftsinvenice.it\/de\/datenschutzbestimmungen\/"]}]},{"@type":"BreadcrumbList","@id":"https:\/\/luxuryloftsinvenice.it\/de\/datenschutzbestimmungen\/#breadcrumb","itemListElement":[{"@type":"ListItem","position":1,"name":"Home","item":"https:\/\/luxuryloftsinvenice.it\/de\/"},{"@type":"ListItem","position":2,"name":"Datenschutzbestimmungen"}]},{"@type":"WebSite","@id":"https:\/\/luxuryloftsinvenice.it\/de\/#website","url":"https:\/\/luxuryloftsinvenice.it\/de\/","name":"Luxury Lofts in Venice","description":"Appartamenti a Venezia","publisher":{"@id":"https:\/\/luxuryloftsinvenice.it\/de\/#organization"},"potentialAction":[{"@type":"SearchAction","target":{"@type":"EntryPoint","urlTemplate":"https:\/\/luxuryloftsinvenice.it\/de\/?s={search_term_string}"},"query-input":{"@type":"PropertyValueSpecification","valueRequired":true,"valueName":"search_term_string"}}],"inLanguage":"de"},{"@type":"Organization","@id":"https:\/\/luxuryloftsinvenice.it\/de\/#organization","name":"Luxury Lofts in Venice","url":"https:\/\/luxuryloftsinvenice.it\/de\/","logo":{"@type":"ImageObject","inLanguage":"de","@id":"https:\/\/luxuryloftsinvenice.it\/de\/#\/schema\/logo\/image\/","url":"https:\/\/luxuryloftsinvenice.it\/wp-content\/uploads\/2019\/09\/luxuryinvenice_end.png","contentUrl":"https:\/\/luxuryloftsinvenice.it\/wp-content\/uploads\/2019\/09\/luxuryinvenice_end.png","width":583,"height":292,"caption":"Luxury Lofts in Venice"},"image":{"@id":"https:\/\/luxuryloftsinvenice.it\/de\/#\/schema\/logo\/image\/"}}]}},"_links":{"self":[{"href":"https:\/\/luxuryloftsinvenice.it\/de\/wp-json\/wp\/v2\/pages\/181021","targetHints":{"allow":["GET"]}}],"collection":[{"href":"https:\/\/luxuryloftsinvenice.it\/de\/wp-json\/wp\/v2\/pages"}],"about":[{"href":"https:\/\/luxuryloftsinvenice.it\/de\/wp-json\/wp\/v2\/types\/page"}],"author":[{"embeddable":true,"href":"https:\/\/luxuryloftsinvenice.it\/de\/wp-json\/wp\/v2\/users\/1"}],"replies":[{"embeddable":true,"href":"https:\/\/luxuryloftsinvenice.it\/de\/wp-json\/wp\/v2\/comments?post=181021"}],"version-history":[{"count":3,"href":"https:\/\/luxuryloftsinvenice.it\/de\/wp-json\/wp\/v2\/pages\/181021\/revisions"}],"predecessor-version":[{"id":181026,"href":"https:\/\/luxuryloftsinvenice.it\/de\/wp-json\/wp\/v2\/pages\/181021\/revisions\/181026"}],"wp:attachment":[{"href":"https:\/\/luxuryloftsinvenice.it\/de\/wp-json\/wp\/v2\/media?parent=181021"}],"curies":[{"name":"wp","href":"https:\/\/api.w.org\/{rel}","templated":true}]}}