{"id":181013,"date":"2023-02-01T14:00:04","date_gmt":"2023-02-01T14:00:04","guid":{"rendered":"https:\/\/luxuryloftsinvenice.it\/cookie-richtlinie\/"},"modified":"2023-02-01T14:00:04","modified_gmt":"2023-02-01T14:00:04","slug":"cookie-richtlinie","status":"publish","type":"page","link":"https:\/\/luxuryloftsinvenice.it\/de\/cookie-richtlinie\/","title":{"rendered":"Cookie-Richtlinie"},"content":{"rendered":"<h2>\u00dcber diese Cookie-Richtlinie<\/h2>\n<p>Diese Cookie-Richtlinie erkl\u00e4rt, was Cookies sind und wie wir sie verwenden, welche Arten von Cookies wir verwenden, welche Informationen wir mit Hilfe von Cookies sammeln und wie diese Informationen verwendet werden und wie Sie Ihre Cookie-Einstellungen kontrollieren k\u00f6nnen. Weitere Informationen dar\u00fcber, wie wir Ihre pers\u00f6nlichen Daten verwenden, speichern und sicher aufbewahren, finden Sie in unserer Datenschutzrichtlinie.<\/p>\n<p>Sie k\u00f6nnen Ihre Zustimmung jederzeit in der Cookie-Erkl\u00e4rung auf unserer Website \u00e4ndern oder widerrufen.<br \/>\nErfahren Sie mehr dar\u00fcber, wer wir sind, wie Sie uns kontaktieren k\u00f6nnen und wie wir mit pers\u00f6nlichen Daten umgehen, in unserer Datenschutzerkl\u00e4rung<\/p>\n<p>Ihr Einverst\u00e4ndnis gilt f\u00fcr die folgenden Domains: www.luxuryloftsinvenice.it<\/p>\n<p><a class=\"cky-banner-element\">Cookie-Einstellungen<\/a><\/p>\n<h2>Was sind Cookies?<\/h2>\n<div>Cookies sind kleine Textdateien, die dazu dienen, kleine Informationen zu speichern. Sie werden auf Ihrem Ger\u00e4t gespeichert, wenn die Website in Ihrem Browser geladen wird. Diese Cookies helfen uns, die Website ordnungsgem\u00e4\u00df zu betreiben, sie sicherer zu machen, eine bessere Benutzererfahrung zu bieten und zu verstehen, wie die Website funktioniert und zu analysieren, was funktioniert und wo sie verbessert werden muss.<\/div>\n<h2>Wie verwenden wir Cookies?<\/h2>\n<div>\n<p>Wie die meisten Online-Dienste verwendet auch unsere Website eigene und fremde Cookies f\u00fcr unterschiedliche Zwecke. Propriet\u00e4re Cookies sind in der Regel f\u00fcr das ordnungsgem\u00e4\u00dfe Funktionieren der Website erforderlich und erfassen keine personenbezogenen Daten.<\/p>\n<p>Die auf unserer Website verwendeten Cookies von Drittanbietern dienen haupts\u00e4chlich dazu, zu verstehen, wie die Website funktioniert, wie Sie mit unserer Website interagieren, unsere Dienste sicher zu halten, relevante Werbung f\u00fcr Sie bereitzustellen und Ihnen insgesamt ein besseres und verbessertes Benutzererlebnis zu bieten und Ihre zuk\u00fcnftigen Interaktionen mit unserer Website zu beschleunigen.<\/p>\n<\/div>\n<h2>Welche Arten von Cookies verwenden wir?<\/h2>\n<div class=\"cky-audit-table-element\"><\/div>\n<h2>Wie Sie Pr\u00e4ferenzen verwalten und Ihre Zustimmung erteilen oder widerrufen<\/h2>\n<p>Es gibt mehrere M\u00f6glichkeiten, die Pr\u00e4ferenzen f\u00fcr Tracking Tools zu verwalten und gegebenenfalls die Zustimmung zu erteilen oder zu widerrufen:<br \/>\nBenutzer k\u00f6nnen ihre Pr\u00e4ferenzen f\u00fcr Tracking-Tools direkt \u00fcber ihre Ger\u00e4teeinstellungen verwalten &#8211; sie k\u00f6nnen zum Beispiel die Verwendung oder Speicherung von Tracking-Tools verhindern.<br \/>\nWenn die Verwendung von Tracking-Tools von einer Zustimmung abh\u00e4ngig ist, kann der Nutzer diese Zustimmung erteilen oder widerrufen, indem er seine Pr\u00e4ferenzen in der Cookie-Richtlinie festlegt oder indem er diese Pr\u00e4ferenzen \u00fcber das Tracking-Einstellungs-Widget aktualisiert, falls vorhanden.<br \/>\nEs ist auch m\u00f6glich, zuvor gespeicherte Tracking Tools mit Hilfe spezieller Browser- oder Ger\u00e4tefunktionen zu entfernen.<br \/>\nAndere Tracking Tools im lokalen Browser-Speicher k\u00f6nnen durch L\u00f6schen des Browserverlaufs entfernt werden.<br \/>\nIn Bezug auf Tracking-Tools von Dritten k\u00f6nnen Nutzer ihre Pr\u00e4ferenzen verwalten und ihre Zustimmung widerrufen, indem sie den entsprechenden Opt-Out-Link (falls vorhanden) aufrufen, die in der Datenschutzrichtlinie des Dritten beschriebenen Tools verwenden oder den Dritten direkt kontaktieren.<br \/>\nDie Einstellungen f\u00fcr Tracking-Tools finden Sie zum Beispiel unter den folgenden Adressen. Dort erfahren Sie, wie Sie Cookies in einigen der g\u00e4ngigsten Browser verwalten k\u00f6nnen:<\/p>\n<ul>\n<li><a href=\"https:\/\/support.google.com\/chrome\/answer\/95647?hl=it&amp;p=cpn_cookies\" target=\"_blank\" rel=\"noopener\">Google Chrome<\/a><\/li>\n<li><a href=\"https:\/\/support.mozilla.org\/it\/kb\/protezione-antitracciamento-avanzata-firefox-desktop?redirectslug=Attivare+e+disattivare+i+cookie&amp;redirectlocale=it\" target=\"_blank\" rel=\"noopener\">Mozilla Firefox<\/a><\/li>\n<li><a href=\"https:\/\/support.apple.com\/it-it\/guide\/safari\/sfri11471\/mac\" target=\"_blank\" rel=\"noopener\">Apple Safari<\/a><\/li>\n<li><a href=\"https:\/\/support.microsoft.com\/it-it\/windows\/eliminare-e-gestire-i-cookie-168dab11-0753-043d-7c16-ede5947fc64d\" target=\"_blank\" rel=\"noopener\">Microsoft Internet Explorer<\/a><\/li>\n<li><a href=\"https:\/\/support.microsoft.com\/it-it\/microsoft-edge\/eliminare-i-cookie-in-microsoft-edge-63947406-40ac-c3b8-57b9-2a946a29ae09\" target=\"_blank\" rel=\"noopener\">Microsoft Edge<\/a><\/li>\n<li><a href=\"https:\/\/support.brave.com\/hc\/en-us\/articles\/360022806212-How-do-I-use-Shields-while-browsing\" target=\"_blank\" rel=\"noopener\">Tapfer<\/a><\/li>\n<li><a href=\"https:\/\/help.opera.com\/en\/latest\/web-preferences\/#cookies\" target=\"_blank\" rel=\"noopener\">Oper<\/a><\/li>\n<\/ul>\n<p><\/p>\n<p>Benutzer k\u00f6nnen auch bestimmte Mobile Application Tracking Tools verwalten, indem sie diese \u00fcber die entsprechenden Ger\u00e4teeinstellungen deaktivieren, wie z.B. die Einstellungen f\u00fcr mobile Werbung oder die Tracking-Einstellungen im Allgemeinen (Benutzer k\u00f6nnen ihre Ger\u00e4teeinstellungen konsultieren, um die entsprechenden Einstellungen zu finden).<br \/>\nWie Sie interessenbezogene Werbung deaktivieren k\u00f6nnen Ungeachtet des Vorstehenden werden die Nutzer \u00fcber die M\u00f6glichkeit informiert, die Informationen auf YourOnlineChoices (EU), Network Advertising Initiative (USA) und Digital Advertising Alliance (USA), DAAC (Kanada), DDAI (Japan) oder anderen \u00e4hnlichen Diensten zu nutzen. Mit diesen Diensten ist es m\u00f6glich, die Tracking-Einstellungen der meisten Werbetools zu verwalten. Der Inhaber r\u00e4t den Nutzern daher, diese Ressourcen zus\u00e4tzlich zu den hier bereitgestellten Informationen zu nutzen.<br \/>\nDie Digital Advertising Alliance bietet auch eine Anwendung namens AppChoices an, die Benutzern hilft, verhaltensbezogene Werbung in mobilen Anwendungen zu kontrollieren.<\/p>\n<p>Folgen der Verweigerung der Zustimmung Es steht den Nutzern frei zu entscheiden, ob sie ihre Zustimmung geben oder nicht. Bitte beachten Sie jedoch, dass die Tracking-Tools diese Website in die Lage versetzen, den Nutzern ein besseres Erlebnis und erweiterte Funktionen zu bieten (im Einklang mit den in diesem Dokument beschriebenen Zwecken). Daher kann der f\u00fcr die Verarbeitung Verantwortliche ohne die Zustimmung des Nutzers m\u00f6glicherweise nicht in der Lage sein, die entsprechenden Funktionalit\u00e4ten bereitzustellen.<\/p>\n","protected":false},"excerpt":{"rendered":"<p>\u00dcber diese Cookie-Richtlinie Diese Cookie-Richtlinie erkl\u00e4rt, was Cookies sind und wie wir sie verwenden, welche Arten von Cookies wir verwenden, welche Informationen wir mit Hilfe von Cookies sammeln und wie diese Informationen verwendet werden und wie Sie Ihre Cookie-Einstellungen kontrollieren k\u00f6nnen. Weitere Informationen dar\u00fcber, wie wir Ihre pers\u00f6nlichen Daten verwenden, speichern und sicher aufbewahren, finden [&hellip;]<\/p>\n","protected":false},"author":1,"featured_media":0,"parent":0,"menu_order":0,"comment_status":"closed","ping_status":"closed","template":"","meta":{"_acf_changed":false,"footnotes":""},"class_list":["post-181013","page","type-page","status-publish","hentry"],"acf":[],"yoast_head":"<!-- This site is optimized with the Yoast SEO plugin v26.0 - https:\/\/yoast.com\/wordpress\/plugins\/seo\/ -->\n<title>Cookie-Richtlinie - Luxury Lofts in Venice<\/title>\n<meta name=\"robots\" content=\"index, follow, max-snippet:-1, max-image-preview:large, max-video-preview:-1\" \/>\n<link rel=\"canonical\" href=\"https:\/\/luxuryloftsinvenice.it\/de\/cookie-richtlinie\/\" \/>\n<meta property=\"og:locale\" content=\"de_DE\" \/>\n<meta property=\"og:type\" content=\"article\" \/>\n<meta property=\"og:title\" content=\"Cookie-Richtlinie - Luxury Lofts in Venice\" \/>\n<meta property=\"og:description\" content=\"\u00dcber diese Cookie-Richtlinie Diese Cookie-Richtlinie erkl\u00e4rt, was Cookies sind und wie wir sie verwenden, welche Arten von Cookies wir verwenden, welche Informationen wir mit Hilfe von Cookies sammeln und wie diese Informationen verwendet werden und wie Sie Ihre Cookie-Einstellungen kontrollieren k\u00f6nnen. Weitere Informationen dar\u00fcber, wie wir Ihre pers\u00f6nlichen Daten verwenden, speichern und sicher aufbewahren, finden [&hellip;]\" \/>\n<meta property=\"og:url\" content=\"https:\/\/luxuryloftsinvenice.it\/de\/cookie-richtlinie\/\" \/>\n<meta property=\"og:site_name\" content=\"Luxury Lofts in Venice\" \/>\n<meta property=\"og:image\" content=\"https:\/\/luxuryloftsinvenice.it\/wp-content\/uploads\/2019\/09\/luxuryinvenice_end.png\" \/>\n\t<meta property=\"og:image:width\" content=\"583\" \/>\n\t<meta property=\"og:image:height\" content=\"292\" \/>\n\t<meta property=\"og:image:type\" content=\"image\/png\" \/>\n<meta name=\"twitter:card\" content=\"summary_large_image\" \/>\n<meta name=\"twitter:label1\" content=\"Gesch\u00e4tzte Lesezeit\" \/>\n\t<meta name=\"twitter:data1\" content=\"4\u00a0Minuten\" \/>\n<script type=\"application\/ld+json\" class=\"yoast-schema-graph\">{\"@context\":\"https:\/\/schema.org\",\"@graph\":[{\"@type\":\"WebPage\",\"@id\":\"https:\/\/luxuryloftsinvenice.it\/de\/cookie-richtlinie\/\",\"url\":\"https:\/\/luxuryloftsinvenice.it\/de\/cookie-richtlinie\/\",\"name\":\"Cookie-Richtlinie - Luxury Lofts in Venice\",\"isPartOf\":{\"@id\":\"https:\/\/luxuryloftsinvenice.it\/de\/#website\"},\"datePublished\":\"2023-02-01T14:00:04+00:00\",\"breadcrumb\":{\"@id\":\"https:\/\/luxuryloftsinvenice.it\/de\/cookie-richtlinie\/#breadcrumb\"},\"inLanguage\":\"de\",\"potentialAction\":[{\"@type\":\"ReadAction\",\"target\":[\"https:\/\/luxuryloftsinvenice.it\/de\/cookie-richtlinie\/\"]}]},{\"@type\":\"BreadcrumbList\",\"@id\":\"https:\/\/luxuryloftsinvenice.it\/de\/cookie-richtlinie\/#breadcrumb\",\"itemListElement\":[{\"@type\":\"ListItem\",\"position\":1,\"name\":\"Home\",\"item\":\"https:\/\/luxuryloftsinvenice.it\/de\/\"},{\"@type\":\"ListItem\",\"position\":2,\"name\":\"Cookie-Richtlinie\"}]},{\"@type\":\"WebSite\",\"@id\":\"https:\/\/luxuryloftsinvenice.it\/de\/#website\",\"url\":\"https:\/\/luxuryloftsinvenice.it\/de\/\",\"name\":\"Luxury Lofts in Venice\",\"description\":\"Appartamenti a Venezia\",\"publisher\":{\"@id\":\"https:\/\/luxuryloftsinvenice.it\/de\/#organization\"},\"potentialAction\":[{\"@type\":\"SearchAction\",\"target\":{\"@type\":\"EntryPoint\",\"urlTemplate\":\"https:\/\/luxuryloftsinvenice.it\/de\/?s={search_term_string}\"},\"query-input\":{\"@type\":\"PropertyValueSpecification\",\"valueRequired\":true,\"valueName\":\"search_term_string\"}}],\"inLanguage\":\"de\"},{\"@type\":\"Organization\",\"@id\":\"https:\/\/luxuryloftsinvenice.it\/de\/#organization\",\"name\":\"Luxury Lofts in Venice\",\"url\":\"https:\/\/luxuryloftsinvenice.it\/de\/\",\"logo\":{\"@type\":\"ImageObject\",\"inLanguage\":\"de\",\"@id\":\"https:\/\/luxuryloftsinvenice.it\/de\/#\/schema\/logo\/image\/\",\"url\":\"https:\/\/luxuryloftsinvenice.it\/wp-content\/uploads\/2019\/09\/luxuryinvenice_end.png\",\"contentUrl\":\"https:\/\/luxuryloftsinvenice.it\/wp-content\/uploads\/2019\/09\/luxuryinvenice_end.png\",\"width\":583,\"height\":292,\"caption\":\"Luxury Lofts in Venice\"},\"image\":{\"@id\":\"https:\/\/luxuryloftsinvenice.it\/de\/#\/schema\/logo\/image\/\"}}]}<\/script>\n<!-- \/ Yoast SEO plugin. -->","yoast_head_json":{"title":"Cookie-Richtlinie - Luxury Lofts in Venice","robots":{"index":"index","follow":"follow","max-snippet":"max-snippet:-1","max-image-preview":"max-image-preview:large","max-video-preview":"max-video-preview:-1"},"canonical":"https:\/\/luxuryloftsinvenice.it\/de\/cookie-richtlinie\/","og_locale":"de_DE","og_type":"article","og_title":"Cookie-Richtlinie - Luxury Lofts in Venice","og_description":"\u00dcber diese Cookie-Richtlinie Diese Cookie-Richtlinie erkl\u00e4rt, was Cookies sind und wie wir sie verwenden, welche Arten von Cookies wir verwenden, welche Informationen wir mit Hilfe von Cookies sammeln und wie diese Informationen verwendet werden und wie Sie Ihre Cookie-Einstellungen kontrollieren k\u00f6nnen. Weitere Informationen dar\u00fcber, wie wir Ihre pers\u00f6nlichen Daten verwenden, speichern und sicher aufbewahren, finden [&hellip;]","og_url":"https:\/\/luxuryloftsinvenice.it\/de\/cookie-richtlinie\/","og_site_name":"Luxury Lofts in Venice","og_image":[{"width":583,"height":292,"url":"https:\/\/luxuryloftsinvenice.it\/wp-content\/uploads\/2019\/09\/luxuryinvenice_end.png","type":"image\/png"}],"twitter_card":"summary_large_image","twitter_misc":{"Gesch\u00e4tzte Lesezeit":"4\u00a0Minuten"},"schema":{"@context":"https:\/\/schema.org","@graph":[{"@type":"WebPage","@id":"https:\/\/luxuryloftsinvenice.it\/de\/cookie-richtlinie\/","url":"https:\/\/luxuryloftsinvenice.it\/de\/cookie-richtlinie\/","name":"Cookie-Richtlinie - Luxury Lofts in Venice","isPartOf":{"@id":"https:\/\/luxuryloftsinvenice.it\/de\/#website"},"datePublished":"2023-02-01T14:00:04+00:00","breadcrumb":{"@id":"https:\/\/luxuryloftsinvenice.it\/de\/cookie-richtlinie\/#breadcrumb"},"inLanguage":"de","potentialAction":[{"@type":"ReadAction","target":["https:\/\/luxuryloftsinvenice.it\/de\/cookie-richtlinie\/"]}]},{"@type":"BreadcrumbList","@id":"https:\/\/luxuryloftsinvenice.it\/de\/cookie-richtlinie\/#breadcrumb","itemListElement":[{"@type":"ListItem","position":1,"name":"Home","item":"https:\/\/luxuryloftsinvenice.it\/de\/"},{"@type":"ListItem","position":2,"name":"Cookie-Richtlinie"}]},{"@type":"WebSite","@id":"https:\/\/luxuryloftsinvenice.it\/de\/#website","url":"https:\/\/luxuryloftsinvenice.it\/de\/","name":"Luxury Lofts in Venice","description":"Appartamenti a Venezia","publisher":{"@id":"https:\/\/luxuryloftsinvenice.it\/de\/#organization"},"potentialAction":[{"@type":"SearchAction","target":{"@type":"EntryPoint","urlTemplate":"https:\/\/luxuryloftsinvenice.it\/de\/?s={search_term_string}"},"query-input":{"@type":"PropertyValueSpecification","valueRequired":true,"valueName":"search_term_string"}}],"inLanguage":"de"},{"@type":"Organization","@id":"https:\/\/luxuryloftsinvenice.it\/de\/#organization","name":"Luxury Lofts in Venice","url":"https:\/\/luxuryloftsinvenice.it\/de\/","logo":{"@type":"ImageObject","inLanguage":"de","@id":"https:\/\/luxuryloftsinvenice.it\/de\/#\/schema\/logo\/image\/","url":"https:\/\/luxuryloftsinvenice.it\/wp-content\/uploads\/2019\/09\/luxuryinvenice_end.png","contentUrl":"https:\/\/luxuryloftsinvenice.it\/wp-content\/uploads\/2019\/09\/luxuryinvenice_end.png","width":583,"height":292,"caption":"Luxury Lofts in Venice"},"image":{"@id":"https:\/\/luxuryloftsinvenice.it\/de\/#\/schema\/logo\/image\/"}}]}},"_links":{"self":[{"href":"https:\/\/luxuryloftsinvenice.it\/de\/wp-json\/wp\/v2\/pages\/181013","targetHints":{"allow":["GET"]}}],"collection":[{"href":"https:\/\/luxuryloftsinvenice.it\/de\/wp-json\/wp\/v2\/pages"}],"about":[{"href":"https:\/\/luxuryloftsinvenice.it\/de\/wp-json\/wp\/v2\/types\/page"}],"author":[{"embeddable":true,"href":"https:\/\/luxuryloftsinvenice.it\/de\/wp-json\/wp\/v2\/users\/1"}],"replies":[{"embeddable":true,"href":"https:\/\/luxuryloftsinvenice.it\/de\/wp-json\/wp\/v2\/comments?post=181013"}],"version-history":[{"count":0,"href":"https:\/\/luxuryloftsinvenice.it\/de\/wp-json\/wp\/v2\/pages\/181013\/revisions"}],"wp:attachment":[{"href":"https:\/\/luxuryloftsinvenice.it\/de\/wp-json\/wp\/v2\/media?parent=181013"}],"curies":[{"name":"wp","href":"https:\/\/api.w.org\/{rel}","templated":true}]}}